{"id":1329673,"date":"2026-04-20T03:34:10","date_gmt":"2026-04-20T02:34:10","guid":{"rendered":"https:\/\/hoogeveenplants.nl\/p\/ribes-uva-crispa-hinnonmaki-rod\/"},"modified":"2026-04-20T03:54:36","modified_gmt":"2026-04-20T02:54:36","slug":"ribes-uva-crispa-hinnonmaki-rod","status":"publish","type":"product","link":"https:\/\/hoogeveenplants.nl\/en\/p\/ribes-uva-crispa-hinnonmaki-rod\/","title":{"rendered":"Ribes uva-crispa &#8216;Hinnonm\u00e4ki R\u00f6d&#8217;"},"content":{"rendered":"<p>Ribes uva-crispa Hinnonmaki R\u00f6d&#8217; is a red gooseberry or also called gooseberry. The shrub is prickly and grows to 75 cm in height. The leaves are softly haired on the underside. The gooseberry blooms in April with inconspicuous greenish flowers which are attractive to bees and bumblebees. The fruits are medium-sized, round and dark red in colour and can be picked around July and August. The berries are deliciously juicy and have a fresh and slightly sour taste. They are formed in bunches and are immediately edible. Be careful of the sharp thorns on the bush when picking! The shrub is resistant to frost so it will certainly survive the winter. In the winter, it loses its leaves and this is the right time to prune it. It prefers an open, sunny and not too humid soil.<\/p>\n","protected":false},"excerpt":{"rendered":"<p>Ribes uva-crispa Hinnonmaki R\u00f6d&#8217; is a red gooseberry or also called gooseberry. The shrub is prickly and grows to 75 cm in height. The leaves are softly haired on the underside. The gooseberry blooms in April with inconspicuous greenish flowers which are attractive to bees and bumblebees. The fruits are medium-sized, round and dark red [&hellip;]<\/p>\n","protected":false},"featured_media":0,"template":"","meta":{"_acf_changed":false},"product_brand":[],"product_cat":[212],"product_tag":[],"class_list":{"0":"post-1329673","1":"product","2":"type-product","3":"status-publish","5":"product_cat-100-fruit","6":"pa_bloemvruchtkleur-red","7":"pa_location-partial-shade","8":"pa_location-sun","9":"pa_max-height-17","11":"first","12":"instock","13":"product-type-simple"},"acf":[],"_links":{"self":[{"href":"https:\/\/hoogeveenplants.nl\/en\/wp-json\/wp\/v2\/product\/1329673","targetHints":{"allow":["GET"]}}],"collection":[{"href":"https:\/\/hoogeveenplants.nl\/en\/wp-json\/wp\/v2\/product"}],"about":[{"href":"https:\/\/hoogeveenplants.nl\/en\/wp-json\/wp\/v2\/types\/product"}],"wp:attachment":[{"href":"https:\/\/hoogeveenplants.nl\/en\/wp-json\/wp\/v2\/media?parent=1329673"}],"wp:term":[{"taxonomy":"product_brand","embeddable":true,"href":"https:\/\/hoogeveenplants.nl\/en\/wp-json\/wp\/v2\/product_brand?post=1329673"},{"taxonomy":"product_cat","embeddable":true,"href":"https:\/\/hoogeveenplants.nl\/en\/wp-json\/wp\/v2\/product_cat?post=1329673"},{"taxonomy":"product_tag","embeddable":true,"href":"https:\/\/hoogeveenplants.nl\/en\/wp-json\/wp\/v2\/product_tag?post=1329673"}],"curies":[{"name":"wp","href":"https:\/\/api.w.org\/{rel}","templated":true}]}}