{"id":1354020,"date":"2026-05-10T03:34:28","date_gmt":"2026-05-10T02:34:28","guid":{"rendered":"https:\/\/hoogeveenplants.nl\/p\/vaccinium-corymbosum-blue-dessert\/"},"modified":"2026-05-10T03:46:37","modified_gmt":"2026-05-10T02:46:37","slug":"vaccinium-corymbosum-blue-dessert","status":"publish","type":"product","link":"https:\/\/hoogeveenplants.nl\/de\/p\/vaccinium-corymbosum-blue-dessert\/","title":{"rendered":"Vaccinium corymbosum &#8218;Blue Dessert&#8217;\u00ae"},"content":{"rendered":"<p>Leckeres gr\u00fcnes Obst aus 100% biologischem Anbau. Das bedeutet, dass beim Anbau nur pflanzliche und tierische Materialien verwendet wurden. Der Topf und das Etikett bestehen aus recyceltem Kunststoff und sind somit eine saubere L\u00f6sung f\u00fcr die Umwelt.<br \/>\nVaccinium corymbosum Blue Dessert&#8216; ist eine Heidelbeere, auch Amerikanische Heidelbeere genannt. Der Strauch wird bis zu 100 cm hoch und geh\u00f6rt zu den kleinen Heidelbeerarten. Sie w\u00e4chst nur in sauren B\u00f6den, sandige B\u00f6den und torfige B\u00f6den sind f\u00fcr diese Pflanze geeignet. Wenn Sie die Pflanze in Lehmboden setzen wollen, m\u00fcssen Sie saure Erde hinzuf\u00fcgen, damit die Pflanze \u00fcberleben kann. Sie hat d\u00fcnne \u00c4ste und kleine, frischgr\u00fcne Bl\u00e4tter. Die Heidelbeere bl\u00fcht in B\u00fcscheln, und die Bl\u00fcte ist cremewei\u00df bis rosa gef\u00e4rbt. Die Bl\u00fcte erfolgt in der ersten Maih\u00e4lfte. Sie ist eine kr\u00e4ftige Pflanze, die sehr viele Fr\u00fcchte tr\u00e4gt. Die Beeren sind mittelgro\u00df, hellblau, fest und haben einen k\u00f6stlichen Geschmack. Sie enthalten viele Antioxidantien, also super gesund! Sie k\u00f6nnen von Mitte Juli bis Mitte August gepfl\u00fcckt werden. Frische Heidelbeeren sind eine Woche lang haltbar, k\u00f6nnen aber auch eingefroren werden. Diese Pflanze ist selbstbest\u00e4ubend und ben\u00f6tigt fast keine Pflege. Sch\u00fctzen Sie die Beeren mit einem Netz vor V\u00f6geln. Die Pflanze ist widerstandsf\u00e4hig und resistent gegen Krankheiten.<\/p>\n","protected":false},"excerpt":{"rendered":"<p>Leckeres gr\u00fcnes Obst aus 100% biologischem Anbau. Das bedeutet, dass beim Anbau nur pflanzliche und tierische Materialien verwendet wurden. Der Topf und das Etikett bestehen aus recyceltem Kunststoff und sind somit eine saubere L\u00f6sung f\u00fcr die Umwelt. Vaccinium corymbosum Blue Dessert&#8216; ist eine Heidelbeere, auch Amerikanische Heidelbeere genannt. Der Strauch wird bis zu 100 cm [&hellip;]<\/p>\n","protected":false},"featured_media":0,"template":"","meta":{"_acf_changed":false},"product_brand":[],"product_cat":[253,213],"product_tag":[],"class_list":{"0":"post-1354020","1":"product","2":"type-product","3":"status-publish","5":"product_cat-lubera","6":"product_cat-tasty-green","7":"pa_bloemvruchtkleur-blau","8":"pa_location-halbschattig","9":"pa_location-sonnig","10":"pa_max-height-33","12":"first","13":"instock","14":"product-type-simple"},"acf":[],"_links":{"self":[{"href":"https:\/\/hoogeveenplants.nl\/de\/wp-json\/wp\/v2\/product\/1354020","targetHints":{"allow":["GET"]}}],"collection":[{"href":"https:\/\/hoogeveenplants.nl\/de\/wp-json\/wp\/v2\/product"}],"about":[{"href":"https:\/\/hoogeveenplants.nl\/de\/wp-json\/wp\/v2\/types\/product"}],"wp:attachment":[{"href":"https:\/\/hoogeveenplants.nl\/de\/wp-json\/wp\/v2\/media?parent=1354020"}],"wp:term":[{"taxonomy":"product_brand","embeddable":true,"href":"https:\/\/hoogeveenplants.nl\/de\/wp-json\/wp\/v2\/product_brand?post=1354020"},{"taxonomy":"product_cat","embeddable":true,"href":"https:\/\/hoogeveenplants.nl\/de\/wp-json\/wp\/v2\/product_cat?post=1354020"},{"taxonomy":"product_tag","embeddable":true,"href":"https:\/\/hoogeveenplants.nl\/de\/wp-json\/wp\/v2\/product_tag?post=1354020"}],"curies":[{"name":"wp","href":"https:\/\/api.w.org\/{rel}","templated":true}]}}