{"id":1347987,"date":"2026-05-05T03:36:33","date_gmt":"2026-05-05T02:36:33","guid":{"rendered":"https:\/\/hoogeveenplants.nl\/p\/miscanthus-sinensis-giganteus\/"},"modified":"2026-05-05T03:48:25","modified_gmt":"2026-05-05T02:48:25","slug":"miscanthus-sinensis-giganteus","status":"publish","type":"product","link":"https:\/\/hoogeveenplants.nl\/de\/p\/miscanthus-sinensis-giganteus\/","title":{"rendered":"Miscanthus sinensis &#8218;Giganteus&#8216;"},"content":{"rendered":"<p>Gro\u00dfer gr\u00fcner Miscanthus-Riese, der sch\u00f6ne gro\u00dfe gr\u00fcne schilfartige St\u00e4ngel treibt<\/p>\n","protected":false},"excerpt":{"rendered":"<p>Gro\u00dfer gr\u00fcner Miscanthus-Riese, der sch\u00f6ne gro\u00dfe gr\u00fcne schilfartige St\u00e4ngel treibt<\/p>\n","protected":false},"featured_media":0,"template":"","meta":{"_acf_changed":false},"product_brand":[],"product_cat":[22,289],"product_tag":[],"class_list":{"0":"post-1347987","1":"product","2":"type-product","3":"status-publish","5":"product_cat-elegrass","6":"product_cat-hardy-ornamentals","7":"pa_bloemvruchtkleur-gruen","8":"pa_location-halbschattig","9":"pa_location-sonnig","10":"pa_max-height-56","12":"first","13":"instock","14":"product-type-simple"},"acf":[],"_links":{"self":[{"href":"https:\/\/hoogeveenplants.nl\/de\/wp-json\/wp\/v2\/product\/1347987","targetHints":{"allow":["GET"]}}],"collection":[{"href":"https:\/\/hoogeveenplants.nl\/de\/wp-json\/wp\/v2\/product"}],"about":[{"href":"https:\/\/hoogeveenplants.nl\/de\/wp-json\/wp\/v2\/types\/product"}],"wp:attachment":[{"href":"https:\/\/hoogeveenplants.nl\/de\/wp-json\/wp\/v2\/media?parent=1347987"}],"wp:term":[{"taxonomy":"product_brand","embeddable":true,"href":"https:\/\/hoogeveenplants.nl\/de\/wp-json\/wp\/v2\/product_brand?post=1347987"},{"taxonomy":"product_cat","embeddable":true,"href":"https:\/\/hoogeveenplants.nl\/de\/wp-json\/wp\/v2\/product_cat?post=1347987"},{"taxonomy":"product_tag","embeddable":true,"href":"https:\/\/hoogeveenplants.nl\/de\/wp-json\/wp\/v2\/product_tag?post=1347987"}],"curies":[{"name":"wp","href":"https:\/\/api.w.org\/{rel}","templated":true}]}}