{"id":1343049,"date":"2026-05-01T03:38:05","date_gmt":"2026-05-01T02:38:05","guid":{"rendered":"https:\/\/hoogeveenplants.nl\/p\/ribes-nigrum-titania\/"},"modified":"2026-05-01T03:46:33","modified_gmt":"2026-05-01T02:46:33","slug":"ribes-nigrum-titania","status":"publish","type":"product","link":"https:\/\/hoogeveenplants.nl\/de\/p\/ribes-nigrum-titania\/","title":{"rendered":"Ribes nigrum &#8218;Titania&#8216;"},"content":{"rendered":"<p>Ribes Nigrum Titania&#8216; ist eine schwarze Johannisbeere. Der Johannisbeerstrauch ist mittelgro\u00df und verliert im Winter seine Bl\u00e4tter. Die Pflanze ist vor allem f\u00fcr das Cassis-Getr\u00e4nk bekannt, das aus ihren Beeren hergestellt wird. Diese Beerenart produziert in jungen Jahren eine gro\u00dfe Anzahl von Beeren. Die schwarze Johannisbeere bl\u00fcht im April mit gr\u00fcn-wei\u00dfen Bl\u00fcten in B\u00fcscheln. Die Fr\u00fcchte h\u00e4ngen in langen Trauben und sind schwarz.  Sie sind sehr reich an Vitamin C und Mineralien. Sie k\u00f6nnen lose verzehrt werden, schmecken aber am besten, wenn sie zu Saft oder Marmelade verarbeitet werden. F\u00fcr einen optimalen Ertrag und s\u00fc\u00dfere Beeren ben\u00f6tigt der Strauch direktes Sonnenlicht. Die Beeren k\u00f6nnen ab Ende Juni gepfl\u00fcckt werden. Der R\u00fcckschnitt erfolgt am besten nach der Erntezeit, wobei nur die abgestorbenen Zweige entfernt werden. Sie ist pflegeleicht und tr\u00e4gt bereits nach einem Jahr Fr\u00fcchte.<\/p>\n","protected":false},"excerpt":{"rendered":"<p>Ribes Nigrum Titania&#8216; ist eine schwarze Johannisbeere. Der Johannisbeerstrauch ist mittelgro\u00df und verliert im Winter seine Bl\u00e4tter. Die Pflanze ist vor allem f\u00fcr das Cassis-Getr\u00e4nk bekannt, das aus ihren Beeren hergestellt wird. Diese Beerenart produziert in jungen Jahren eine gro\u00dfe Anzahl von Beeren. Die schwarze Johannisbeere bl\u00fcht im April mit gr\u00fcn-wei\u00dfen Bl\u00fcten in B\u00fcscheln. Die [&hellip;]<\/p>\n","protected":false},"featured_media":0,"template":"","meta":{"_acf_changed":false},"product_brand":[],"product_cat":[212],"product_tag":[],"class_list":{"0":"post-1343049","1":"product","2":"type-product","3":"status-publish","5":"product_cat-100-fruit","6":"pa_bloemvruchtkleur-schwarz","7":"pa_location-halbschattig","8":"pa_location-sonnig","9":"pa_max-height-17","11":"first","12":"instock","13":"product-type-simple"},"acf":[],"_links":{"self":[{"href":"https:\/\/hoogeveenplants.nl\/de\/wp-json\/wp\/v2\/product\/1343049","targetHints":{"allow":["GET"]}}],"collection":[{"href":"https:\/\/hoogeveenplants.nl\/de\/wp-json\/wp\/v2\/product"}],"about":[{"href":"https:\/\/hoogeveenplants.nl\/de\/wp-json\/wp\/v2\/types\/product"}],"wp:attachment":[{"href":"https:\/\/hoogeveenplants.nl\/de\/wp-json\/wp\/v2\/media?parent=1343049"}],"wp:term":[{"taxonomy":"product_brand","embeddable":true,"href":"https:\/\/hoogeveenplants.nl\/de\/wp-json\/wp\/v2\/product_brand?post=1343049"},{"taxonomy":"product_cat","embeddable":true,"href":"https:\/\/hoogeveenplants.nl\/de\/wp-json\/wp\/v2\/product_cat?post=1343049"},{"taxonomy":"product_tag","embeddable":true,"href":"https:\/\/hoogeveenplants.nl\/de\/wp-json\/wp\/v2\/product_tag?post=1343049"}],"curies":[{"name":"wp","href":"https:\/\/api.w.org\/{rel}","templated":true}]}}