{"id":1340531,"date":"2026-04-29T03:36:48","date_gmt":"2026-04-29T02:36:48","guid":{"rendered":"https:\/\/hoogeveenplants.nl\/p\/helleborus-argutifolius\/"},"modified":"2026-04-29T03:48:26","modified_gmt":"2026-04-29T02:48:26","slug":"helleborus-argutifolius","status":"publish","type":"product","link":"https:\/\/hoogeveenplants.nl\/de\/p\/helleborus-argutifolius\/","title":{"rendered":"Helleborus argutifolius"},"content":{"rendered":"<p>Helleborus argutifolius bl\u00fcht in der Zeit von Januar bis April. Die nickenden Bl\u00fcten haben eine gr\u00fcne Farbe. Das Blatt von Helleborus lividus hat eine gr\u00fcne Farbe und der Blattrand ist mit feinen, scharfen Z\u00e4hnen besetzt. Die H\u00f6he von Helleborus argutifolius betr\u00e4gt etwa 50-70 cm. Der Lebensraum sollte halbschattig oder schattig sein. Helleborus argutifolius steht gerne an einem gesch\u00fctzten Ort. Das Blatt bleibt auch im Winter gr\u00fcn. Helleborus argutifolius kann zu einer gro\u00dfen Pflanze heranwachsen.<\/p>\n","protected":false},"excerpt":{"rendered":"<p>Helleborus argutifolius bl\u00fcht in der Zeit von Januar bis April. Die nickenden Bl\u00fcten haben eine gr\u00fcne Farbe. Das Blatt von Helleborus lividus hat eine gr\u00fcne Farbe und der Blattrand ist mit feinen, scharfen Z\u00e4hnen besetzt. Die H\u00f6he von Helleborus argutifolius betr\u00e4gt etwa 50-70 cm. Der Lebensraum sollte halbschattig oder schattig sein. Helleborus argutifolius steht gerne [&hellip;]<\/p>\n","protected":false},"featured_media":0,"template":"","meta":{"_acf_changed":false},"product_brand":[],"product_cat":[55],"product_tag":[],"class_list":{"0":"post-1340531","1":"product","2":"type-product","3":"status-publish","5":"product_cat-hello-helleborus","6":"pa_bloemvruchtkleur-gruen","7":"pa_location-halbschattig","8":"pa_max-height-85","10":"first","11":"instock","12":"product-type-simple"},"acf":[],"_links":{"self":[{"href":"https:\/\/hoogeveenplants.nl\/de\/wp-json\/wp\/v2\/product\/1340531","targetHints":{"allow":["GET"]}}],"collection":[{"href":"https:\/\/hoogeveenplants.nl\/de\/wp-json\/wp\/v2\/product"}],"about":[{"href":"https:\/\/hoogeveenplants.nl\/de\/wp-json\/wp\/v2\/types\/product"}],"wp:attachment":[{"href":"https:\/\/hoogeveenplants.nl\/de\/wp-json\/wp\/v2\/media?parent=1340531"}],"wp:term":[{"taxonomy":"product_brand","embeddable":true,"href":"https:\/\/hoogeveenplants.nl\/de\/wp-json\/wp\/v2\/product_brand?post=1340531"},{"taxonomy":"product_cat","embeddable":true,"href":"https:\/\/hoogeveenplants.nl\/de\/wp-json\/wp\/v2\/product_cat?post=1340531"},{"taxonomy":"product_tag","embeddable":true,"href":"https:\/\/hoogeveenplants.nl\/de\/wp-json\/wp\/v2\/product_tag?post=1340531"}],"curies":[{"name":"wp","href":"https:\/\/api.w.org\/{rel}","templated":true}]}}