{"id":1340308,"date":"2026-04-29T03:32:38","date_gmt":"2026-04-29T02:32:38","guid":{"rendered":"https:\/\/hoogeveenplants.nl\/p\/rubus-idaeus-fallgold\/"},"modified":"2026-04-29T03:46:37","modified_gmt":"2026-04-29T02:46:37","slug":"rubus-idaeus-fallgold","status":"publish","type":"product","link":"https:\/\/hoogeveenplants.nl\/de\/p\/rubus-idaeus-fallgold\/","title":{"rendered":"Rubus idaeus &#8218;Fallgold&#8216;"},"content":{"rendered":"<p>Rubus Idaeus Fallgold&#8216; ist eine ungew\u00f6hnliche Herbsthimbeere, da die Fr\u00fcchte gelb sind. Sie schmecken etwas weicher und s\u00fc\u00dfer als die bekannten rosa Himbeeren. Im Juni bl\u00fcht der Strauch mit unauff\u00e4lligen, kleinen wei\u00df-rosa Bl\u00fcten. Die Bl\u00fcten werden von Bienen und Hummeln best\u00e4ubt, so dass man nur eine Pflanze braucht, um Fr\u00fcchte zu bekommen. Im Laufe des Sommers bis Oktober k\u00f6nnen die gelben Himbeeren geerntet werden. Sie sind besonders schmackhaft, wenn sie direkt vom Strauch gegessen werden, da diese weichen Fr\u00fcchte nicht so lange haltbar sind. Die Frucht ist sehr gesund, da sie reich an Antioxidantien, Mineralien und Vitaminen ist. Nach der Ernte ist es ratsam, die Zweige, die Fr\u00fcchte getragen haben, zu entfernen, damit im neuen Jahr neue junge Zweige wachsen k\u00f6nnen.<\/p>\n","protected":false},"excerpt":{"rendered":"<p>Rubus Idaeus Fallgold&#8216; ist eine ungew\u00f6hnliche Herbsthimbeere, da die Fr\u00fcchte gelb sind. Sie schmecken etwas weicher und s\u00fc\u00dfer als die bekannten rosa Himbeeren. Im Juni bl\u00fcht der Strauch mit unauff\u00e4lligen, kleinen wei\u00df-rosa Bl\u00fcten. Die Bl\u00fcten werden von Bienen und Hummeln best\u00e4ubt, so dass man nur eine Pflanze braucht, um Fr\u00fcchte zu bekommen. Im Laufe des [&hellip;]<\/p>\n","protected":false},"featured_media":0,"template":"","meta":{"_acf_changed":false},"product_brand":[],"product_cat":[212],"product_tag":[],"class_list":{"0":"post-1340308","1":"product","2":"type-product","3":"status-publish","5":"product_cat-100-fruit","6":"pa_bloemvruchtkleur-gelb","7":"pa_location-halbschattig","8":"pa_location-sonnig","9":"pa_max-height-17","11":"first","12":"instock","13":"product-type-simple"},"acf":[],"_links":{"self":[{"href":"https:\/\/hoogeveenplants.nl\/de\/wp-json\/wp\/v2\/product\/1340308","targetHints":{"allow":["GET"]}}],"collection":[{"href":"https:\/\/hoogeveenplants.nl\/de\/wp-json\/wp\/v2\/product"}],"about":[{"href":"https:\/\/hoogeveenplants.nl\/de\/wp-json\/wp\/v2\/types\/product"}],"wp:attachment":[{"href":"https:\/\/hoogeveenplants.nl\/de\/wp-json\/wp\/v2\/media?parent=1340308"}],"wp:term":[{"taxonomy":"product_brand","embeddable":true,"href":"https:\/\/hoogeveenplants.nl\/de\/wp-json\/wp\/v2\/product_brand?post=1340308"},{"taxonomy":"product_cat","embeddable":true,"href":"https:\/\/hoogeveenplants.nl\/de\/wp-json\/wp\/v2\/product_cat?post=1340308"},{"taxonomy":"product_tag","embeddable":true,"href":"https:\/\/hoogeveenplants.nl\/de\/wp-json\/wp\/v2\/product_tag?post=1340308"}],"curies":[{"name":"wp","href":"https:\/\/api.w.org\/{rel}","templated":true}]}}