{"id":1334360,"date":"2026-04-24T03:38:20","date_gmt":"2026-04-24T02:38:20","guid":{"rendered":"https:\/\/hoogeveenplants.nl\/p\/cydonia-oblonga-vranja\/"},"modified":"2026-04-24T03:48:44","modified_gmt":"2026-04-24T02:48:44","slug":"cydonia-oblonga-vranja","status":"publish","type":"product","link":"https:\/\/hoogeveenplants.nl\/de\/p\/cydonia-oblonga-vranja\/","title":{"rendered":"Cydonia oblonga &#8218;Vranja&#8216;"},"content":{"rendered":"<p>Die Quitte ist ein langsam wachsender Baum, der mit einer H\u00f6he von 3-5 m auch f\u00fcr kleinere G\u00e4rten geeignet ist. Die dichte Krone ist breit und rund.  Die gro\u00dfen, eif\u00f6rmigen, olivgr\u00fcnen Bl\u00e4tter sind auf der Unterseite leicht behaart und haben einen herzf\u00f6rmigen Blattgrund. Die Bl\u00e4tter f\u00e4rben sich im Herbst auff\u00e4llig gelb. Cydonia bl\u00fcht im Mai mit 4-5 cm gro\u00dfen, einfachen Bl\u00fcten, die wei\u00df bis wei\u00dflich-rosa gef\u00e4rbt sind. Nach der Bl\u00fcte folgen gelbe, birnenf\u00f6rmige, duftende Fr\u00fcchte. Vranja&#8216; hat gr\u00f6\u00dfere Fr\u00fcchte als die Art. Sie reifen nur, wenn die Pflanze an einem gesch\u00fctzten, warmen Ort steht. Gekocht k\u00f6nnen sie in verschiedenen Gerichten verwendet werden.<\/p>\n","protected":false},"excerpt":{"rendered":"<p>Die Quitte ist ein langsam wachsender Baum, der mit einer H\u00f6he von 3-5 m auch f\u00fcr kleinere G\u00e4rten geeignet ist. Die dichte Krone ist breit und rund. Die gro\u00dfen, eif\u00f6rmigen, olivgr\u00fcnen Bl\u00e4tter sind auf der Unterseite leicht behaart und haben einen herzf\u00f6rmigen Blattgrund. Die Bl\u00e4tter f\u00e4rben sich im Herbst auff\u00e4llig gelb. Cydonia bl\u00fcht im Mai [&hellip;]<\/p>\n","protected":false},"featured_media":0,"template":"","meta":{"_acf_changed":false},"product_brand":[],"product_cat":[213],"product_tag":[],"class_list":{"0":"post-1334360","1":"product","2":"type-product","3":"status-publish","5":"product_cat-tasty-green","6":"pa_bloemvruchtkleur-gelb","7":"pa_location-halbschattig","8":"pa_location-sonnig","9":"pa_max-height-56","11":"first","12":"instock","13":"product-type-simple"},"acf":[],"_links":{"self":[{"href":"https:\/\/hoogeveenplants.nl\/de\/wp-json\/wp\/v2\/product\/1334360","targetHints":{"allow":["GET"]}}],"collection":[{"href":"https:\/\/hoogeveenplants.nl\/de\/wp-json\/wp\/v2\/product"}],"about":[{"href":"https:\/\/hoogeveenplants.nl\/de\/wp-json\/wp\/v2\/types\/product"}],"wp:attachment":[{"href":"https:\/\/hoogeveenplants.nl\/de\/wp-json\/wp\/v2\/media?parent=1334360"}],"wp:term":[{"taxonomy":"product_brand","embeddable":true,"href":"https:\/\/hoogeveenplants.nl\/de\/wp-json\/wp\/v2\/product_brand?post=1334360"},{"taxonomy":"product_cat","embeddable":true,"href":"https:\/\/hoogeveenplants.nl\/de\/wp-json\/wp\/v2\/product_cat?post=1334360"},{"taxonomy":"product_tag","embeddable":true,"href":"https:\/\/hoogeveenplants.nl\/de\/wp-json\/wp\/v2\/product_tag?post=1334360"}],"curies":[{"name":"wp","href":"https:\/\/api.w.org\/{rel}","templated":true}]}}