{"id":1334257,"date":"2026-04-24T03:36:20","date_gmt":"2026-04-24T02:36:20","guid":{"rendered":"https:\/\/hoogeveenplants.nl\/p\/ophiopogon-planiscapus-nigrescens\/"},"modified":"2026-04-24T03:48:19","modified_gmt":"2026-04-24T02:48:19","slug":"ophiopogon-planiscapus-nigrescens","status":"publish","type":"product","link":"https:\/\/hoogeveenplants.nl\/de\/p\/ophiopogon-planiscapus-nigrescens\/","title":{"rendered":"Ophiopogon planiscapus &#8218;Nigrescens&#8216;"},"content":{"rendered":"<p>Ophiopogon Planiscapus Nigrescens&#8220;, auch Schlangenbart genannt, ist ein niedrig wachsendes Ziergras, das etwa 20 Zentimeter hoch wird. Die aus Japan stammende Pflanze ist mit ihren einzigartigen grasartigen schwarz-gr\u00fcnen Bl\u00e4ttern sehr dekorativ. Das Ziergras bl\u00fcht im Juli und August mit sch\u00f6nen kleinen violetten Bl\u00fcten, die sich dann in gl\u00e4nzende schwarze Beeren verwandeln. Ein gro\u00dfer Vorteil dieser Pflanze ist, dass sie das ganze Jahr \u00fcber ihre Bl\u00e4tter beh\u00e4lt und gut als Bodendecker verwendet werden kann. Nat\u00fcrlich kann sie auch in einem Pflanzk\u00fcbel auf der Terrasse oder dem Balkon platziert werden. Ophiopogon planiscapus&#8216; w\u00e4chst und bl\u00fcht gut in voller Sonne oder im Halbschatten und ist winterhart.<\/p>\n","protected":false},"excerpt":{"rendered":"<p>Ophiopogon Planiscapus Nigrescens&#8220;, auch Schlangenbart genannt, ist ein niedrig wachsendes Ziergras, das etwa 20 Zentimeter hoch wird. Die aus Japan stammende Pflanze ist mit ihren einzigartigen grasartigen schwarz-gr\u00fcnen Bl\u00e4ttern sehr dekorativ. Das Ziergras bl\u00fcht im Juli und August mit sch\u00f6nen kleinen violetten Bl\u00fcten, die sich dann in gl\u00e4nzende schwarze Beeren verwandeln. Ein gro\u00dfer Vorteil dieser [&hellip;]<\/p>\n","protected":false},"featured_media":0,"template":"","meta":{"_acf_changed":false},"product_brand":[],"product_cat":[22,288],"product_tag":[],"class_list":{"0":"post-1334257","1":"product","2":"type-product","3":"status-publish","5":"product_cat-elegrass","6":"product_cat-hardy-and-evergreen","7":"pa_bloemvruchtkleur-schwarz","8":"pa_location-halbschattig","9":"pa_location-sonnig","10":"pa_max-height-86","12":"first","13":"instock","14":"product-type-simple"},"acf":[],"_links":{"self":[{"href":"https:\/\/hoogeveenplants.nl\/de\/wp-json\/wp\/v2\/product\/1334257","targetHints":{"allow":["GET"]}}],"collection":[{"href":"https:\/\/hoogeveenplants.nl\/de\/wp-json\/wp\/v2\/product"}],"about":[{"href":"https:\/\/hoogeveenplants.nl\/de\/wp-json\/wp\/v2\/types\/product"}],"wp:attachment":[{"href":"https:\/\/hoogeveenplants.nl\/de\/wp-json\/wp\/v2\/media?parent=1334257"}],"wp:term":[{"taxonomy":"product_brand","embeddable":true,"href":"https:\/\/hoogeveenplants.nl\/de\/wp-json\/wp\/v2\/product_brand?post=1334257"},{"taxonomy":"product_cat","embeddable":true,"href":"https:\/\/hoogeveenplants.nl\/de\/wp-json\/wp\/v2\/product_cat?post=1334257"},{"taxonomy":"product_tag","embeddable":true,"href":"https:\/\/hoogeveenplants.nl\/de\/wp-json\/wp\/v2\/product_tag?post=1334257"}],"curies":[{"name":"wp","href":"https:\/\/api.w.org\/{rel}","templated":true}]}}