{"id":1334247,"date":"2026-04-24T03:36:15","date_gmt":"2026-04-24T02:36:15","guid":{"rendered":"https:\/\/hoogeveenplants.nl\/p\/panicum-virgatum-northwind\/"},"modified":"2026-04-24T03:48:17","modified_gmt":"2026-04-24T02:48:17","slug":"panicum-virgatum-northwind","status":"publish","type":"product","link":"https:\/\/hoogeveenplants.nl\/de\/p\/panicum-virgatum-northwind\/","title":{"rendered":"Panicum virgatum &#8218;Northwind&#8216;"},"content":{"rendered":"<p>Panicum Virgatum Northwind&#8216; ist ein kompaktes Gras mit gr\u00fcnen Bl\u00e4ttern. Das Ziergras w\u00e4chst gerade nach oben und verleiht Ihrem Garten ein gepflegtes Aussehen. Von Juli bis Oktober bl\u00fcht &#8218;Northwind&#8216; mit silberwei\u00dfen Rispen. Dieses Ziergras&#8220; bleibt bis tief in den Winter hinein attraktiv, wenn es seine Bl\u00e4tter abwirft. Im Fr\u00fchjahr treibt er wieder aus. Es ist daher ratsam, die Pflanze im M\u00e4rz bis auf 10 cm \u00fcber dem Boden zur\u00fcckzuschneiden. Sie sieht allein in einem Topf oder in kleinen Gruppen in einem Beet gut aus. Northwind&#8216; gedeiht in voller Sonne in nicht zu nassem Boden. Der Rasen ist pflegeleicht und vertr\u00e4gt K\u00e4lte und Trockenheit.<\/p>\n","protected":false},"excerpt":{"rendered":"<p>Panicum Virgatum Northwind&#8216; ist ein kompaktes Gras mit gr\u00fcnen Bl\u00e4ttern. Das Ziergras w\u00e4chst gerade nach oben und verleiht Ihrem Garten ein gepflegtes Aussehen. Von Juli bis Oktober bl\u00fcht &#8218;Northwind&#8216; mit silberwei\u00dfen Rispen. Dieses Ziergras&#8220; bleibt bis tief in den Winter hinein attraktiv, wenn es seine Bl\u00e4tter abwirft. Im Fr\u00fchjahr treibt er wieder aus. Es ist [&hellip;]<\/p>\n","protected":false},"featured_media":0,"template":"","meta":{"_acf_changed":false},"product_brand":[],"product_cat":[22,289],"product_tag":[],"class_list":{"0":"post-1334247","1":"product","2":"type-product","3":"status-publish","5":"product_cat-elegrass","6":"product_cat-hardy-ornamentals","7":"pa_bloemvruchtkleur-gruen","8":"pa_location-halbschattig","9":"pa_location-sonnig","10":"pa_max-height-17","12":"first","13":"instock","14":"product-type-simple"},"acf":[],"_links":{"self":[{"href":"https:\/\/hoogeveenplants.nl\/de\/wp-json\/wp\/v2\/product\/1334247","targetHints":{"allow":["GET"]}}],"collection":[{"href":"https:\/\/hoogeveenplants.nl\/de\/wp-json\/wp\/v2\/product"}],"about":[{"href":"https:\/\/hoogeveenplants.nl\/de\/wp-json\/wp\/v2\/types\/product"}],"wp:attachment":[{"href":"https:\/\/hoogeveenplants.nl\/de\/wp-json\/wp\/v2\/media?parent=1334247"}],"wp:term":[{"taxonomy":"product_brand","embeddable":true,"href":"https:\/\/hoogeveenplants.nl\/de\/wp-json\/wp\/v2\/product_brand?post=1334247"},{"taxonomy":"product_cat","embeddable":true,"href":"https:\/\/hoogeveenplants.nl\/de\/wp-json\/wp\/v2\/product_cat?post=1334247"},{"taxonomy":"product_tag","embeddable":true,"href":"https:\/\/hoogeveenplants.nl\/de\/wp-json\/wp\/v2\/product_tag?post=1334247"}],"curies":[{"name":"wp","href":"https:\/\/api.w.org\/{rel}","templated":true}]}}