{"id":1334068,"date":"2026-04-24T03:32:28","date_gmt":"2026-04-24T02:32:28","guid":{"rendered":"https:\/\/hoogeveenplants.nl\/p\/ficus-carica-brown-turkey\/"},"modified":"2026-04-24T03:46:35","modified_gmt":"2026-04-24T02:46:35","slug":"ficus-carica-brown-turkey","status":"publish","type":"product","link":"https:\/\/hoogeveenplants.nl\/de\/p\/ficus-carica-brown-turkey\/","title":{"rendered":"Ficus carica &#8218;Brown Turkey&#8216;"},"content":{"rendered":"<p>Ficus Carica Brown Turkey&#8216; ist als die beliebteste Feigensorte bekannt, da sie regelm\u00e4\u00dfig gro\u00dfe Mengen an mittelgro\u00dfen Fr\u00fcchten mit dunkelrotem Fruchtfleisch hervorbringt. In Ausnahmejahren kann sie drei Ernten pro Jahr bringen. Die Bl\u00e4tter des Feigenbaums sind handf\u00f6rmig und am besten aus der Darstellung von Adam und Eva in der klassischen Malerei bekannt, wo das Feigenblatt zur Bedeckung des nackten K\u00f6rpers verwendet wurde. Die Fr\u00fcchte reifen besser, wenn Sie den Baum w\u00e4hrend des Winters sch\u00fctzen.  Der Feigenbaum braucht einen gesch\u00fctzten, aber sonnigen Standort, der m\u00f6glichst warm sein sollte. Ein nach S\u00fcden ausgerichteter, windgesch\u00fctzter Garten ist also optimal. Sie k\u00f6nnen den Feigenbaum in den Garten, auf den Balkon oder die Terrasse pflanzen. Wenn die Pflanze in einen Topf gepflanzt wird, ist es am besten, sie im Winter ins Haus zu holen. Sie w\u00e4chst schnell, und wenn man sie nicht beschneidet, wird sie einige Meter hoch. Wenn Sie meinen, dass die Zweige zu lang werden, k\u00f6nnen Sie die Feige beschneiden.<\/p>\n","protected":false},"excerpt":{"rendered":"<p>Ficus Carica Brown Turkey&#8216; ist als die beliebteste Feigensorte bekannt, da sie regelm\u00e4\u00dfig gro\u00dfe Mengen an mittelgro\u00dfen Fr\u00fcchten mit dunkelrotem Fruchtfleisch hervorbringt. In Ausnahmejahren kann sie drei Ernten pro Jahr bringen. Die Bl\u00e4tter des Feigenbaums sind handf\u00f6rmig und am besten aus der Darstellung von Adam und Eva in der klassischen Malerei bekannt, wo das Feigenblatt [&hellip;]<\/p>\n","protected":false},"featured_media":0,"template":"","meta":{"_acf_changed":false},"product_brand":[],"product_cat":[212],"product_tag":[],"class_list":{"0":"post-1334068","1":"product","2":"type-product","3":"status-publish","5":"product_cat-100-fruit","6":"pa_bloemvruchtkleur-braun","7":"pa_location-halbschattig","8":"pa_location-sonnig","9":"pa_max-height-28","11":"first","12":"instock","13":"product-type-simple"},"acf":[],"_links":{"self":[{"href":"https:\/\/hoogeveenplants.nl\/de\/wp-json\/wp\/v2\/product\/1334068","targetHints":{"allow":["GET"]}}],"collection":[{"href":"https:\/\/hoogeveenplants.nl\/de\/wp-json\/wp\/v2\/product"}],"about":[{"href":"https:\/\/hoogeveenplants.nl\/de\/wp-json\/wp\/v2\/types\/product"}],"wp:attachment":[{"href":"https:\/\/hoogeveenplants.nl\/de\/wp-json\/wp\/v2\/media?parent=1334068"}],"wp:term":[{"taxonomy":"product_brand","embeddable":true,"href":"https:\/\/hoogeveenplants.nl\/de\/wp-json\/wp\/v2\/product_brand?post=1334068"},{"taxonomy":"product_cat","embeddable":true,"href":"https:\/\/hoogeveenplants.nl\/de\/wp-json\/wp\/v2\/product_cat?post=1334068"},{"taxonomy":"product_tag","embeddable":true,"href":"https:\/\/hoogeveenplants.nl\/de\/wp-json\/wp\/v2\/product_tag?post=1334068"}],"curies":[{"name":"wp","href":"https:\/\/api.w.org\/{rel}","templated":true}]}}