{"id":1333045,"date":"2026-04-23T03:38:25","date_gmt":"2026-04-23T02:38:25","guid":{"rendered":"https:\/\/hoogeveenplants.nl\/p\/phormium-tenax-sundowner\/"},"modified":"2026-04-23T03:50:22","modified_gmt":"2026-04-23T02:50:22","slug":"phormium-tenax-sundowner","status":"publish","type":"product","link":"https:\/\/hoogeveenplants.nl\/de\/p\/phormium-tenax-sundowner\/","title":{"rendered":"Phormium tenax &#8218;Sundowner&#8216;"},"content":{"rendered":"<p>Sundowner&#8216; ist eine immergr\u00fcne Staude, die aufrechte, bis zu 1 m hohe Bl\u00e4tter bildet, die an den R\u00e4ndern bronzegr\u00fcn, rot und rosa gef\u00e4rbt sind. Bl\u00fcten gelblich, selten gebildet<\/p>\n","protected":false},"excerpt":{"rendered":"<p>Sundowner&#8216; ist eine immergr\u00fcne Staude, die aufrechte, bis zu 1 m hohe Bl\u00e4tter bildet, die an den R\u00e4ndern bronzegr\u00fcn, rot und rosa gef\u00e4rbt sind. Bl\u00fcten gelblich, selten gebildet<\/p>\n","protected":false},"featured_media":0,"template":"","meta":{"_acf_changed":false},"product_brand":[],"product_cat":[22,247],"product_tag":[],"class_list":{"0":"post-1333045","1":"product","2":"type-product","3":"status-publish","5":"product_cat-elegrass","6":"product_cat-super-easy-care","7":"pa_bloemvruchtkleur-rot","8":"pa_location-halbschattig","9":"pa_location-sonnig","10":"pa_max-height-33","12":"first","13":"instock","14":"product-type-simple"},"acf":[],"_links":{"self":[{"href":"https:\/\/hoogeveenplants.nl\/de\/wp-json\/wp\/v2\/product\/1333045","targetHints":{"allow":["GET"]}}],"collection":[{"href":"https:\/\/hoogeveenplants.nl\/de\/wp-json\/wp\/v2\/product"}],"about":[{"href":"https:\/\/hoogeveenplants.nl\/de\/wp-json\/wp\/v2\/types\/product"}],"wp:attachment":[{"href":"https:\/\/hoogeveenplants.nl\/de\/wp-json\/wp\/v2\/media?parent=1333045"}],"wp:term":[{"taxonomy":"product_brand","embeddable":true,"href":"https:\/\/hoogeveenplants.nl\/de\/wp-json\/wp\/v2\/product_brand?post=1333045"},{"taxonomy":"product_cat","embeddable":true,"href":"https:\/\/hoogeveenplants.nl\/de\/wp-json\/wp\/v2\/product_cat?post=1333045"},{"taxonomy":"product_tag","embeddable":true,"href":"https:\/\/hoogeveenplants.nl\/de\/wp-json\/wp\/v2\/product_tag?post=1333045"}],"curies":[{"name":"wp","href":"https:\/\/api.w.org\/{rel}","templated":true}]}}