{"id":1333044,"date":"2026-04-23T03:38:24","date_gmt":"2026-04-23T02:38:24","guid":{"rendered":"https:\/\/hoogeveenplants.nl\/p\/phormium-tenax-rubra-nana\/"},"modified":"2026-04-23T03:50:22","modified_gmt":"2026-04-23T02:50:22","slug":"phormium-tenax-rubra-nana","status":"publish","type":"product","link":"https:\/\/hoogeveenplants.nl\/de\/p\/phormium-tenax-rubra-nana\/","title":{"rendered":"Phormium tenax &#8218;Rubra Nana&#8216;"},"content":{"rendered":"<p>Attraktive r\u00f6tliche B\u00fcschelpflanze mit ledrigen, langen, gebogenen, schwertf\u00f6rmigen Bl\u00e4ttern. Sieht gro\u00dfartig aus als Zierpflanze oder zur Einfassung von R\u00e4ndern oder Wegen. Widerstandsf\u00e4hig und pflegeleicht.<\/p>\n","protected":false},"excerpt":{"rendered":"<p>Attraktive r\u00f6tliche B\u00fcschelpflanze mit ledrigen, langen, gebogenen, schwertf\u00f6rmigen Bl\u00e4ttern. Sieht gro\u00dfartig aus als Zierpflanze oder zur Einfassung von R\u00e4ndern oder Wegen. Widerstandsf\u00e4hig und pflegeleicht.<\/p>\n","protected":false},"featured_media":0,"template":"","meta":{"_acf_changed":false},"product_brand":[],"product_cat":[22,247],"product_tag":[],"class_list":{"0":"post-1333044","1":"product","2":"type-product","3":"status-publish","5":"product_cat-elegrass","6":"product_cat-super-easy-care","7":"pa_bloemvruchtkleur-rot","8":"pa_location-halbschattig","9":"pa_location-sonnig","10":"pa_max-height-33","12":"first","13":"instock","14":"product-type-simple"},"acf":[],"_links":{"self":[{"href":"https:\/\/hoogeveenplants.nl\/de\/wp-json\/wp\/v2\/product\/1333044","targetHints":{"allow":["GET"]}}],"collection":[{"href":"https:\/\/hoogeveenplants.nl\/de\/wp-json\/wp\/v2\/product"}],"about":[{"href":"https:\/\/hoogeveenplants.nl\/de\/wp-json\/wp\/v2\/types\/product"}],"wp:attachment":[{"href":"https:\/\/hoogeveenplants.nl\/de\/wp-json\/wp\/v2\/media?parent=1333044"}],"wp:term":[{"taxonomy":"product_brand","embeddable":true,"href":"https:\/\/hoogeveenplants.nl\/de\/wp-json\/wp\/v2\/product_brand?post=1333044"},{"taxonomy":"product_cat","embeddable":true,"href":"https:\/\/hoogeveenplants.nl\/de\/wp-json\/wp\/v2\/product_cat?post=1333044"},{"taxonomy":"product_tag","embeddable":true,"href":"https:\/\/hoogeveenplants.nl\/de\/wp-json\/wp\/v2\/product_tag?post=1333044"}],"curies":[{"name":"wp","href":"https:\/\/api.w.org\/{rel}","templated":true}]}}