{"id":1333033,"date":"2026-04-23T03:38:19","date_gmt":"2026-04-23T02:38:19","guid":{"rendered":"https:\/\/hoogeveenplants.nl\/p\/cordyline-obtecta-superstar\/"},"modified":"2026-04-23T03:50:20","modified_gmt":"2026-04-23T02:50:20","slug":"cordyline-obtecta-superstar","status":"publish","type":"product","link":"https:\/\/hoogeveenplants.nl\/de\/p\/cordyline-obtecta-superstar\/","title":{"rendered":"Cordyline obtecta &#8218;Superstar&#8216;"},"content":{"rendered":"<p>Eine neue Cordyline mit dunklen, purpurroten Bl\u00e4ttern. Die Bl\u00e4tter sind breit und gl\u00e4nzend. Superstar hat einen aufrechten Wuchs und wird bis zu 150 cm hoch und 80 cm breit. Stellen Sie Superstar in voller Sonne in einen fruchtbaren, gut durchl\u00e4ssigen Boden. Widerstandsf\u00e4hig bis -8 \u00baC. Superstar verleiht Ihrem Garten, Ihrer Terrasse oder Ihrem Balkon einen tropischen Touch!<\/p>\n","protected":false},"excerpt":{"rendered":"<p>Eine neue Cordyline mit dunklen, purpurroten Bl\u00e4ttern. Die Bl\u00e4tter sind breit und gl\u00e4nzend. Superstar hat einen aufrechten Wuchs und wird bis zu 150 cm hoch und 80 cm breit. Stellen Sie Superstar in voller Sonne in einen fruchtbaren, gut durchl\u00e4ssigen Boden. Widerstandsf\u00e4hig bis -8 \u00baC. Superstar verleiht Ihrem Garten, Ihrer Terrasse oder Ihrem Balkon einen [&hellip;]<\/p>\n","protected":false},"featured_media":0,"template":"","meta":{"_acf_changed":false},"product_brand":[],"product_cat":[22,247],"product_tag":[],"class_list":{"0":"post-1333033","1":"product","2":"type-product","3":"status-publish","5":"product_cat-elegrass","6":"product_cat-super-easy-care","7":"pa_bloemvruchtkleur-gruen-weiss","8":"pa_location-halbschattig","9":"pa_location-sonnig","10":"pa_max-height-17","12":"first","13":"instock","14":"product-type-simple"},"acf":[],"_links":{"self":[{"href":"https:\/\/hoogeveenplants.nl\/de\/wp-json\/wp\/v2\/product\/1333033","targetHints":{"allow":["GET"]}}],"collection":[{"href":"https:\/\/hoogeveenplants.nl\/de\/wp-json\/wp\/v2\/product"}],"about":[{"href":"https:\/\/hoogeveenplants.nl\/de\/wp-json\/wp\/v2\/types\/product"}],"wp:attachment":[{"href":"https:\/\/hoogeveenplants.nl\/de\/wp-json\/wp\/v2\/media?parent=1333033"}],"wp:term":[{"taxonomy":"product_brand","embeddable":true,"href":"https:\/\/hoogeveenplants.nl\/de\/wp-json\/wp\/v2\/product_brand?post=1333033"},{"taxonomy":"product_cat","embeddable":true,"href":"https:\/\/hoogeveenplants.nl\/de\/wp-json\/wp\/v2\/product_cat?post=1333033"},{"taxonomy":"product_tag","embeddable":true,"href":"https:\/\/hoogeveenplants.nl\/de\/wp-json\/wp\/v2\/product_tag?post=1333033"}],"curies":[{"name":"wp","href":"https:\/\/api.w.org\/{rel}","templated":true}]}}