{"id":1333030,"date":"2026-04-23T03:38:17","date_gmt":"2026-04-23T02:38:17","guid":{"rendered":"https:\/\/hoogeveenplants.nl\/p\/panicum-virgatum-prairie-sky\/"},"modified":"2026-04-23T03:50:19","modified_gmt":"2026-04-23T02:50:19","slug":"panicum-virgatum-prairie-sky","status":"publish","type":"product","link":"https:\/\/hoogeveenplants.nl\/de\/p\/panicum-virgatum-prairie-sky\/","title":{"rendered":"Panicum virgatum &#8218;Prairie Sky&#8216;"},"content":{"rendered":"<p>Prairie Sky&#8216; ist ein bis zu 1,5 m hohes, sommergr\u00fcnes, mehrj\u00e4hriges Gras mit flachen, schmalen, lanzettlichen, blaugr\u00fcnen Bl\u00e4ttern, die sich im Fr\u00fchjahr bis Sommer und im Herbst orange-gelb f\u00e4rben. Die h\u00e4ngenden, verzweigten Rispen mit kleinen, blaugr\u00fcnen \u00c4hrchen erscheinen im Fr\u00fchherbst und Winter.<\/p>\n","protected":false},"excerpt":{"rendered":"<p>Prairie Sky&#8216; ist ein bis zu 1,5 m hohes, sommergr\u00fcnes, mehrj\u00e4hriges Gras mit flachen, schmalen, lanzettlichen, blaugr\u00fcnen Bl\u00e4ttern, die sich im Fr\u00fchjahr bis Sommer und im Herbst orange-gelb f\u00e4rben. Die h\u00e4ngenden, verzweigten Rispen mit kleinen, blaugr\u00fcnen \u00c4hrchen erscheinen im Fr\u00fchherbst und Winter.<\/p>\n","protected":false},"featured_media":0,"template":"","meta":{"_acf_changed":false},"product_brand":[],"product_cat":[22],"product_tag":[],"class_list":{"0":"post-1333030","1":"product","2":"type-product","3":"status-publish","5":"product_cat-elegrass","6":"pa_bloemvruchtkleur-blau","7":"pa_location-halbschattig","8":"pa_location-sonnig","9":"pa_max-height-17","11":"first","12":"instock","13":"product-type-simple"},"acf":[],"_links":{"self":[{"href":"https:\/\/hoogeveenplants.nl\/de\/wp-json\/wp\/v2\/product\/1333030","targetHints":{"allow":["GET"]}}],"collection":[{"href":"https:\/\/hoogeveenplants.nl\/de\/wp-json\/wp\/v2\/product"}],"about":[{"href":"https:\/\/hoogeveenplants.nl\/de\/wp-json\/wp\/v2\/types\/product"}],"wp:attachment":[{"href":"https:\/\/hoogeveenplants.nl\/de\/wp-json\/wp\/v2\/media?parent=1333030"}],"wp:term":[{"taxonomy":"product_brand","embeddable":true,"href":"https:\/\/hoogeveenplants.nl\/de\/wp-json\/wp\/v2\/product_brand?post=1333030"},{"taxonomy":"product_cat","embeddable":true,"href":"https:\/\/hoogeveenplants.nl\/de\/wp-json\/wp\/v2\/product_cat?post=1333030"},{"taxonomy":"product_tag","embeddable":true,"href":"https:\/\/hoogeveenplants.nl\/de\/wp-json\/wp\/v2\/product_tag?post=1333030"}],"curies":[{"name":"wp","href":"https:\/\/api.w.org\/{rel}","templated":true}]}}