{"id":1333025,"date":"2026-04-23T03:38:15","date_gmt":"2026-04-23T02:38:15","guid":{"rendered":"https:\/\/hoogeveenplants.nl\/p\/chlorophytum-saundersiae-starlight\/"},"modified":"2026-04-23T03:50:18","modified_gmt":"2026-04-23T02:50:18","slug":"chlorophytum-saundersiae-starlight","status":"publish","type":"product","link":"https:\/\/hoogeveenplants.nl\/de\/p\/chlorophytum-saundersiae-starlight\/","title":{"rendered":"Chlorophytum saundersiae &#8218;Starlight&#8216;"},"content":{"rendered":"<p>Chlorophytum &#8218;Starlight&#8216; ist eine echte Terrassenpflanze f\u00fcr den Sommer! Ben\u00f6tigt wenig Wasser und ist sehr sonnenvertr\u00e4glich. Die Bl\u00fcten der Pflanze sehen aus wie wundersch\u00f6ne, funkelnde Sterne. Sie hat wundersch\u00f6ne wei\u00dfe, lilienf\u00f6rmige Bl\u00fcten mit einem gelben Streifen und bl\u00fcht vom Fr\u00fchsommer bis zum Winter durchgehend. Sie ist bis -10\u00b0C winterhart und hitzebest\u00e4ndig, daher sehr gut als Terrassenpflanze geeignet, kann aber auch jederzeit in ein Beet gesetzt werden. Chlorophytum &#8218;Starlight&#8220; steht in voller Sonne oder im Halbschatten in feuchter, durchl\u00e4ssiger Erde. Die Pflanze kann bis zu 100 cm hoch und 40 cm breit werden. Chlorophytum &#8218;Starlight&#8216; l\u00e4sst Ihren Garten leuchten wie die Sterne.<\/p>\n","protected":false},"excerpt":{"rendered":"<p>Chlorophytum &#8218;Starlight&#8216; ist eine echte Terrassenpflanze f\u00fcr den Sommer! Ben\u00f6tigt wenig Wasser und ist sehr sonnenvertr\u00e4glich. Die Bl\u00fcten der Pflanze sehen aus wie wundersch\u00f6ne, funkelnde Sterne. Sie hat wundersch\u00f6ne wei\u00dfe, lilienf\u00f6rmige Bl\u00fcten mit einem gelben Streifen und bl\u00fcht vom Fr\u00fchsommer bis zum Winter durchgehend. Sie ist bis -10\u00b0C winterhart und hitzebest\u00e4ndig, daher sehr gut als [&hellip;]<\/p>\n","protected":false},"featured_media":0,"template":"","meta":{"_acf_changed":false},"product_brand":[],"product_cat":[22,247],"product_tag":[],"class_list":{"0":"post-1333025","1":"product","2":"type-product","3":"status-publish","5":"product_cat-elegrass","6":"product_cat-super-easy-care","7":"pa_bloemvruchtkleur-gruen","8":"pa_location-halbschattig","9":"pa_location-sonnig","10":"pa_max-height-33","12":"first","13":"instock","14":"product-type-simple"},"acf":[],"_links":{"self":[{"href":"https:\/\/hoogeveenplants.nl\/de\/wp-json\/wp\/v2\/product\/1333025","targetHints":{"allow":["GET"]}}],"collection":[{"href":"https:\/\/hoogeveenplants.nl\/de\/wp-json\/wp\/v2\/product"}],"about":[{"href":"https:\/\/hoogeveenplants.nl\/de\/wp-json\/wp\/v2\/types\/product"}],"wp:attachment":[{"href":"https:\/\/hoogeveenplants.nl\/de\/wp-json\/wp\/v2\/media?parent=1333025"}],"wp:term":[{"taxonomy":"product_brand","embeddable":true,"href":"https:\/\/hoogeveenplants.nl\/de\/wp-json\/wp\/v2\/product_brand?post=1333025"},{"taxonomy":"product_cat","embeddable":true,"href":"https:\/\/hoogeveenplants.nl\/de\/wp-json\/wp\/v2\/product_cat?post=1333025"},{"taxonomy":"product_tag","embeddable":true,"href":"https:\/\/hoogeveenplants.nl\/de\/wp-json\/wp\/v2\/product_tag?post=1333025"}],"curies":[{"name":"wp","href":"https:\/\/api.w.org\/{rel}","templated":true}]}}