{"id":1333006,"date":"2026-04-23T03:38:07","date_gmt":"2026-04-23T02:38:07","guid":{"rendered":"https:\/\/hoogeveenplants.nl\/p\/acorus-gramineus-argenteostriatus\/"},"modified":"2026-04-23T03:50:14","modified_gmt":"2026-04-23T02:50:14","slug":"acorus-gramineus-argenteostriatus","status":"publish","type":"product","link":"https:\/\/hoogeveenplants.nl\/de\/p\/acorus-gramineus-argenteostriatus\/","title":{"rendered":"Acorus gramineus &#8218;Argenteostriatus&#8216;"},"content":{"rendered":"<p>Das immergr\u00fcne, grasartige &#8218;Acorus gramineus &#8218;Argenteostriatus&#8216; ist ein Ziergras mit gelb-gr\u00fcn gestreiften Bl\u00e4ttern. Die Pflanze mag einen leicht feuchten Boden und eignet sich daher auch f\u00fcr die Bepflanzung am Wasser. Die Bl\u00e4tter wachsen dicht beieinander in sch\u00f6nen flachen F\u00e4chern. Stellen Sie das Ziergras an einen feuchten Ort in der (halb-)vollen Sonne. Im Juni und Juli bl\u00fcht &#8218;Acorus&#8216; mit kleinen silbergrauen Bl\u00fcten.<\/p>\n","protected":false},"excerpt":{"rendered":"<p>Das immergr\u00fcne, grasartige &#8218;Acorus gramineus &#8218;Argenteostriatus&#8216; ist ein Ziergras mit gelb-gr\u00fcn gestreiften Bl\u00e4ttern. Die Pflanze mag einen leicht feuchten Boden und eignet sich daher auch f\u00fcr die Bepflanzung am Wasser. Die Bl\u00e4tter wachsen dicht beieinander in sch\u00f6nen flachen F\u00e4chern. Stellen Sie das Ziergras an einen feuchten Ort in der (halb-)vollen Sonne. Im Juni und Juli [&hellip;]<\/p>\n","protected":false},"featured_media":0,"template":"","meta":{"_acf_changed":false},"product_brand":[],"product_cat":[22,288],"product_tag":[],"class_list":{"0":"post-1333006","1":"product","2":"type-product","3":"status-publish","5":"product_cat-elegrass","6":"product_cat-hardy-and-evergreen","7":"pa_bloemvruchtkleur-panaschiert","8":"pa_location-halbschattig","9":"pa_location-sonnig","10":"pa_max-height-86","12":"first","13":"instock","14":"product-type-simple"},"acf":[],"_links":{"self":[{"href":"https:\/\/hoogeveenplants.nl\/de\/wp-json\/wp\/v2\/product\/1333006","targetHints":{"allow":["GET"]}}],"collection":[{"href":"https:\/\/hoogeveenplants.nl\/de\/wp-json\/wp\/v2\/product"}],"about":[{"href":"https:\/\/hoogeveenplants.nl\/de\/wp-json\/wp\/v2\/types\/product"}],"wp:attachment":[{"href":"https:\/\/hoogeveenplants.nl\/de\/wp-json\/wp\/v2\/media?parent=1333006"}],"wp:term":[{"taxonomy":"product_brand","embeddable":true,"href":"https:\/\/hoogeveenplants.nl\/de\/wp-json\/wp\/v2\/product_brand?post=1333006"},{"taxonomy":"product_cat","embeddable":true,"href":"https:\/\/hoogeveenplants.nl\/de\/wp-json\/wp\/v2\/product_cat?post=1333006"},{"taxonomy":"product_tag","embeddable":true,"href":"https:\/\/hoogeveenplants.nl\/de\/wp-json\/wp\/v2\/product_tag?post=1333006"}],"curies":[{"name":"wp","href":"https:\/\/api.w.org\/{rel}","templated":true}]}}