{"id":1332991,"date":"2026-04-23T03:38:02","date_gmt":"2026-04-23T02:38:02","guid":{"rendered":"https:\/\/hoogeveenplants.nl\/p\/stipa-tenuissima-ponytails\/"},"modified":"2026-04-23T03:50:11","modified_gmt":"2026-04-23T02:50:11","slug":"stipa-tenuissima-ponytails","status":"publish","type":"product","link":"https:\/\/hoogeveenplants.nl\/de\/p\/stipa-tenuissima-ponytails\/","title":{"rendered":"Stipa tenuissima &#8218;Ponytails&#8216;"},"content":{"rendered":"<p>Stipa tenuissima &#8218;Pony Tails&#8220;, auch Federgras genannt, ist ein feines Ziergras mit aufrechtem Wuchs und einer maximalen H\u00f6he von 80 cm. Das Blatt hat eine sehr feine, fast haar\u00e4hnliche Struktur mit einer gr\u00fcnen Farbe, die in ein helles Braun \u00fcbergehen kann. Die &#8218;Pony Tails&#8216; bevorzugt einen sonnigen Standort, kann aber auch im Halbschatten \u00fcberleben. Die Bl\u00fctezeit der Pony Tails beginnt im Mai und kann bis zum Herbstbeginn andauern. In dieser Zeit erscheinen wei\u00dfe Bl\u00fctenfedern an der Pflanze, die einen verspielten Farbeffekt erzeugen. Der Wind l\u00e4sst das Gras &#8222;wellen&#8220; wie die Haare eines Pferdeschwanzes im Wind. F\u00fcr die beste Wirkung im Garten ist es ratsam, die Pflanze in Gruppen zu pflanzen, so dass sich sch\u00f6ne B\u00fcschel bilden. Wir empfehlen, das Federgras im Fr\u00fchjahr bis auf 20 cm \u00fcber dem Boden zur\u00fcckzuschneiden. Die feinen Bl\u00e4tter treiben dann schnell wieder aus und bilden einen sch\u00f6nen welligen Haarschopf.<\/p>\n","protected":false},"excerpt":{"rendered":"<p>Stipa tenuissima &#8218;Pony Tails&#8220;, auch Federgras genannt, ist ein feines Ziergras mit aufrechtem Wuchs und einer maximalen H\u00f6he von 80 cm. Das Blatt hat eine sehr feine, fast haar\u00e4hnliche Struktur mit einer gr\u00fcnen Farbe, die in ein helles Braun \u00fcbergehen kann. Die &#8218;Pony Tails&#8216; bevorzugt einen sonnigen Standort, kann aber auch im Halbschatten \u00fcberleben. Die [&hellip;]<\/p>\n","protected":false},"featured_media":0,"template":"","meta":{"_acf_changed":false},"product_brand":[],"product_cat":[22,288],"product_tag":[],"class_list":{"0":"post-1332991","1":"product","2":"type-product","3":"status-publish","5":"product_cat-elegrass","6":"product_cat-hardy-and-evergreen","7":"pa_bloemvruchtkleur-gruen","8":"pa_location-halbschattig","9":"pa_location-sonnig","10":"pa_max-height-41","12":"first","13":"instock","14":"product-type-simple"},"acf":[],"_links":{"self":[{"href":"https:\/\/hoogeveenplants.nl\/de\/wp-json\/wp\/v2\/product\/1332991","targetHints":{"allow":["GET"]}}],"collection":[{"href":"https:\/\/hoogeveenplants.nl\/de\/wp-json\/wp\/v2\/product"}],"about":[{"href":"https:\/\/hoogeveenplants.nl\/de\/wp-json\/wp\/v2\/types\/product"}],"wp:attachment":[{"href":"https:\/\/hoogeveenplants.nl\/de\/wp-json\/wp\/v2\/media?parent=1332991"}],"wp:term":[{"taxonomy":"product_brand","embeddable":true,"href":"https:\/\/hoogeveenplants.nl\/de\/wp-json\/wp\/v2\/product_brand?post=1332991"},{"taxonomy":"product_cat","embeddable":true,"href":"https:\/\/hoogeveenplants.nl\/de\/wp-json\/wp\/v2\/product_cat?post=1332991"},{"taxonomy":"product_tag","embeddable":true,"href":"https:\/\/hoogeveenplants.nl\/de\/wp-json\/wp\/v2\/product_tag?post=1332991"}],"curies":[{"name":"wp","href":"https:\/\/api.w.org\/{rel}","templated":true}]}}