{"id":1332972,"date":"2026-04-23T03:36:48","date_gmt":"2026-04-23T02:36:48","guid":{"rendered":"https:\/\/hoogeveenplants.nl\/p\/fargesia-scabrida-asian-wonder\/"},"modified":"2026-04-23T03:50:07","modified_gmt":"2026-04-23T02:50:07","slug":"fargesia-scabrida-asian-wonder","status":"publish","type":"product","link":"https:\/\/hoogeveenplants.nl\/de\/p\/fargesia-scabrida-asian-wonder\/","title":{"rendered":"Fargesia scabrida &#8218;Asian Wonder&#8216;"},"content":{"rendered":"<p>Fargesia scabrida Asian Wonder&#8216;, auch roter Bambus genannt, ist ein einfach aufrecht wachsender Bambus, der kompakt w\u00e4chst. Die Bl\u00e4tter sind lang und schmal und haben eine gl\u00e4nzend gr\u00fcne Farbe. Ein Platz an der Sonne ist kein Problem. Je mehr Sonnenlicht die St\u00e4ngel erhalten, desto r\u00f6ter werden sie. Als Ganzes hat dieser Bambus ein sehr sch\u00f6nes Aussehen und bildet einen sch\u00f6nen Kontrast zu den vielen Farbunterschieden bei Bl\u00e4ttern, St\u00e4ngeln und Hochbl\u00e4ttern. Selbst im Winter beh\u00e4lt dieser Bambus seine Bl\u00e4tter und seinen Zierwert.<\/p>\n","protected":false},"excerpt":{"rendered":"<p>Fargesia scabrida Asian Wonder&#8216;, auch roter Bambus genannt, ist ein einfach aufrecht wachsender Bambus, der kompakt w\u00e4chst. Die Bl\u00e4tter sind lang und schmal und haben eine gl\u00e4nzend gr\u00fcne Farbe. Ein Platz an der Sonne ist kein Problem. Je mehr Sonnenlicht die St\u00e4ngel erhalten, desto r\u00f6ter werden sie. Als Ganzes hat dieser Bambus ein sehr sch\u00f6nes [&hellip;]<\/p>\n","protected":false},"featured_media":0,"template":"","meta":{"_acf_changed":false},"product_brand":[],"product_cat":[290,22],"product_tag":[],"class_list":{"0":"post-1332972","1":"product","2":"type-product","3":"status-publish","5":"product_cat-elebamboo","6":"product_cat-elegrass","7":"pa_bloemvruchtkleur-gruen","8":"pa_location-halbschattig","9":"pa_location-sonnig","10":"pa_max-height-36","12":"first","13":"instock","14":"product-type-simple"},"acf":[],"_links":{"self":[{"href":"https:\/\/hoogeveenplants.nl\/de\/wp-json\/wp\/v2\/product\/1332972","targetHints":{"allow":["GET"]}}],"collection":[{"href":"https:\/\/hoogeveenplants.nl\/de\/wp-json\/wp\/v2\/product"}],"about":[{"href":"https:\/\/hoogeveenplants.nl\/de\/wp-json\/wp\/v2\/types\/product"}],"wp:attachment":[{"href":"https:\/\/hoogeveenplants.nl\/de\/wp-json\/wp\/v2\/media?parent=1332972"}],"wp:term":[{"taxonomy":"product_brand","embeddable":true,"href":"https:\/\/hoogeveenplants.nl\/de\/wp-json\/wp\/v2\/product_brand?post=1332972"},{"taxonomy":"product_cat","embeddable":true,"href":"https:\/\/hoogeveenplants.nl\/de\/wp-json\/wp\/v2\/product_cat?post=1332972"},{"taxonomy":"product_tag","embeddable":true,"href":"https:\/\/hoogeveenplants.nl\/de\/wp-json\/wp\/v2\/product_tag?post=1332972"}],"curies":[{"name":"wp","href":"https:\/\/api.w.org\/{rel}","templated":true}]}}