{"id":1332894,"date":"2026-04-23T03:36:06","date_gmt":"2026-04-23T02:36:06","guid":{"rendered":"https:\/\/hoogeveenplants.nl\/p\/celastrus-orbiculatus\/"},"modified":"2026-04-23T03:48:47","modified_gmt":"2026-04-23T02:48:47","slug":"celastrus-orbiculatus","status":"publish","type":"product","link":"https:\/\/hoogeveenplants.nl\/de\/p\/celastrus-orbiculatus\/","title":{"rendered":"Celastrus orbiculatus"},"content":{"rendered":"<p>Celastrus Orbiculatus&#8216; ist eine schnellw\u00fcchsige, immergr\u00fcne Kletterpflanze, die auch als &#8218;Baumw\u00fcrger&#8216; bekannt ist. Da die Kletterpflanze im Winter ihre Bl\u00e4tter verliert, kann sie sich nicht als immergr\u00fcn bezeichnen. Wenn die Celastrus das Stadium der Reife erreicht hat, kann sie etwa 4 Meter hoch werden. Von Mai bis Juli k\u00f6nnen Sie sich an den roten Bl\u00fcten erfreuen, die Bienen und Schmetterlinge anziehen. Nach der Bl\u00fctezeit, etwa von Oktober bis Februar, bildet der Baumw\u00fcrger rote und gelbe Beeren. Achten Sie darauf, dass die Celastrus Orbiculatus nicht in einem Baum oder Strauch w\u00e4chst. Wie der Name &#8218;Tree Strangler&#8216; schon sagt, stranguliert diese sch\u00f6ne Kletterpflanze andere Pflanzen mit ihrem Griff.<\/p>\n","protected":false},"excerpt":{"rendered":"<p>Celastrus Orbiculatus&#8216; ist eine schnellw\u00fcchsige, immergr\u00fcne Kletterpflanze, die auch als &#8218;Baumw\u00fcrger&#8216; bekannt ist. Da die Kletterpflanze im Winter ihre Bl\u00e4tter verliert, kann sie sich nicht als immergr\u00fcn bezeichnen. Wenn die Celastrus das Stadium der Reife erreicht hat, kann sie etwa 4 Meter hoch werden. Von Mai bis Juli k\u00f6nnen Sie sich an den roten Bl\u00fcten [&hellip;]<\/p>\n","protected":false},"featured_media":0,"template":"","meta":{"_acf_changed":false},"product_brand":[],"product_cat":[71],"product_tag":[],"class_list":{"0":"post-1332894","1":"product","2":"type-product","3":"status-publish","5":"product_cat-upclimbers","6":"pa_bloemvruchtkleur-orange","7":"pa_location-halbschattig","8":"pa_location-sonnig","9":"pa_max-height-60","11":"first","12":"instock","13":"product-type-simple"},"acf":[],"_links":{"self":[{"href":"https:\/\/hoogeveenplants.nl\/de\/wp-json\/wp\/v2\/product\/1332894","targetHints":{"allow":["GET"]}}],"collection":[{"href":"https:\/\/hoogeveenplants.nl\/de\/wp-json\/wp\/v2\/product"}],"about":[{"href":"https:\/\/hoogeveenplants.nl\/de\/wp-json\/wp\/v2\/types\/product"}],"wp:attachment":[{"href":"https:\/\/hoogeveenplants.nl\/de\/wp-json\/wp\/v2\/media?parent=1332894"}],"wp:term":[{"taxonomy":"product_brand","embeddable":true,"href":"https:\/\/hoogeveenplants.nl\/de\/wp-json\/wp\/v2\/product_brand?post=1332894"},{"taxonomy":"product_cat","embeddable":true,"href":"https:\/\/hoogeveenplants.nl\/de\/wp-json\/wp\/v2\/product_cat?post=1332894"},{"taxonomy":"product_tag","embeddable":true,"href":"https:\/\/hoogeveenplants.nl\/de\/wp-json\/wp\/v2\/product_tag?post=1332894"}],"curies":[{"name":"wp","href":"https:\/\/api.w.org\/{rel}","templated":true}]}}