{"id":1332831,"date":"2026-04-23T03:34:28","date_gmt":"2026-04-23T02:34:28","guid":{"rendered":"https:\/\/hoogeveenplants.nl\/p\/rubus-idaeus-willamette\/"},"modified":"2026-04-23T03:48:33","modified_gmt":"2026-04-23T02:48:33","slug":"rubus-idaeus-willamette","status":"publish","type":"product","link":"https:\/\/hoogeveenplants.nl\/de\/p\/rubus-idaeus-willamette\/","title":{"rendered":"Rubus idaeus &#8218;Willamette&#8216;"},"content":{"rendered":"<p>Rubus Idaeus Willamette&#8216; ist eine Sommerhimbeere und tr\u00e4gt daher im Juni und Juli reife Fr\u00fcchte. Der Strauch ist stachelig und nimmt viel Platz in Anspruch, aber daf\u00fcr tr\u00e4gt er auch besonders gro\u00dfe Fr\u00fcchte. Die Fr\u00fcchte sind dunkelrot, gro\u00df und fest und haben einen s\u00fc\u00dfen Geschmack. Sie enthalten viel Vitamin C, Mineralien und Antioxidantien. Die Himbeere kann frisch verzehrt, aber auch eingefroren oder zu k\u00f6stlicher Marmelade oder Lik\u00f6r verarbeitet werden. Nach der Ernte ist es ratsam, die Zweige, die Fr\u00fcchte getragen haben, zu entfernen, damit im neuen Jahr neue junge Zweige wachsen k\u00f6nnen. Am besten ist es, ihn in der N\u00e4he eines Maschendrahtes oder Zauns zu platzieren, damit die eher schwachen St\u00e4mme des Strauches fixiert werden k\u00f6nnen. Auch V\u00f6gel lieben Himbeeren, also sch\u00fctzen Sie den Strauch z. B. mit einem Netz.<\/p>\n","protected":false},"excerpt":{"rendered":"<p>Rubus Idaeus Willamette&#8216; ist eine Sommerhimbeere und tr\u00e4gt daher im Juni und Juli reife Fr\u00fcchte. Der Strauch ist stachelig und nimmt viel Platz in Anspruch, aber daf\u00fcr tr\u00e4gt er auch besonders gro\u00dfe Fr\u00fcchte. Die Fr\u00fcchte sind dunkelrot, gro\u00df und fest und haben einen s\u00fc\u00dfen Geschmack. Sie enthalten viel Vitamin C, Mineralien und Antioxidantien. Die Himbeere [&hellip;]<\/p>\n","protected":false},"featured_media":0,"template":"","meta":{"_acf_changed":false},"product_brand":[],"product_cat":[212],"product_tag":[],"class_list":{"0":"post-1332831","1":"product","2":"type-product","3":"status-publish","5":"product_cat-100-fruit","6":"pa_bloemvruchtkleur-rot","7":"pa_location-halbschattig","8":"pa_location-sonnig","9":"pa_max-height-17","11":"first","12":"instock","13":"product-type-simple"},"acf":[],"_links":{"self":[{"href":"https:\/\/hoogeveenplants.nl\/de\/wp-json\/wp\/v2\/product\/1332831","targetHints":{"allow":["GET"]}}],"collection":[{"href":"https:\/\/hoogeveenplants.nl\/de\/wp-json\/wp\/v2\/product"}],"about":[{"href":"https:\/\/hoogeveenplants.nl\/de\/wp-json\/wp\/v2\/types\/product"}],"wp:attachment":[{"href":"https:\/\/hoogeveenplants.nl\/de\/wp-json\/wp\/v2\/media?parent=1332831"}],"wp:term":[{"taxonomy":"product_brand","embeddable":true,"href":"https:\/\/hoogeveenplants.nl\/de\/wp-json\/wp\/v2\/product_brand?post=1332831"},{"taxonomy":"product_cat","embeddable":true,"href":"https:\/\/hoogeveenplants.nl\/de\/wp-json\/wp\/v2\/product_cat?post=1332831"},{"taxonomy":"product_tag","embeddable":true,"href":"https:\/\/hoogeveenplants.nl\/de\/wp-json\/wp\/v2\/product_tag?post=1332831"}],"curies":[{"name":"wp","href":"https:\/\/api.w.org\/{rel}","templated":true}]}}