{"id":1332722,"date":"2026-04-23T03:32:29","date_gmt":"2026-04-23T02:32:29","guid":{"rendered":"https:\/\/hoogeveenplants.nl\/p\/akebia-quinata\/"},"modified":"2026-04-23T03:48:11","modified_gmt":"2026-04-23T02:48:11","slug":"akebia-quinata","status":"publish","type":"product","link":"https:\/\/hoogeveenplants.nl\/de\/p\/akebia-quinata\/","title":{"rendered":"Akebia quinata"},"content":{"rendered":"<p>Akebia quinata&#8216; ist auch unter dem Namen Klettergurke bekannt und ist eine kr\u00e4ftige, aufrechte, halbimmergr\u00fcne Kletterpflanze mit einem weit ausladenden Wuchs. Die Bl\u00e4tter sind zusammengesetzt, f\u00fcnfteilig und handf\u00f6rmig. Die Fiederbl\u00e4ttchen sind eif\u00f6rmig, lederartig und dunkelgr\u00fcn bis blaugr\u00fcn gef\u00e4rbt. DieKlettergurke bl\u00fcht im April und Mai mit kastanien- bis schokoladenroten, angenehm duftenden Bl\u00fcten in h\u00e4ngenden Trauben, sp\u00e4ter folgen auff\u00e4llige, gurken\u00e4hnliche, violett-lila Fr\u00fcchte. Akebia quinata bevorzugt einen halbschattigen Standort, aber auch volle Sonne ist m\u00f6glich, solange der Boden ausreichend feucht ist und die Pflanze mit den F\u00fc\u00dfen im Schatten steht. Die Pflanze ist au\u00dferdem recht robust und, sobald sie sich etabliert hat, ziemlich trockenheitsresistent.<\/p>\n","protected":false},"excerpt":{"rendered":"<p>Akebia quinata&#8216; ist auch unter dem Namen Klettergurke bekannt und ist eine kr\u00e4ftige, aufrechte, halbimmergr\u00fcne Kletterpflanze mit einem weit ausladenden Wuchs. Die Bl\u00e4tter sind zusammengesetzt, f\u00fcnfteilig und handf\u00f6rmig. Die Fiederbl\u00e4ttchen sind eif\u00f6rmig, lederartig und dunkelgr\u00fcn bis blaugr\u00fcn gef\u00e4rbt. DieKlettergurke bl\u00fcht im April und Mai mit kastanien- bis schokoladenroten, angenehm duftenden Bl\u00fcten in h\u00e4ngenden Trauben, sp\u00e4ter [&hellip;]<\/p>\n","protected":false},"featured_media":0,"template":"","meta":{"_acf_changed":false},"product_brand":[],"product_cat":[71],"product_tag":[],"class_list":{"0":"post-1332722","1":"product","2":"type-product","3":"status-publish","5":"product_cat-upclimbers","6":"pa_bloemvruchtkleur-rot","7":"pa_location-halbschattig","8":"pa_location-sonnig","9":"pa_max-height-77","11":"first","12":"instock","13":"product-type-simple"},"acf":[],"_links":{"self":[{"href":"https:\/\/hoogeveenplants.nl\/de\/wp-json\/wp\/v2\/product\/1332722","targetHints":{"allow":["GET"]}}],"collection":[{"href":"https:\/\/hoogeveenplants.nl\/de\/wp-json\/wp\/v2\/product"}],"about":[{"href":"https:\/\/hoogeveenplants.nl\/de\/wp-json\/wp\/v2\/types\/product"}],"wp:attachment":[{"href":"https:\/\/hoogeveenplants.nl\/de\/wp-json\/wp\/v2\/media?parent=1332722"}],"wp:term":[{"taxonomy":"product_brand","embeddable":true,"href":"https:\/\/hoogeveenplants.nl\/de\/wp-json\/wp\/v2\/product_brand?post=1332722"},{"taxonomy":"product_cat","embeddable":true,"href":"https:\/\/hoogeveenplants.nl\/de\/wp-json\/wp\/v2\/product_cat?post=1332722"},{"taxonomy":"product_tag","embeddable":true,"href":"https:\/\/hoogeveenplants.nl\/de\/wp-json\/wp\/v2\/product_tag?post=1332722"}],"curies":[{"name":"wp","href":"https:\/\/api.w.org\/{rel}","templated":true}]}}