{"id":1332686,"date":"2026-04-23T03:32:10","date_gmt":"2026-04-23T02:32:10","guid":{"rendered":"https:\/\/hoogeveenplants.nl\/p\/clematis-armandii-apple-blossom\/"},"modified":"2026-04-23T03:48:05","modified_gmt":"2026-04-23T02:48:05","slug":"clematis-armandii-apple-blossom","status":"publish","type":"product","link":"https:\/\/hoogeveenplants.nl\/de\/p\/clematis-armandii-apple-blossom\/","title":{"rendered":"Clematis armandii &#8218;Apple Blossom&#8216;"},"content":{"rendered":"<p>Clematis armandii Apple Blossom&#8216; verdankt ihren Namen den Bl\u00fcten, die in ihrer Farbe den Bl\u00fcten von Apfelb\u00e4umen sehr \u00e4hnlich sind. Die Bl\u00fcten sind in der Knospe rosa, die Bl\u00fctenbl\u00e4tter selbst sind wei\u00df mit gelblich-wei\u00dfen Staubgef\u00e4\u00dfen in der Mitte. Die Bl\u00fcten erscheinen im zeitigen Fr\u00fchjahr an der Kletterpflanze. Sie bl\u00fcht reichlich, was die Bienen lieben. Eine Besonderheit dieser Kletterpflanze ist, dass sie eine der wenigen Clematis ist, die im Winter gr\u00fcn bleibt. Seine Bl\u00e4tter sind ledrig, l\u00e4nglich gr\u00fcn und sehr elegant. Sie ist eine Kletterpflanze, die sich mit gewundenen Blattstielen festh\u00e4lt und gut an einem Zaun, einer Mauer oder einer Pergola wachsen kann, aber Kletterdraht oder ein Kletterger\u00fcst ben\u00f6tigt. Sie k\u00f6nnen ihm hin und wieder helfen, indem Sie neue Triebe ordentlich am Gestell festbinden oder sie durch den Zaun f\u00fchren. Sie bevorzugt einen gesch\u00fctzten und sonnigen Platz im Garten. Die Clematis bl\u00fcht \u00fcppiger, wenn sie mehr Sonne bekommt. Die Clematis ist bis -10 Grad winterhart. Ein R\u00fcckschnitt der Clematis ist nicht erforderlich. Nach der Bl\u00fcte kann man sie ein wenig zur\u00fcckschneiden, um die Bl\u00fcte zu f\u00f6rdern.<\/p>\n","protected":false},"excerpt":{"rendered":"<p>Clematis armandii Apple Blossom&#8216; verdankt ihren Namen den Bl\u00fcten, die in ihrer Farbe den Bl\u00fcten von Apfelb\u00e4umen sehr \u00e4hnlich sind. Die Bl\u00fcten sind in der Knospe rosa, die Bl\u00fctenbl\u00e4tter selbst sind wei\u00df mit gelblich-wei\u00dfen Staubgef\u00e4\u00dfen in der Mitte. Die Bl\u00fcten erscheinen im zeitigen Fr\u00fchjahr an der Kletterpflanze. Sie bl\u00fcht reichlich, was die Bienen lieben. Eine [&hellip;]<\/p>\n","protected":false},"featured_media":0,"template":"","meta":{"_acf_changed":false},"product_brand":[],"product_cat":[71],"product_tag":[],"class_list":{"0":"post-1332686","1":"product","2":"type-product","3":"status-publish","5":"product_cat-upclimbers","6":"pa_bloemvruchtkleur-rosa","7":"pa_location-halbschattig","8":"pa_location-sonnig","9":"pa_max-height-34","11":"first","12":"instock","13":"product-type-simple"},"acf":[],"_links":{"self":[{"href":"https:\/\/hoogeveenplants.nl\/de\/wp-json\/wp\/v2\/product\/1332686","targetHints":{"allow":["GET"]}}],"collection":[{"href":"https:\/\/hoogeveenplants.nl\/de\/wp-json\/wp\/v2\/product"}],"about":[{"href":"https:\/\/hoogeveenplants.nl\/de\/wp-json\/wp\/v2\/types\/product"}],"wp:attachment":[{"href":"https:\/\/hoogeveenplants.nl\/de\/wp-json\/wp\/v2\/media?parent=1332686"}],"wp:term":[{"taxonomy":"product_brand","embeddable":true,"href":"https:\/\/hoogeveenplants.nl\/de\/wp-json\/wp\/v2\/product_brand?post=1332686"},{"taxonomy":"product_cat","embeddable":true,"href":"https:\/\/hoogeveenplants.nl\/de\/wp-json\/wp\/v2\/product_cat?post=1332686"},{"taxonomy":"product_tag","embeddable":true,"href":"https:\/\/hoogeveenplants.nl\/de\/wp-json\/wp\/v2\/product_tag?post=1332686"}],"curies":[{"name":"wp","href":"https:\/\/api.w.org\/{rel}","templated":true}]}}