{"id":1331643,"date":"2026-04-22T03:36:11","date_gmt":"2026-04-22T02:36:11","guid":{"rendered":"https:\/\/hoogeveenplants.nl\/p\/vitis-vinifera-muscat-of-alexandria\/"},"modified":"2026-04-22T03:49:00","modified_gmt":"2026-04-22T02:49:00","slug":"vitis-vinifera-muscat-of-alexandria","status":"publish","type":"product","link":"https:\/\/hoogeveenplants.nl\/de\/p\/vitis-vinifera-muscat-of-alexandria\/","title":{"rendered":"Vitis vinifera &#8218;Muscat of Alexandria&#8216;"},"content":{"rendered":"<p>Vitis Muscat of Alexandria&#8216; ist eine kernlose wei\u00dfe Traubenpflanze. Aufgrund der sehr fr\u00fchen Bl\u00fctezeit sollte diese Sorte im Gew\u00e4chshaus gehalten werden, um ein Erfrieren der Bl\u00fcten zu verhindern. Diese sehr saftige, wei\u00dfe, gro\u00dfe Traube eignet sich hervorragend f\u00fcr die Weinherstellung und nat\u00fcrlich als Snack oder f\u00fcr die Verwendung in Gerichten. Sie ist eine Kletterpflanze, die mehrere Meter hoch werden kann. Man kann ihn in alle m\u00f6glichen Formen bringen und ihn durch guten Schnitt sehr kompakt halten. Sie k\u00f6nnen die Traube einfach entlang einer Pergola oder an einer Wand mit Spanndr\u00e4hten f\u00fchren. Die Traube bildet im Mai-Juni zun\u00e4chst unscheinbare Bl\u00fctentrauben aus, aus denen sich dann die Trauben bilden. Die Fr\u00fcchte sind gr\u00fcn-wei\u00df und haben einen s\u00fc\u00dfen Geschmack. Man kann sie direkt essen oder zu Marmelade oder Saft verarbeiten. Diese Muskatellertraube eignet sich auch sehr gut f\u00fcr einen s\u00fc\u00dfen, vollmundigen Wein. Die Traubenpflanze braucht viel Sonne, um zu reifen, und sie liebt W\u00e4rme, daher ist ein Standort in S\u00fcdlage ideal. Die Trauben k\u00f6nnen ab Mitte September geerntet werden. Der Boden sollte gut durchl\u00e4ssig und n\u00e4hrstoffreich sein und m\u00f6glichst nicht zu sauer, sondern eher kalkhaltig. Das Beschneiden erh\u00f6ht den Fruchtertrag und die Pflanze sieht auch sch\u00f6ner aus. Am besten ist es, die Pflanze zwischen November und Februar zu beschneiden, aber nicht bei strengem Frost. \u00dcberfl\u00fcssige Seiten- und Haupt\u00e4ste beschneiden. Diese Rebsorte ist widerstandsf\u00e4hig und kann Temperaturen von bis zu -20 Grad standhalten.<\/p>\n","protected":false},"excerpt":{"rendered":"<p>Vitis Muscat of Alexandria&#8216; ist eine kernlose wei\u00dfe Traubenpflanze. Aufgrund der sehr fr\u00fchen Bl\u00fctezeit sollte diese Sorte im Gew\u00e4chshaus gehalten werden, um ein Erfrieren der Bl\u00fcten zu verhindern. Diese sehr saftige, wei\u00dfe, gro\u00dfe Traube eignet sich hervorragend f\u00fcr die Weinherstellung und nat\u00fcrlich als Snack oder f\u00fcr die Verwendung in Gerichten. Sie ist eine Kletterpflanze, die [&hellip;]<\/p>\n","protected":false},"featured_media":0,"template":"","meta":{"_acf_changed":false},"product_brand":[],"product_cat":[212],"product_tag":[],"class_list":{"0":"post-1331643","1":"product","2":"type-product","3":"status-publish","5":"product_cat-100-fruit","6":"pa_bloemvruchtkleur-weiss","7":"pa_location-halbschattig","8":"pa_location-sonnig","9":"pa_max-height-56","11":"first","12":"instock","13":"product-type-simple"},"acf":[],"_links":{"self":[{"href":"https:\/\/hoogeveenplants.nl\/de\/wp-json\/wp\/v2\/product\/1331643","targetHints":{"allow":["GET"]}}],"collection":[{"href":"https:\/\/hoogeveenplants.nl\/de\/wp-json\/wp\/v2\/product"}],"about":[{"href":"https:\/\/hoogeveenplants.nl\/de\/wp-json\/wp\/v2\/types\/product"}],"wp:attachment":[{"href":"https:\/\/hoogeveenplants.nl\/de\/wp-json\/wp\/v2\/media?parent=1331643"}],"wp:term":[{"taxonomy":"product_brand","embeddable":true,"href":"https:\/\/hoogeveenplants.nl\/de\/wp-json\/wp\/v2\/product_brand?post=1331643"},{"taxonomy":"product_cat","embeddable":true,"href":"https:\/\/hoogeveenplants.nl\/de\/wp-json\/wp\/v2\/product_cat?post=1331643"},{"taxonomy":"product_tag","embeddable":true,"href":"https:\/\/hoogeveenplants.nl\/de\/wp-json\/wp\/v2\/product_tag?post=1331643"}],"curies":[{"name":"wp","href":"https:\/\/api.w.org\/{rel}","templated":true}]}}