{"id":1330441,"date":"2026-04-21T03:36:33","date_gmt":"2026-04-21T02:36:33","guid":{"rendered":"https:\/\/hoogeveenplants.nl\/p\/vitis-vinifera-vanessa-pitloos\/"},"modified":"2026-04-21T03:50:09","modified_gmt":"2026-04-21T02:50:09","slug":"vitis-vinifera-vanessa-pitloos","status":"publish","type":"product","link":"https:\/\/hoogeveenplants.nl\/de\/p\/vitis-vinifera-vanessa-pitloos\/","title":{"rendered":"Vitis vinifera &#8218;Vanessa&#8216; (pitloos)"},"content":{"rendered":"<p>Vitis Vinifera Vanessa&#8216; ist eine kernlose rote Traube, die sehr resistent gegen Mehltau ist. Obwohl sie k\u00f6stlich s\u00fc\u00df ist, sind die Trauben klein, was sie f\u00fcr den Au\u00dfenbereich geeignet macht. Diese Traube ist recht lange haltbar. Sie wird oft als die beste kernlose Traube f\u00fcr kalte Klimazonen bezeichnet. Sie ist eine Kletterpflanze, die mehrere Meter hoch werden kann. Man kann ihn in alle m\u00f6glichen Formen bringen und ihn durch guten Schnitt sehr kompakt halten. Sie k\u00f6nnen die Traube einfach entlang einer Pergola oder an der Wand mit Drahtschn\u00fcren f\u00fchren. Die Traube bildet im Mai-Juni zun\u00e4chst unscheinbare Bl\u00fctentrauben aus, aus denen sich dann die Trauben bilden. Die Fr\u00fcchte sind hellrot und haben einen s\u00fc\u00dfen, aromatischen Geschmack. Man kann sie direkt essen oder zu Marmelade, Saft oder Wein verarbeiten. Die Traubenpflanze braucht viel Sonne, um zu reifen, und liebt die W\u00e4rme, so dass ein nach S\u00fcden ausgerichteter Standort ideal ist. Die Trauben k\u00f6nnen ab Mitte September geerntet werden. Der Boden sollte gut durchl\u00e4ssig und n\u00e4hrstoffreich sein und m\u00f6glichst nicht zu sauer, sondern eher kalkhaltig. Das Beschneiden erh\u00f6ht den Fruchtertrag und die Pflanze sieht auch sch\u00f6ner aus. Am besten ist es, die Pflanze zwischen November und Februar zu beschneiden, aber nicht bei strengem Frost. \u00dcberfl\u00fcssige Seiten- und Haupt\u00e4ste beschneiden. Diese Rebsorte ist widerstandsf\u00e4hig und kann Temperaturen von bis zu -20 Grad standhalten.<\/p>\n","protected":false},"excerpt":{"rendered":"<p>Vitis Vinifera Vanessa&#8216; ist eine kernlose rote Traube, die sehr resistent gegen Mehltau ist. Obwohl sie k\u00f6stlich s\u00fc\u00df ist, sind die Trauben klein, was sie f\u00fcr den Au\u00dfenbereich geeignet macht. Diese Traube ist recht lange haltbar. Sie wird oft als die beste kernlose Traube f\u00fcr kalte Klimazonen bezeichnet. Sie ist eine Kletterpflanze, die mehrere Meter [&hellip;]<\/p>\n","protected":false},"featured_media":0,"template":"","meta":{"_acf_changed":false},"product_brand":[],"product_cat":[212],"product_tag":[],"class_list":{"0":"post-1330441","1":"product","2":"type-product","3":"status-publish","5":"product_cat-100-fruit","6":"pa_bloemvruchtkleur-rot","7":"pa_location-halbschattig","8":"pa_location-sonnig","9":"pa_max-height-56","11":"first","12":"instock","13":"product-type-simple"},"acf":[],"_links":{"self":[{"href":"https:\/\/hoogeveenplants.nl\/de\/wp-json\/wp\/v2\/product\/1330441","targetHints":{"allow":["GET"]}}],"collection":[{"href":"https:\/\/hoogeveenplants.nl\/de\/wp-json\/wp\/v2\/product"}],"about":[{"href":"https:\/\/hoogeveenplants.nl\/de\/wp-json\/wp\/v2\/types\/product"}],"wp:attachment":[{"href":"https:\/\/hoogeveenplants.nl\/de\/wp-json\/wp\/v2\/media?parent=1330441"}],"wp:term":[{"taxonomy":"product_brand","embeddable":true,"href":"https:\/\/hoogeveenplants.nl\/de\/wp-json\/wp\/v2\/product_brand?post=1330441"},{"taxonomy":"product_cat","embeddable":true,"href":"https:\/\/hoogeveenplants.nl\/de\/wp-json\/wp\/v2\/product_cat?post=1330441"},{"taxonomy":"product_tag","embeddable":true,"href":"https:\/\/hoogeveenplants.nl\/de\/wp-json\/wp\/v2\/product_tag?post=1330441"}],"curies":[{"name":"wp","href":"https:\/\/api.w.org\/{rel}","templated":true}]}}