{"id":1330387,"date":"2026-04-21T03:36:05","date_gmt":"2026-04-21T02:36:05","guid":{"rendered":"https:\/\/hoogeveenplants.nl\/p\/fragaria-x-ananassa-eves-delight\/"},"modified":"2026-04-21T03:48:55","modified_gmt":"2026-04-21T02:48:55","slug":"fragaria-x-ananassa-eves-delight","status":"publish","type":"product","link":"https:\/\/hoogeveenplants.nl\/de\/p\/fragaria-x-ananassa-eves-delight\/","title":{"rendered":"Fragaria x ananassa &#8218;Eve&#8217;s Delight&#8216;"},"content":{"rendered":"<p>Fragaria Eve&#8217;s Delight&#8216; ist eine pflegeleichte Erdbeerpflanze. Die Pflanze bl\u00fcht im April und Mai. In dieser Zeit erscheinen niedliche kleine, duftende wei\u00dfe Bl\u00fcten an der Pflanze. Die ersten Erdbeeren k\u00f6nnen im Juli gepfl\u00fcckt werden, die letzte Ernte erfolgt im September. Die Pflanze liefert k\u00f6stliche, gro\u00dfe, s\u00fc\u00dfe und gesunde Fr\u00fcchte! Wenn Sie die Pflanze in die Sonne stellen, werden die Fr\u00fcchte besonders s\u00fc\u00df. Nach der Ernte ist es am besten, die Pflanze bis auf 10 cm \u00fcber dem Boden zur\u00fcckzuschneiden, damit Sie in der n\u00e4chsten Saison wieder Erdbeeren pfl\u00fccken k\u00f6nnen. Die &#8218;Fragaria&#8216; kann im Freiland, in einem Ziertopf oder in einem Pflanzgef\u00e4\u00df auf dem Balkon oder am Zaun gepflanzt werden. Sie ist einigerma\u00dfen winterhart, aber in Frostperioden sollte man sie vor K\u00e4lte sch\u00fctzen.<\/p>\n","protected":false},"excerpt":{"rendered":"<p>Fragaria Eve&#8217;s Delight&#8216; ist eine pflegeleichte Erdbeerpflanze. Die Pflanze bl\u00fcht im April und Mai. In dieser Zeit erscheinen niedliche kleine, duftende wei\u00dfe Bl\u00fcten an der Pflanze. Die ersten Erdbeeren k\u00f6nnen im Juli gepfl\u00fcckt werden, die letzte Ernte erfolgt im September. Die Pflanze liefert k\u00f6stliche, gro\u00dfe, s\u00fc\u00dfe und gesunde Fr\u00fcchte! Wenn Sie die Pflanze in die [&hellip;]<\/p>\n","protected":false},"featured_media":0,"template":"","meta":{"_acf_changed":false},"product_brand":[],"product_cat":[212],"product_tag":[],"class_list":{"0":"post-1330387","1":"product","2":"type-product","3":"status-publish","5":"product_cat-100-fruit","6":"pa_bloemvruchtkleur-rot","7":"pa_location-halbschattig","8":"pa_location-sonnig","9":"pa_max-height-41","11":"first","12":"instock","13":"product-type-simple"},"acf":[],"_links":{"self":[{"href":"https:\/\/hoogeveenplants.nl\/de\/wp-json\/wp\/v2\/product\/1330387","targetHints":{"allow":["GET"]}}],"collection":[{"href":"https:\/\/hoogeveenplants.nl\/de\/wp-json\/wp\/v2\/product"}],"about":[{"href":"https:\/\/hoogeveenplants.nl\/de\/wp-json\/wp\/v2\/types\/product"}],"wp:attachment":[{"href":"https:\/\/hoogeveenplants.nl\/de\/wp-json\/wp\/v2\/media?parent=1330387"}],"wp:term":[{"taxonomy":"product_brand","embeddable":true,"href":"https:\/\/hoogeveenplants.nl\/de\/wp-json\/wp\/v2\/product_brand?post=1330387"},{"taxonomy":"product_cat","embeddable":true,"href":"https:\/\/hoogeveenplants.nl\/de\/wp-json\/wp\/v2\/product_cat?post=1330387"},{"taxonomy":"product_tag","embeddable":true,"href":"https:\/\/hoogeveenplants.nl\/de\/wp-json\/wp\/v2\/product_tag?post=1330387"}],"curies":[{"name":"wp","href":"https:\/\/api.w.org\/{rel}","templated":true}]}}