{"id":1329277,"date":"2026-04-20T03:38:25","date_gmt":"2026-04-20T02:38:25","guid":{"rendered":"https:\/\/hoogeveenplants.nl\/p\/dianella-revoluta-coolvista\/"},"modified":"2026-04-20T03:50:32","modified_gmt":"2026-04-20T02:50:32","slug":"dianella-revoluta-coolvista","status":"publish","type":"product","link":"https:\/\/hoogeveenplants.nl\/de\/p\/dianella-revoluta-coolvista\/","title":{"rendered":"Dianella revoluta &#8218;Coolvista&#8217;\u00ae"},"content":{"rendered":"<p>Dianella Coolvista&#8216;, eine echte Terrassenpflanze f\u00fcr den Sommer! Ben\u00f6tigt wenig Wasser und vertr\u00e4gt die Sonne gut. Sei cool, pflanze die &#8218;Coolvista&#8216;! Dianella Coolvista&#8216; zeigt das ganze Jahr \u00fcber ihre trendigen blaugrauen Bl\u00e4tter. Sie hat einen stacheligen, aufrechten Wuchs und verzweigt sich leicht. Die Pflanze ist trockenheits- und hitzeresistent und bevorzugt einen gut durchl\u00e4ssigen Boden in voller Sonne. Diese Art ist nicht winterhart und braucht Schutz, um den Winter zu \u00fcberstehen. Sie ist ideal f\u00fcr einen Ziertopf auf Ihrer Terrasse oder Ihrem Balkon. Sie k\u00f6nnen sie auch mit anderen Pflanzen in einem sch\u00f6nen gemischten Pflanzgef\u00e4\u00df kombinieren. Genie\u00dfen Sie mit der &#8218;Dianella Coolvista&#8216; blaugraue Farbt\u00f6ne in Ihrem Garten.<\/p>\n","protected":false},"excerpt":{"rendered":"<p>Dianella Coolvista&#8216;, eine echte Terrassenpflanze f\u00fcr den Sommer! Ben\u00f6tigt wenig Wasser und vertr\u00e4gt die Sonne gut. Sei cool, pflanze die &#8218;Coolvista&#8216;! Dianella Coolvista&#8216; zeigt das ganze Jahr \u00fcber ihre trendigen blaugrauen Bl\u00e4tter. Sie hat einen stacheligen, aufrechten Wuchs und verzweigt sich leicht. Die Pflanze ist trockenheits- und hitzeresistent und bevorzugt einen gut durchl\u00e4ssigen Boden in [&hellip;]<\/p>\n","protected":false},"featured_media":0,"template":"","meta":{"_acf_changed":false},"product_brand":[],"product_cat":[22,247],"product_tag":[],"class_list":{"0":"post-1329277","1":"product","2":"type-product","3":"status-publish","5":"product_cat-elegrass","6":"product_cat-super-easy-care","7":"pa_bloemvruchtkleur-gruen","8":"pa_location-halbschattig","9":"pa_location-sonnig","10":"pa_max-height-49","12":"first","13":"instock","14":"product-type-simple"},"acf":[],"_links":{"self":[{"href":"https:\/\/hoogeveenplants.nl\/de\/wp-json\/wp\/v2\/product\/1329277","targetHints":{"allow":["GET"]}}],"collection":[{"href":"https:\/\/hoogeveenplants.nl\/de\/wp-json\/wp\/v2\/product"}],"about":[{"href":"https:\/\/hoogeveenplants.nl\/de\/wp-json\/wp\/v2\/types\/product"}],"wp:attachment":[{"href":"https:\/\/hoogeveenplants.nl\/de\/wp-json\/wp\/v2\/media?parent=1329277"}],"wp:term":[{"taxonomy":"product_brand","embeddable":true,"href":"https:\/\/hoogeveenplants.nl\/de\/wp-json\/wp\/v2\/product_brand?post=1329277"},{"taxonomy":"product_cat","embeddable":true,"href":"https:\/\/hoogeveenplants.nl\/de\/wp-json\/wp\/v2\/product_cat?post=1329277"},{"taxonomy":"product_tag","embeddable":true,"href":"https:\/\/hoogeveenplants.nl\/de\/wp-json\/wp\/v2\/product_tag?post=1329277"}],"curies":[{"name":"wp","href":"https:\/\/api.w.org\/{rel}","templated":true}]}}