{"id":1329240,"date":"2026-04-20T03:38:06","date_gmt":"2026-04-20T02:38:06","guid":{"rendered":"https:\/\/hoogeveenplants.nl\/p\/prunus-cerasus-morellenfeuer\/"},"modified":"2026-04-20T03:50:22","modified_gmt":"2026-04-20T02:50:22","slug":"prunus-cerasus-morellenfeuer","status":"publish","type":"product","link":"https:\/\/hoogeveenplants.nl\/de\/p\/prunus-cerasus-morellenfeuer\/","title":{"rendered":"Prunus cerasus &#8218;Morellenfeuer&#8216;"},"content":{"rendered":"<p>Leckeres gr\u00fcnes Obst aus 100% biologischem Anbau. Das bedeutet, dass beim Anbau nur pflanzliche und tierische Materialien verwendet wurden. Der Topf und das Etikett bestehen aus recyceltem Kunststoff und sind somit eine saubere L\u00f6sung f\u00fcr die Umwelt.<br \/>\nPrunus Cerasus Morellenfeuer&#8216; ist eine k\u00f6stliche Kirschsorte mit einem s\u00e4uerlichen Geschmack. Der Kirschbaum bl\u00fcht im April mit wei\u00dfen Bl\u00fcten. Etwa im Juli k\u00f6nnen die dunkelroten, langstieligen Fr\u00fcchte gepfl\u00fcckt werden. Die Kirschen sind nur kurze Zeit lagerf\u00e4hig, daher eignen sie sich besonders gut f\u00fcr den direkten Verzehr. Man kann sie auch als Marmelade, Saft oder als Garnierung f\u00fcr Eis, Kuchen und Desserts verwenden. Sie enthalten viele Kohlenhydrate, Kalzium und Vitamin C. Der Kirschbaum w\u00e4chst in fast jedem Boden. Es ist jedoch wichtig, dass der Boden ausreichend feucht und n\u00e4hrstoffreich ist. Pflanzen Sie den Kirschbaum an einen sonnigen Platz, damit die Kirschen ausreichend Sonne abbekommen. Beschneiden Sie den Baum nach der Ernte. Schneiden Sie neue \u00c4ste, die nicht zur Baumkrone geh\u00f6ren. Siehst du \u00c4ste, die sich kreuzen? Dann schneiden Sie einen von ihnen zur\u00fcck. Gibt es Zweige, an denen es dieses Jahr keine Kirschen gab? Schneiden Sie sie bis auf den Stamm zur\u00fcck. Kurzum, ein einfacher Kirschbaum, der f\u00fcr jeden Garten geeignet ist.<\/p>\n","protected":false},"excerpt":{"rendered":"<p>Leckeres gr\u00fcnes Obst aus 100% biologischem Anbau. Das bedeutet, dass beim Anbau nur pflanzliche und tierische Materialien verwendet wurden. Der Topf und das Etikett bestehen aus recyceltem Kunststoff und sind somit eine saubere L\u00f6sung f\u00fcr die Umwelt. Prunus Cerasus Morellenfeuer&#8216; ist eine k\u00f6stliche Kirschsorte mit einem s\u00e4uerlichen Geschmack. Der Kirschbaum bl\u00fcht im April mit wei\u00dfen [&hellip;]<\/p>\n","protected":false},"featured_media":0,"template":"","meta":{"_acf_changed":false},"product_brand":[],"product_cat":[213],"product_tag":[],"class_list":{"0":"post-1329240","1":"product","2":"type-product","3":"status-publish","5":"product_cat-tasty-green","6":"pa_bloemvruchtkleur-rot","7":"pa_location-halbschattig","8":"pa_location-sonnig","9":"pa_max-height-56","11":"first","12":"instock","13":"product-type-simple"},"acf":[],"_links":{"self":[{"href":"https:\/\/hoogeveenplants.nl\/de\/wp-json\/wp\/v2\/product\/1329240","targetHints":{"allow":["GET"]}}],"collection":[{"href":"https:\/\/hoogeveenplants.nl\/de\/wp-json\/wp\/v2\/product"}],"about":[{"href":"https:\/\/hoogeveenplants.nl\/de\/wp-json\/wp\/v2\/types\/product"}],"wp:attachment":[{"href":"https:\/\/hoogeveenplants.nl\/de\/wp-json\/wp\/v2\/media?parent=1329240"}],"wp:term":[{"taxonomy":"product_brand","embeddable":true,"href":"https:\/\/hoogeveenplants.nl\/de\/wp-json\/wp\/v2\/product_brand?post=1329240"},{"taxonomy":"product_cat","embeddable":true,"href":"https:\/\/hoogeveenplants.nl\/de\/wp-json\/wp\/v2\/product_cat?post=1329240"},{"taxonomy":"product_tag","embeddable":true,"href":"https:\/\/hoogeveenplants.nl\/de\/wp-json\/wp\/v2\/product_tag?post=1329240"}],"curies":[{"name":"wp","href":"https:\/\/api.w.org\/{rel}","templated":true}]}}