{"id":1329203,"date":"2026-04-20T03:36:41","date_gmt":"2026-04-20T02:36:41","guid":{"rendered":"https:\/\/hoogeveenplants.nl\/p\/prunus-avium-bigarreau-napoleon\/"},"modified":"2026-04-20T03:50:13","modified_gmt":"2026-04-20T02:50:13","slug":"prunus-avium-bigarreau-napoleon","status":"publish","type":"product","link":"https:\/\/hoogeveenplants.nl\/de\/p\/prunus-avium-bigarreau-napoleon\/","title":{"rendered":"Prunus avium &#8218;Bigarreau Napol\u00e9on&#8216;"},"content":{"rendered":"<p>Leckeres gr\u00fcnes Obst aus 100% biologischem Anbau. Das bedeutet, dass beim Anbau nur pflanzliche und tierische Materialien verwendet wurden. Der Topf und das Etikett bestehen aus recyceltem Kunststoff und sind somit eine saubere L\u00f6sung f\u00fcr die Umwelt.<br \/>\nPrunus Avium Bigarreau Napol\u00e9on&#8216; ist ein blonder Kirschbaum. Der Baum bl\u00fcht im Fr\u00fchjahr mit wundersch\u00f6nen schneewei\u00dfen Bl\u00fcten. Nach der Best\u00e4ubung bringt der Baum gelbe Fr\u00fcchte mit roter F\u00e4rbung und wei\u00df-gelbem, festem Fruchtfleisch hervor. Sie haben einen saftigen und s\u00fc\u00dfen Geschmack. Ab Mitte Juli k\u00f6nnen die Kirschen gepfl\u00fcckt und gegessen werden. Ein Kirschbaum im Garten ist auch ideal, wenn Sie von Wespen bel\u00e4stigt werden. Die Wespen finden in der N\u00e4he des Baumes alles, was sie brauchen, und werden daher nicht auf Ihre Terrasse kommen. Neben den k\u00f6stlich s\u00fc\u00dfen Fr\u00fcchten haben Kirschb\u00e4ume auch einen anderen Zierwert. Im Herbst f\u00e4rben sich ihre Bl\u00e4tter sch\u00f6n orange-rot. Kirschen sind gesund! Sie enthalten viele Kohlenhydrate, Kalzium und Vitamin C. Sie werden meist aus der Hand gegessen. Man kann sie auch als Marmelade, Saft oder als Garnitur f\u00fcr Eis, Kuchen und Desserts verwenden. Der Kirschbaum kann zu zwei Zeitpunkten im Jahr beschnitten werden, nach der Bl\u00fcte und nach der Ernte. Nach der Ernte ist der beste Zeitpunkt, denn dann kann sich der Baum gut von den Schnittwunden erholen. Schneiden Sie den Baum so, dass eine offene Krone mit gen\u00fcgend alten \u00c4sten entsteht, in die das Licht eindringen kann.<\/p>\n","protected":false},"excerpt":{"rendered":"<p>Leckeres gr\u00fcnes Obst aus 100% biologischem Anbau. Das bedeutet, dass beim Anbau nur pflanzliche und tierische Materialien verwendet wurden. Der Topf und das Etikett bestehen aus recyceltem Kunststoff und sind somit eine saubere L\u00f6sung f\u00fcr die Umwelt. Prunus Avium Bigarreau Napol\u00e9on&#8216; ist ein blonder Kirschbaum. Der Baum bl\u00fcht im Fr\u00fchjahr mit wundersch\u00f6nen schneewei\u00dfen Bl\u00fcten. Nach [&hellip;]<\/p>\n","protected":false},"featured_media":0,"template":"","meta":{"_acf_changed":false},"product_brand":[],"product_cat":[213],"product_tag":[],"class_list":{"0":"post-1329203","1":"product","2":"type-product","3":"status-publish","5":"product_cat-tasty-green","6":"pa_bloemvruchtkleur-weiss","7":"pa_location-halbschattig","8":"pa_location-sonnig","9":"pa_max-height-56","11":"first","12":"instock","13":"product-type-simple"},"acf":[],"_links":{"self":[{"href":"https:\/\/hoogeveenplants.nl\/de\/wp-json\/wp\/v2\/product\/1329203","targetHints":{"allow":["GET"]}}],"collection":[{"href":"https:\/\/hoogeveenplants.nl\/de\/wp-json\/wp\/v2\/product"}],"about":[{"href":"https:\/\/hoogeveenplants.nl\/de\/wp-json\/wp\/v2\/types\/product"}],"wp:attachment":[{"href":"https:\/\/hoogeveenplants.nl\/de\/wp-json\/wp\/v2\/media?parent=1329203"}],"wp:term":[{"taxonomy":"product_brand","embeddable":true,"href":"https:\/\/hoogeveenplants.nl\/de\/wp-json\/wp\/v2\/product_brand?post=1329203"},{"taxonomy":"product_cat","embeddable":true,"href":"https:\/\/hoogeveenplants.nl\/de\/wp-json\/wp\/v2\/product_cat?post=1329203"},{"taxonomy":"product_tag","embeddable":true,"href":"https:\/\/hoogeveenplants.nl\/de\/wp-json\/wp\/v2\/product_tag?post=1329203"}],"curies":[{"name":"wp","href":"https:\/\/api.w.org\/{rel}","templated":true}]}}