{"id":1329186,"date":"2026-04-20T03:36:30","date_gmt":"2026-04-20T02:36:30","guid":{"rendered":"https:\/\/hoogeveenplants.nl\/p\/juglans-regia\/"},"modified":"2026-04-20T03:50:09","modified_gmt":"2026-04-20T02:50:09","slug":"juglans-regia","status":"publish","type":"product","link":"https:\/\/hoogeveenplants.nl\/de\/p\/juglans-regia\/","title":{"rendered":"Juglans Regia"},"content":{"rendered":"<p>Leckeres gr\u00fcnes Obst aus 100% biologischem Anbau. Das bedeutet, dass beim Anbau nur pflanzliche und tierische Materialien verwendet wurden. Der Topf und das Etikett bestehen aus recyceltem Kunststoff und sind somit eine saubere L\u00f6sung f\u00fcr die Umwelt. Juglans regia (Walnussbaum) ist ein langsam wachsender Walnussbaum, der eine H\u00f6he von 20 Metern erreicht. Der Walnussbaum entwickelt eine breite runde Krone. Die Waln\u00fcsse erscheinen nur an den \u00e4lteren B\u00e4umen. Die Waln\u00fcsse fallen im Herbst vom Baum und k\u00f6nnen dann gepfl\u00fcckt und gegessen werden. Sie k\u00f6nnen Juglans regia im Sommer beschneiden, aber es ist ratsam, den Baum in Ruhe zu lassen.<\/p>\n","protected":false},"excerpt":{"rendered":"<p>Leckeres gr\u00fcnes Obst aus 100% biologischem Anbau. Das bedeutet, dass beim Anbau nur pflanzliche und tierische Materialien verwendet wurden. Der Topf und das Etikett bestehen aus recyceltem Kunststoff und sind somit eine saubere L\u00f6sung f\u00fcr die Umwelt. Juglans regia (Walnussbaum) ist ein langsam wachsender Walnussbaum, der eine H\u00f6he von 20 Metern erreicht. Der Walnussbaum entwickelt [&hellip;]<\/p>\n","protected":false},"featured_media":0,"template":"","meta":{"_acf_changed":false},"product_brand":[],"product_cat":[213],"product_tag":[],"class_list":{"0":"post-1329186","1":"product","2":"type-product","3":"status-publish","5":"product_cat-tasty-green","6":"pa_bloemvruchtkleur-braun","7":"pa_location-halbschattig","8":"pa_location-sonnig","9":"pa_max-height-77","11":"first","12":"instock","13":"product-type-simple"},"acf":[],"_links":{"self":[{"href":"https:\/\/hoogeveenplants.nl\/de\/wp-json\/wp\/v2\/product\/1329186","targetHints":{"allow":["GET"]}}],"collection":[{"href":"https:\/\/hoogeveenplants.nl\/de\/wp-json\/wp\/v2\/product"}],"about":[{"href":"https:\/\/hoogeveenplants.nl\/de\/wp-json\/wp\/v2\/types\/product"}],"wp:attachment":[{"href":"https:\/\/hoogeveenplants.nl\/de\/wp-json\/wp\/v2\/media?parent=1329186"}],"wp:term":[{"taxonomy":"product_brand","embeddable":true,"href":"https:\/\/hoogeveenplants.nl\/de\/wp-json\/wp\/v2\/product_brand?post=1329186"},{"taxonomy":"product_cat","embeddable":true,"href":"https:\/\/hoogeveenplants.nl\/de\/wp-json\/wp\/v2\/product_cat?post=1329186"},{"taxonomy":"product_tag","embeddable":true,"href":"https:\/\/hoogeveenplants.nl\/de\/wp-json\/wp\/v2\/product_tag?post=1329186"}],"curies":[{"name":"wp","href":"https:\/\/api.w.org\/{rel}","templated":true}]}}