{"id":1329163,"date":"2026-04-20T03:36:17","date_gmt":"2026-04-20T02:36:17","guid":{"rendered":"https:\/\/hoogeveenplants.nl\/p\/ribes-nigrum-noirama\/"},"modified":"2026-04-20T03:50:03","modified_gmt":"2026-04-20T02:50:03","slug":"ribes-nigrum-noirama","status":"publish","type":"product","link":"https:\/\/hoogeveenplants.nl\/de\/p\/ribes-nigrum-noirama\/","title":{"rendered":"Ribes nigrum &#8218;Noirama&#8217;\u00ae"},"content":{"rendered":"<p>Leckeres gr\u00fcnes Obst aus 100% biologischem Anbau. Das bedeutet, dass beim Anbau nur pflanzliche und tierische Materialien verwendet wurden. Der Topf und das Etikett bestehen aus recyceltem Kunststoff und sind somit eine saubere L\u00f6sung f\u00fcr die Umwelt.<br \/>\nRibes Nigrum Noirama&#8220; ist eine schwarze Johannisbeere. Der Johannisbeerstrauch ist mittelgro\u00df und verliert im Winter seine Bl\u00e4tter. Die Pflanze ist vor allem f\u00fcr das Cassis-Getr\u00e4nk bekannt, das aus ihren Beeren hergestellt wird. Diese Beerenart produziert in jungen Jahren eine gro\u00dfe Anzahl von Beeren. Die schwarze Johannisbeere bl\u00fcht im April mit gr\u00fcn-wei\u00dfen Bl\u00fcten in B\u00fcscheln. Die Fr\u00fcchte h\u00e4ngen in langen Trauben und sind schwarz.  Sie sind sehr reich an Vitamin C und Mineralien. Sie k\u00f6nnen lose verzehrt werden, schmecken aber am besten, wenn sie zu Saft oder Marmelade verarbeitet werden. F\u00fcr einen optimalen Ertrag und s\u00fc\u00dfere Beeren ben\u00f6tigt der Strauch direktes Sonnenlicht. Die Beeren k\u00f6nnen ab Ende Juni gepfl\u00fcckt werden. Der R\u00fcckschnitt erfolgt am besten nach der Erntezeit, dann werden nur die abgestorbenen Zweige entfernt. Sie ist pflegeleicht und tr\u00e4gt nach einem Jahr Fr\u00fcchte.<\/p>\n","protected":false},"excerpt":{"rendered":"<p>Leckeres gr\u00fcnes Obst aus 100% biologischem Anbau. Das bedeutet, dass beim Anbau nur pflanzliche und tierische Materialien verwendet wurden. Der Topf und das Etikett bestehen aus recyceltem Kunststoff und sind somit eine saubere L\u00f6sung f\u00fcr die Umwelt. Ribes Nigrum Noirama&#8220; ist eine schwarze Johannisbeere. Der Johannisbeerstrauch ist mittelgro\u00df und verliert im Winter seine Bl\u00e4tter. Die [&hellip;]<\/p>\n","protected":false},"featured_media":0,"template":"","meta":{"_acf_changed":false},"product_brand":[],"product_cat":[213],"product_tag":[],"class_list":{"0":"post-1329163","1":"product","2":"type-product","3":"status-publish","5":"product_cat-tasty-green","6":"pa_bloemvruchtkleur-schwarz","7":"pa_location-halbschattig","8":"pa_location-sonnig","9":"pa_max-height-17","11":"first","12":"instock","13":"product-type-simple"},"acf":[],"_links":{"self":[{"href":"https:\/\/hoogeveenplants.nl\/de\/wp-json\/wp\/v2\/product\/1329163","targetHints":{"allow":["GET"]}}],"collection":[{"href":"https:\/\/hoogeveenplants.nl\/de\/wp-json\/wp\/v2\/product"}],"about":[{"href":"https:\/\/hoogeveenplants.nl\/de\/wp-json\/wp\/v2\/types\/product"}],"wp:attachment":[{"href":"https:\/\/hoogeveenplants.nl\/de\/wp-json\/wp\/v2\/media?parent=1329163"}],"wp:term":[{"taxonomy":"product_brand","embeddable":true,"href":"https:\/\/hoogeveenplants.nl\/de\/wp-json\/wp\/v2\/product_brand?post=1329163"},{"taxonomy":"product_cat","embeddable":true,"href":"https:\/\/hoogeveenplants.nl\/de\/wp-json\/wp\/v2\/product_cat?post=1329163"},{"taxonomy":"product_tag","embeddable":true,"href":"https:\/\/hoogeveenplants.nl\/de\/wp-json\/wp\/v2\/product_tag?post=1329163"}],"curies":[{"name":"wp","href":"https:\/\/api.w.org\/{rel}","templated":true}]}}