{"id":1329153,"date":"2026-04-20T03:36:12","date_gmt":"2026-04-20T02:36:12","guid":{"rendered":"https:\/\/hoogeveenplants.nl\/p\/ficus-carica-rouge-de-bordeaux\/"},"modified":"2026-04-20T03:49:02","modified_gmt":"2026-04-20T02:49:02","slug":"ficus-carica-rouge-de-bordeaux","status":"publish","type":"product","link":"https:\/\/hoogeveenplants.nl\/de\/p\/ficus-carica-rouge-de-bordeaux\/","title":{"rendered":"Ficus carica &#8218;Rouge de Bordeaux&#8216;"},"content":{"rendered":"<p>Ficus Rouge de Bordeaux&#8216; ist ein Feigenbaum und an seinen ausgepr\u00e4gten, dekorativen Bl\u00e4ttern und essbaren Fr\u00fcchten zu erkennen. Die Fr\u00fcchte sind mittelgro\u00df, blau-rot und haben ein rotes, saftiges und s\u00fc\u00dfes Fruchtfleisch, das im September und Oktober reichlich Fr\u00fcchte tr\u00e4gt. Sie k\u00f6nnen die Feigen direkt vom Baum essen oder sie trocknen. Die Feige ist eine der \u00e4ltesten vom Menschen kultivierten Fr\u00fcchte. Die \u00c4gypter, Ph\u00f6nizier und R\u00f6mer sahen Feigen als Nahrungsmittel, Gebrauchsgegenstand oder Mittel gegen Verstopfung. Die Feige hat keine Bl\u00fcten, sondern die Frucht ist gleichzeitig die Bl\u00fcte. Die Bl\u00e4tter des Feigenbaums haben die Form einer Hand mit Einkerbungen im Blatt. Ein Feigenbaum mag warme Bedingungen und kann sehr schnell wachsen, bis zu 1 Meter pro Jahr. Sie w\u00e4chst am besten an einer Mauer, einer Gartenlaube oder im Schutz des S\u00fcdens. Im vollen Boden kann der Feigenbaum Frost einigerma\u00dfen gut vertragen. Wenn die Pflanze in einen Topf gepflanzt wird, ist es am besten, sie im Winter ins Haus zu holen. Junge Pflanzen sollten immer vor Frost gesch\u00fctzt werden. Wenn die Zweige des Feigenbaums zu lang werden, k\u00f6nnen Sie ihn beschneiden.<\/p>\n","protected":false},"excerpt":{"rendered":"<p>Ficus Rouge de Bordeaux&#8216; ist ein Feigenbaum und an seinen ausgepr\u00e4gten, dekorativen Bl\u00e4ttern und essbaren Fr\u00fcchten zu erkennen. Die Fr\u00fcchte sind mittelgro\u00df, blau-rot und haben ein rotes, saftiges und s\u00fc\u00dfes Fruchtfleisch, das im September und Oktober reichlich Fr\u00fcchte tr\u00e4gt. Sie k\u00f6nnen die Feigen direkt vom Baum essen oder sie trocknen. Die Feige ist eine der [&hellip;]<\/p>\n","protected":false},"featured_media":0,"template":"","meta":{"_acf_changed":false},"product_brand":[],"product_cat":[212],"product_tag":[],"class_list":{"0":"post-1329153","1":"product","2":"type-product","3":"status-publish","5":"product_cat-100-fruit","6":"pa_bloemvruchtkleur-rot","7":"pa_location-halbschattig","8":"pa_location-sonnig","9":"pa_max-height-36","11":"first","12":"instock","13":"product-type-simple"},"acf":[],"_links":{"self":[{"href":"https:\/\/hoogeveenplants.nl\/de\/wp-json\/wp\/v2\/product\/1329153","targetHints":{"allow":["GET"]}}],"collection":[{"href":"https:\/\/hoogeveenplants.nl\/de\/wp-json\/wp\/v2\/product"}],"about":[{"href":"https:\/\/hoogeveenplants.nl\/de\/wp-json\/wp\/v2\/types\/product"}],"wp:attachment":[{"href":"https:\/\/hoogeveenplants.nl\/de\/wp-json\/wp\/v2\/media?parent=1329153"}],"wp:term":[{"taxonomy":"product_brand","embeddable":true,"href":"https:\/\/hoogeveenplants.nl\/de\/wp-json\/wp\/v2\/product_brand?post=1329153"},{"taxonomy":"product_cat","embeddable":true,"href":"https:\/\/hoogeveenplants.nl\/de\/wp-json\/wp\/v2\/product_cat?post=1329153"},{"taxonomy":"product_tag","embeddable":true,"href":"https:\/\/hoogeveenplants.nl\/de\/wp-json\/wp\/v2\/product_tag?post=1329153"}],"curies":[{"name":"wp","href":"https:\/\/api.w.org\/{rel}","templated":true}]}}