{"id":1329127,"date":"2026-04-20T03:35:00","date_gmt":"2026-04-20T02:35:00","guid":{"rendered":"https:\/\/hoogeveenplants.nl\/p\/rubus-idaeus-tulameen\/"},"modified":"2026-04-20T03:48:53","modified_gmt":"2026-04-20T02:48:53","slug":"rubus-idaeus-tulameen","status":"publish","type":"product","link":"https:\/\/hoogeveenplants.nl\/de\/p\/rubus-idaeus-tulameen\/","title":{"rendered":"Rubus idaeus &#8218;Tulameen&#8216;"},"content":{"rendered":"<p>Leckeres gr\u00fcnes Obst aus 100% biologischem Anbau. Das bedeutet, dass beim Anbau nur pflanzliche und tierische Materialien verwendet wurden. Der Topf und das Etikett bestehen aus recyceltem Kunststoff und sind somit eine saubere L\u00f6sung f\u00fcr die Umwelt.<br \/>\nRubus Idaeus Tulameen&#8216; ist eine Sommerhimbeere, die im Juli dunkelrote Fr\u00fcchte tr\u00e4gt. Diese Himbeere ist selbstbest\u00e4ubend und bl\u00fcht im sp\u00e4ten Fr\u00fchjahr mit unscheinbaren, kleinen wei\u00df-rosa Bl\u00fcten, die Bienen und Hummeln anziehen. Nach der Bl\u00fcte entwickeln sich die Himbeeren. Die Fr\u00fcchte sind ziemlich weich, leuchtend rot und haben einen milden Geschmack. Sie k\u00f6nnen direkt vom Strauch gegessen werden, aber Himbeeren lassen sich auch zu k\u00f6stlicher Marmelade und Saft verarbeiten. Himbeeren sind im Handel oft sehr teuer, da macht es doch viel mehr Spa\u00df, sie selbst anzubauen! Rubus idaeus Tulameen&#8216; ist im kommerziellen Anbau relativ weit verbreitet und ist eine verbesserte Version der Sorte &#8218;Malling Promise&#8216;. Bei Sommerhimbeeren wird im ersten Jahr nur ein Zweig gebildet, der im n\u00e4chsten Jahr Fr\u00fcchte tr\u00e4gt. Nach der Ernte k\u00f6nnen daher die Zweige, die Fr\u00fcchte getragen haben, in Bodenn\u00e4he abgeschnitten werden. Die jungen Zweige bl\u00fchen im folgenden Jahr und tragen dann Fr\u00fcchte. Sie ist sehr w\u00fcchsig und sollte, wie jede Himbeere, gut gef\u00fchrt und beschnitten werden, um die beste Ernte und den besten Geschmack der Fr\u00fcchte zu erhalten.<\/p>\n","protected":false},"excerpt":{"rendered":"<p>Leckeres gr\u00fcnes Obst aus 100% biologischem Anbau. Das bedeutet, dass beim Anbau nur pflanzliche und tierische Materialien verwendet wurden. Der Topf und das Etikett bestehen aus recyceltem Kunststoff und sind somit eine saubere L\u00f6sung f\u00fcr die Umwelt. Rubus Idaeus Tulameen&#8216; ist eine Sommerhimbeere, die im Juli dunkelrote Fr\u00fcchte tr\u00e4gt. Diese Himbeere ist selbstbest\u00e4ubend und bl\u00fcht [&hellip;]<\/p>\n","protected":false},"featured_media":0,"template":"","meta":{"_acf_changed":false},"product_brand":[],"product_cat":[213],"product_tag":[],"class_list":{"0":"post-1329127","1":"product","2":"type-product","3":"status-publish","5":"product_cat-tasty-green","6":"pa_bloemvruchtkleur-rot","7":"pa_location-halbschattig","8":"pa_location-sonnig","9":"pa_max-height-36","11":"first","12":"instock","13":"product-type-simple"},"acf":[],"_links":{"self":[{"href":"https:\/\/hoogeveenplants.nl\/de\/wp-json\/wp\/v2\/product\/1329127","targetHints":{"allow":["GET"]}}],"collection":[{"href":"https:\/\/hoogeveenplants.nl\/de\/wp-json\/wp\/v2\/product"}],"about":[{"href":"https:\/\/hoogeveenplants.nl\/de\/wp-json\/wp\/v2\/types\/product"}],"wp:attachment":[{"href":"https:\/\/hoogeveenplants.nl\/de\/wp-json\/wp\/v2\/media?parent=1329127"}],"wp:term":[{"taxonomy":"product_brand","embeddable":true,"href":"https:\/\/hoogeveenplants.nl\/de\/wp-json\/wp\/v2\/product_brand?post=1329127"},{"taxonomy":"product_cat","embeddable":true,"href":"https:\/\/hoogeveenplants.nl\/de\/wp-json\/wp\/v2\/product_cat?post=1329127"},{"taxonomy":"product_tag","embeddable":true,"href":"https:\/\/hoogeveenplants.nl\/de\/wp-json\/wp\/v2\/product_tag?post=1329127"}],"curies":[{"name":"wp","href":"https:\/\/api.w.org\/{rel}","templated":true}]}}