{"id":1329120,"date":"2026-04-20T03:34:54","date_gmt":"2026-04-20T02:34:54","guid":{"rendered":"https:\/\/hoogeveenplants.nl\/p\/ribes-rubrum-wardavia\/"},"modified":"2026-04-20T03:48:51","modified_gmt":"2026-04-20T02:48:51","slug":"ribes-rubrum-wardavia","status":"publish","type":"product","link":"https:\/\/hoogeveenplants.nl\/de\/p\/ribes-rubrum-wardavia\/","title":{"rendered":"Ribes rubrum &#8218;Wardavia&#8216;"},"content":{"rendered":"<p>Leckeres gr\u00fcnes Obst aus 100% biologischem Anbau. Das bedeutet, dass beim Anbau nur pflanzliche und tierische Materialien verwendet wurden. Der Topf und das Etikett bestehen aus recyceltem Kunststoff und sind somit eine saubere L\u00f6sung f\u00fcr die Umwelt. Die Wei\u00dfe Johannisbeere (Ribes rubrum &#8218;White Pearl&#8216;) ist ein bekannter Beerenstrauch. Die Beeren k\u00f6nnen ab Juni\/Juli geerntet werden. Die Wei\u00dfe Johannisbeere (Ribes rubrum &#8218;White Pearl&#8216;) verliert im Winter ihre Bl\u00e4tter, ist sehr winterhart und vertr\u00e4gt problemlos Temperaturen bis zu -34 Grad Celsius. Wenn Sie die Wei\u00dfe Johannisbeere an einen sonnigen Platz pflanzen, k\u00f6nnen Sie sich \u00fcber eine gute Ernte gesunder wei\u00dfer Beeren freuen. Ribes rubrum &#8218;White Pearl&#8216; bildet gro\u00dfe, wei\u00dfe Beeren. Ribes rubrum &#8218;White Pearl&#8216; bildet im Sommer lange Trauben mit sehr wohlschmeckenden wei\u00dfen Beeren. Reichhaltig best\u00fcckt. Schneiden Sie im Winter schwere (Seiten-)\u00c4ste zur\u00fcck.<\/p>\n","protected":false},"excerpt":{"rendered":"<p>Leckeres gr\u00fcnes Obst aus 100% biologischem Anbau. Das bedeutet, dass beim Anbau nur pflanzliche und tierische Materialien verwendet wurden. Der Topf und das Etikett bestehen aus recyceltem Kunststoff und sind somit eine saubere L\u00f6sung f\u00fcr die Umwelt. Diese wei\u00dfe Johannisbeere bl\u00fcht im April und ist im Juni pfl\u00fcckreif.<\/p>\n","protected":false},"featured_media":0,"template":"","meta":{"_acf_changed":false},"product_brand":[],"product_cat":[213],"product_tag":[],"class_list":{"0":"post-1329120","1":"product","2":"type-product","3":"status-publish","5":"product_cat-tasty-green","6":"pa_bloemvruchtkleur-weiss","7":"pa_location-halbschattig","8":"pa_location-sonnig","9":"pa_max-height-33","11":"first","12":"instock","13":"product-type-simple"},"acf":[],"_links":{"self":[{"href":"https:\/\/hoogeveenplants.nl\/de\/wp-json\/wp\/v2\/product\/1329120","targetHints":{"allow":["GET"]}}],"collection":[{"href":"https:\/\/hoogeveenplants.nl\/de\/wp-json\/wp\/v2\/product"}],"about":[{"href":"https:\/\/hoogeveenplants.nl\/de\/wp-json\/wp\/v2\/types\/product"}],"wp:attachment":[{"href":"https:\/\/hoogeveenplants.nl\/de\/wp-json\/wp\/v2\/media?parent=1329120"}],"wp:term":[{"taxonomy":"product_brand","embeddable":true,"href":"https:\/\/hoogeveenplants.nl\/de\/wp-json\/wp\/v2\/product_brand?post=1329120"},{"taxonomy":"product_cat","embeddable":true,"href":"https:\/\/hoogeveenplants.nl\/de\/wp-json\/wp\/v2\/product_cat?post=1329120"},{"taxonomy":"product_tag","embeddable":true,"href":"https:\/\/hoogeveenplants.nl\/de\/wp-json\/wp\/v2\/product_tag?post=1329120"}],"curies":[{"name":"wp","href":"https:\/\/api.w.org\/{rel}","templated":true}]}}