{"id":1329109,"date":"2026-04-20T03:34:45","date_gmt":"2026-04-20T02:34:45","guid":{"rendered":"https:\/\/hoogeveenplants.nl\/p\/vitis-vinifera-beta\/"},"modified":"2026-04-20T03:48:48","modified_gmt":"2026-04-20T02:48:48","slug":"vitis-vinifera-beta","status":"publish","type":"product","link":"https:\/\/hoogeveenplants.nl\/de\/p\/vitis-vinifera-beta\/","title":{"rendered":"Vitis vinifera &#8218;Beta&#8216;"},"content":{"rendered":"<p>Vitis Beta&#8216; ist eine fr\u00fche blaue Traube aus Nordamerika. Sie ist eine Kletterpflanze, die mehrere Meter hoch werden kann. Man kann ihn in alle m\u00f6glichen Formen bringen und ihn durch guten Schnitt sehr kompakt halten. Sie k\u00f6nnen die Traube einfach entlang einer Pergola oder an der Wand mit Spanndr\u00e4hten f\u00fchren. Die Traube bildet im Juli-August zun\u00e4chst unscheinbare Bl\u00fctentrauben aus, aus denen sich dann hellblaue Trauben bilden. Die Fr\u00fcchte sind klein, hellblau, saftig und haben einen s\u00fc\u00dfen Geschmack. Man kann sie direkt essen oder zu Marmelade, Saft oder Wein verarbeiten. Die Traubenpflanze braucht viel Sonne, um zu reifen, und liebt die W\u00e4rme, so dass ein nach S\u00fcden ausgerichteter Standort ideal ist. Die Trauben k\u00f6nnen ab Mitte September geerntet werden. Der Boden sollte gut durchl\u00e4ssig und n\u00e4hrstoffreich sein und m\u00f6glichst nicht zu sauer, sondern eher kalkhaltig. Das Beschneiden erh\u00f6ht den Fruchtertrag und die Pflanze sieht auch sch\u00f6ner aus. Am besten ist es, die Pflanze zwischen November und Februar zu beschneiden, aber nicht bei strengem Frost. \u00dcberfl\u00fcssige Seiten- und Haupt\u00e4ste beschneiden. Diese Rebsorte ist winterhart und vertr\u00e4gt problemlos Temperaturen bis zu -20 Grad.<\/p>\n","protected":false},"excerpt":{"rendered":"<p>Vitis Beta&#8216; ist eine fr\u00fche blaue Traube aus Nordamerika. Sie ist eine Kletterpflanze, die mehrere Meter hoch werden kann. Man kann ihn in alle m\u00f6glichen Formen bringen und ihn durch guten Schnitt sehr kompakt halten. Sie k\u00f6nnen die Traube einfach entlang einer Pergola oder an der Wand mit Spanndr\u00e4hten f\u00fchren. Die Traube bildet im Juli-August [&hellip;]<\/p>\n","protected":false},"featured_media":0,"template":"","meta":{"_acf_changed":false},"product_brand":[],"product_cat":[212],"product_tag":[],"class_list":{"0":"post-1329109","1":"product","2":"type-product","3":"status-publish","5":"product_cat-100-fruit","6":"pa_bloemvruchtkleur-blau","7":"pa_location-halbschattig","8":"pa_location-sonnig","9":"pa_max-height-56","11":"first","12":"instock","13":"product-type-simple"},"acf":[],"_links":{"self":[{"href":"https:\/\/hoogeveenplants.nl\/de\/wp-json\/wp\/v2\/product\/1329109","targetHints":{"allow":["GET"]}}],"collection":[{"href":"https:\/\/hoogeveenplants.nl\/de\/wp-json\/wp\/v2\/product"}],"about":[{"href":"https:\/\/hoogeveenplants.nl\/de\/wp-json\/wp\/v2\/types\/product"}],"wp:attachment":[{"href":"https:\/\/hoogeveenplants.nl\/de\/wp-json\/wp\/v2\/media?parent=1329109"}],"wp:term":[{"taxonomy":"product_brand","embeddable":true,"href":"https:\/\/hoogeveenplants.nl\/de\/wp-json\/wp\/v2\/product_brand?post=1329109"},{"taxonomy":"product_cat","embeddable":true,"href":"https:\/\/hoogeveenplants.nl\/de\/wp-json\/wp\/v2\/product_cat?post=1329109"},{"taxonomy":"product_tag","embeddable":true,"href":"https:\/\/hoogeveenplants.nl\/de\/wp-json\/wp\/v2\/product_tag?post=1329109"}],"curies":[{"name":"wp","href":"https:\/\/api.w.org\/{rel}","templated":true}]}}