{"id":1329072,"date":"2026-04-20T03:34:21","date_gmt":"2026-04-20T02:34:21","guid":{"rendered":"https:\/\/hoogeveenplants.nl\/p\/pyrus-communis-conference\/"},"modified":"2026-04-20T03:48:37","modified_gmt":"2026-04-20T02:48:37","slug":"pyrus-communis-conference-2","status":"publish","type":"product","link":"https:\/\/hoogeveenplants.nl\/de\/p\/pyrus-communis-conference-2\/","title":{"rendered":"Pyrus communis &#8218;Conference&#8216;"},"content":{"rendered":"<p>Pyrus Communis Conference&#8216; ist ein bekannter Birnbaum mit gro\u00dfen, gr\u00fcn-gelben Naschbirne, die wegen ihrer guten Lagerf\u00e4higkeit sehr beliebt sind. Das s\u00fc\u00dfe und saftige Fruchtfleisch ist hellorange und die Frucht hat eine harte Schale. Sie k\u00f6nnen die Birnen in der zweiten Septemberh\u00e4lfte pfl\u00fccken. Der Birnbaum ist robust, fast unempfindlich gegen Krankheiten und relativ pflegeleicht. Neben den Fr\u00fcchten hat der Birnbaum auch andere dekorative Eigenschaften. Der Baum bl\u00fcht im Fr\u00fchjahr, die Bl\u00e4tter sind frischgr\u00fcn und f\u00e4rben sich im Herbst gelb bis orange-rot. Insekten und Schmetterlinge lieben die Bl\u00fcten und Birnen. Das hat den Vorteil, dass Wespen auch in der N\u00e4he dieses Baumes f\u00fcndig werden und daher seltener auf Ihre Terrasse kommen. Der Birnbaum gedeiht am besten an einem sonnigen Platz im Garten. Das Beschneiden des Birnbaums erfolgt am besten im Winter. Achten Sie darauf, dass der Baum Licht in die Baumkrone bekommt, indem sie eine Gruppe  von Haupt\u00e4sten wachsen lassen, aus denen die Seiten\u00e4ste hervorgehen.<\/p>\n","protected":false},"excerpt":{"rendered":"<p>Pyrus Communis Conference&#8216; ist ein bekannter Birnbaum mit gro\u00dfen, gr\u00fcn-gelb gebratenen Naschbirnen und ist wegen seiner Lagerf\u00e4higkeit sehr beliebt. Das s\u00fc\u00dfe und saftige Fruchtfleisch ist hellorange und hat eine harte Schale. Sie k\u00f6nnen die Birnen in der zweiten Septemberh\u00e4lfte pfl\u00fccken. Der Birnbaum ist robust, fast unempfindlich gegen Krankheiten und relativ pflegeleicht. Neben den Fr\u00fcchten hat der Birnbaum auch andere Zierwerte. Der Baum bl\u00fcht im Fr\u00fchjahr, die Bl\u00e4tter sind frischgr\u00fcn und f\u00e4rben sich im Herbst gelb bis orange-rot.<\/p>\n","protected":false},"featured_media":0,"template":"","meta":{"_acf_changed":false},"product_brand":[],"product_cat":[212],"product_tag":[],"class_list":{"0":"post-1329072","1":"product","2":"type-product","3":"status-publish","5":"product_cat-100-fruit","6":"pa_bloemvruchtkleur-weiss","7":"pa_location-halbschattig","8":"pa_location-sonnig","9":"pa_max-height-56","11":"first","12":"instock","13":"product-type-simple"},"acf":[],"_links":{"self":[{"href":"https:\/\/hoogeveenplants.nl\/de\/wp-json\/wp\/v2\/product\/1329072","targetHints":{"allow":["GET"]}}],"collection":[{"href":"https:\/\/hoogeveenplants.nl\/de\/wp-json\/wp\/v2\/product"}],"about":[{"href":"https:\/\/hoogeveenplants.nl\/de\/wp-json\/wp\/v2\/types\/product"}],"wp:attachment":[{"href":"https:\/\/hoogeveenplants.nl\/de\/wp-json\/wp\/v2\/media?parent=1329072"}],"wp:term":[{"taxonomy":"product_brand","embeddable":true,"href":"https:\/\/hoogeveenplants.nl\/de\/wp-json\/wp\/v2\/product_brand?post=1329072"},{"taxonomy":"product_cat","embeddable":true,"href":"https:\/\/hoogeveenplants.nl\/de\/wp-json\/wp\/v2\/product_cat?post=1329072"},{"taxonomy":"product_tag","embeddable":true,"href":"https:\/\/hoogeveenplants.nl\/de\/wp-json\/wp\/v2\/product_tag?post=1329072"}],"curies":[{"name":"wp","href":"https:\/\/api.w.org\/{rel}","templated":true}]}}