{"id":1325204,"date":"2026-04-17T03:30:08","date_gmt":"2026-04-17T02:30:08","guid":{"rendered":"https:\/\/hoogeveenplants.nl\/p\/clematis-piilu\/"},"modified":"2026-04-17T03:48:05","modified_gmt":"2026-04-17T02:48:05","slug":"clematis-piilu","status":"publish","type":"product","link":"https:\/\/hoogeveenplants.nl\/de\/p\/clematis-piilu\/","title":{"rendered":"Clematis Piilu"},"content":{"rendered":"<p>Clematis Piilu&#8216; geh\u00f6rt zur Familie der gro\u00dfblumigen Clematis und bl\u00fcht mit gef\u00fcllten rosa gestreiften Bl\u00fcten. Die Clematis kann zweimal in der Saison bl\u00fchen. Im Mai-Juni am alten Holz und von Juli-August an den jungen Trieben. Nachdem die Clematis zum ersten Mal gebl\u00fcht hat, ist es am besten, sie zur\u00fcckzuschneiden, damit sie zum zweiten Mal bl\u00fcht. Durch ihren gepflegten und kompakten Wuchs eignet sich diese Kletterpflanze sowohl f\u00fcr gro\u00dfe als auch f\u00fcr kleine G\u00e4rten. Clematis war wahrscheinlich schon in der Antike beliebt. Die Griechen nannten alle Arten von Kletterpflanzen Clematis, was so viel wie &#8218;Rang&#8216; bedeutet und sich auf ihre F\u00e4higkeit zum Klettern bezieht. Es handelt sich also um eine Kletterpflanze, die etwas Hilfe braucht, wenn man sie attraktiver machen will. Am besten ist es, die Pflanze an einem Gestell, Draht oder Stock hochzuf\u00fchren. Die Clematis gedeiht sowohl im Halbschatten als auch in der Sonne. Dadurch eignet sich die Clematis f\u00fcr die meisten Standorte in Ihrem Garten. Bei mehr Sonne bl\u00fcht die Clematis jedoch \u00fcppiger. Die Wurzeln der Clematis brauchen einen schattigen und k\u00fchlen Standort. Sorgen Sie daf\u00fcr, dass immer etwas vor dem Fu\u00df der Pflanze w\u00e4chst, oder pflanzen Sie die Clematis tiefer in den Boden, etwa 10 cm tiefer als die H\u00f6he der Scholle. Dadurch wird sie vor der l\u00e4stigen Welkekrankheit gesch\u00fctzt, die die oberirdischen St\u00e4ngel befallen kann, und die Pflanze bleibt unter der Erde gesund.<\/p>\n","protected":false},"excerpt":{"rendered":"<p>Clematis Piilu&#8216; geh\u00f6rt zur Familie der gro\u00dfblumigen Clematis und bl\u00fcht mit gef\u00fcllten rosa gestreiften Bl\u00fcten. Die Clematis kann zweimal in der Saison bl\u00fchen. Im Mai-Juni am alten Holz und von Juli-August an den jungen Trieben. Nachdem die Clematis zum ersten Mal gebl\u00fcht hat, ist es am besten, sie zur\u00fcckzuschneiden, damit sie zum zweiten Mal bl\u00fcht. [&hellip;]<\/p>\n","protected":false},"featured_media":0,"template":"","meta":{"_acf_changed":false},"product_brand":[],"product_cat":[71],"product_tag":[],"class_list":{"0":"post-1325204","1":"product","2":"type-product","3":"status-publish","5":"product_cat-upclimbers","6":"pa_bloemvruchtkleur-weiss-rosa","7":"pa_location-halbschattig","8":"pa_location-sonnig","9":"pa_max-height-28","11":"first","12":"instock","13":"product-type-simple"},"acf":[],"_links":{"self":[{"href":"https:\/\/hoogeveenplants.nl\/de\/wp-json\/wp\/v2\/product\/1325204","targetHints":{"allow":["GET"]}}],"collection":[{"href":"https:\/\/hoogeveenplants.nl\/de\/wp-json\/wp\/v2\/product"}],"about":[{"href":"https:\/\/hoogeveenplants.nl\/de\/wp-json\/wp\/v2\/types\/product"}],"wp:attachment":[{"href":"https:\/\/hoogeveenplants.nl\/de\/wp-json\/wp\/v2\/media?parent=1325204"}],"wp:term":[{"taxonomy":"product_brand","embeddable":true,"href":"https:\/\/hoogeveenplants.nl\/de\/wp-json\/wp\/v2\/product_brand?post=1325204"},{"taxonomy":"product_cat","embeddable":true,"href":"https:\/\/hoogeveenplants.nl\/de\/wp-json\/wp\/v2\/product_cat?post=1325204"},{"taxonomy":"product_tag","embeddable":true,"href":"https:\/\/hoogeveenplants.nl\/de\/wp-json\/wp\/v2\/product_tag?post=1325204"}],"curies":[{"name":"wp","href":"https:\/\/api.w.org\/{rel}","templated":true}]}}