{"id":1324283,"date":"2026-04-16T03:36:31","date_gmt":"2026-04-16T02:36:31","guid":{"rendered":"https:\/\/hoogeveenplants.nl\/p\/liriope-muscari-royal-purple\/"},"modified":"2026-04-16T03:48:30","modified_gmt":"2026-04-16T02:48:30","slug":"liriope-muscari-royal-purple","status":"publish","type":"product","link":"https:\/\/hoogeveenplants.nl\/de\/p\/liriope-muscari-royal-purple\/","title":{"rendered":"Liriope muscari &#8218;Royal Purple&#8216;"},"content":{"rendered":"<p>Diese vielseitige Klumpenpflanze eignet sich perfekt f\u00fcr Bereiche des Gartens, in denen sonst wenig w\u00e4chst. Sie ist ein hervorragender Bodendecker, der Unkraut unterdr\u00fcckt, und kann auch als K\u00fcbelpflanze angebaut werden. Royal Purple hat sattes, immergr\u00fcnes, riemenf\u00f6rmiges Laub und bildet vom Sp\u00e4tsommer bis in den Herbst hinein dichte, tiefviolette Bl\u00fcten\u00e4hren an hohen, aufrechten St\u00e4ngeln.<\/p>\n","protected":false},"excerpt":{"rendered":"<p>Diese vielseitige Klumpenpflanze eignet sich perfekt f\u00fcr Bereiche des Gartens, in denen sonst wenig w\u00e4chst. Sie ist ein hervorragender Bodendecker, der Unkraut unterdr\u00fcckt, und kann auch als K\u00fcbelpflanze angebaut werden. Royal Purple hat sattes, immergr\u00fcnes, riemenf\u00f6rmiges Laub und bildet vom Sp\u00e4tsommer bis in den Herbst hinein dichte, tiefviolette Bl\u00fcten\u00e4hren an hohen, aufrechten St\u00e4ngeln.<\/p>\n","protected":false},"featured_media":0,"template":"","meta":{"_acf_changed":false},"product_brand":[],"product_cat":[22,288],"product_tag":[],"class_list":{"0":"post-1324283","1":"product","2":"type-product","3":"status-publish","5":"product_cat-elegrass","6":"product_cat-hardy-and-evergreen","7":"pa_bloemvruchtkleur-lila","8":"pa_location-halbschattig","9":"pa_location-schattig","10":"pa_max-height-86","12":"first","13":"instock","14":"product-type-simple"},"acf":[],"_links":{"self":[{"href":"https:\/\/hoogeveenplants.nl\/de\/wp-json\/wp\/v2\/product\/1324283","targetHints":{"allow":["GET"]}}],"collection":[{"href":"https:\/\/hoogeveenplants.nl\/de\/wp-json\/wp\/v2\/product"}],"about":[{"href":"https:\/\/hoogeveenplants.nl\/de\/wp-json\/wp\/v2\/types\/product"}],"wp:attachment":[{"href":"https:\/\/hoogeveenplants.nl\/de\/wp-json\/wp\/v2\/media?parent=1324283"}],"wp:term":[{"taxonomy":"product_brand","embeddable":true,"href":"https:\/\/hoogeveenplants.nl\/de\/wp-json\/wp\/v2\/product_brand?post=1324283"},{"taxonomy":"product_cat","embeddable":true,"href":"https:\/\/hoogeveenplants.nl\/de\/wp-json\/wp\/v2\/product_cat?post=1324283"},{"taxonomy":"product_tag","embeddable":true,"href":"https:\/\/hoogeveenplants.nl\/de\/wp-json\/wp\/v2\/product_tag?post=1324283"}],"curies":[{"name":"wp","href":"https:\/\/api.w.org\/{rel}","templated":true}]}}