{"id":1324141,"date":"2026-04-16T03:34:05","date_gmt":"2026-04-16T02:34:05","guid":{"rendered":"https:\/\/hoogeveenplants.nl\/p\/rubus-idaeus-golden-everest\/"},"modified":"2026-04-16T03:46:53","modified_gmt":"2026-04-16T02:46:53","slug":"rubus-idaeus-golden-everest","status":"publish","type":"product","link":"https:\/\/hoogeveenplants.nl\/de\/p\/rubus-idaeus-golden-everest\/","title":{"rendered":"Rubus idaeus &#8218;Golden Everest&#8216;"},"content":{"rendered":"<p>Leckeres gr\u00fcnes Obst aus 100% biologischem Anbau. Das bedeutet, dass beim Anbau nur pflanzliche und tierische Materialien verwendet wurden. Der Topf und das Etikett bestehen aus recyceltem Kunststoff und sind somit eine saubere L\u00f6sung f\u00fcr die Umwelt.<br \/>\nRubus Idaeus Golden Everest&#8216; ist eine besondere Herbsthimbeere, da die Fr\u00fcchte eine gelbe Farbe haben. Sie schmecken etwas weicher und s\u00fc\u00dfer als die bekannten rosa Himbeeren. Sp\u00e4ter im Sommer bl\u00fcht der Strauch mit unauff\u00e4lligen, kleinen wei\u00df-rosa Bl\u00fcten. So k\u00f6nnen Sie die Fr\u00fcchte bis zum fr\u00fchen Herbst genie\u00dfen. Die Bl\u00fcten werden von Bienen und Hummeln best\u00e4ubt, so dass man nur eine Pflanze braucht, um Fr\u00fcchte zu bekommen. Die Himbeere bevorzugt volle Sonne. Je mehr Sonne, desto besser schmecken die Fr\u00fcchte. Sie sind besonders schmackhaft, wenn sie direkt vom Strauch gegessen werden, da diese weichen Fr\u00fcchte nicht so lange haltbar sind. Die Fr\u00fcchte sind sehr gesund, sie sind reich an Antioxidantien, Mineralien und Vitaminen. Nach der Ernte ist es ratsam, die Zweige, die Fr\u00fcchte getragen haben, zu entfernen, damit im neuen Jahr neue junge Zweige wachsen k\u00f6nnen.<\/p>\n","protected":false},"excerpt":{"rendered":"<p>Leckeres gr\u00fcnes Obst aus 100% biologischem Anbau. Das bedeutet, dass beim Anbau nur pflanzliche und tierische Materialien verwendet wurden. Der Topf und das Etikett bestehen aus recyceltem Kunststoff und sind somit eine saubere L\u00f6sung f\u00fcr die Umwelt. Rubus Idaeus Golden Everest&#8216; ist eine besondere Herbsthimbeere, da die Fr\u00fcchte eine gelbe Farbe haben. Sie schmecken etwas [&hellip;]<\/p>\n","protected":false},"featured_media":0,"template":"","meta":{"_acf_changed":false},"product_brand":[],"product_cat":[213],"product_tag":[],"class_list":{"0":"post-1324141","1":"product","2":"type-product","3":"status-publish","5":"product_cat-tasty-green","6":"pa_bloemvruchtkleur-gelb","7":"pa_location-halbschattig","8":"pa_location-sonnig","9":"pa_max-height-17","11":"first","12":"instock","13":"product-type-simple"},"acf":[],"_links":{"self":[{"href":"https:\/\/hoogeveenplants.nl\/de\/wp-json\/wp\/v2\/product\/1324141","targetHints":{"allow":["GET"]}}],"collection":[{"href":"https:\/\/hoogeveenplants.nl\/de\/wp-json\/wp\/v2\/product"}],"about":[{"href":"https:\/\/hoogeveenplants.nl\/de\/wp-json\/wp\/v2\/types\/product"}],"wp:attachment":[{"href":"https:\/\/hoogeveenplants.nl\/de\/wp-json\/wp\/v2\/media?parent=1324141"}],"wp:term":[{"taxonomy":"product_brand","embeddable":true,"href":"https:\/\/hoogeveenplants.nl\/de\/wp-json\/wp\/v2\/product_brand?post=1324141"},{"taxonomy":"product_cat","embeddable":true,"href":"https:\/\/hoogeveenplants.nl\/de\/wp-json\/wp\/v2\/product_cat?post=1324141"},{"taxonomy":"product_tag","embeddable":true,"href":"https:\/\/hoogeveenplants.nl\/de\/wp-json\/wp\/v2\/product_tag?post=1324141"}],"curies":[{"name":"wp","href":"https:\/\/api.w.org\/{rel}","templated":true}]}}