{"id":1324006,"date":"2026-04-16T03:30:38","date_gmt":"2026-04-16T02:30:38","guid":{"rendered":"https:\/\/hoogeveenplants.nl\/p\/clematis-boulevard-tranquilite-evipo111\/"},"modified":"2026-04-16T03:46:16","modified_gmt":"2026-04-16T02:46:16","slug":"clematis-boulevard-tranquilite-evipo111","status":"publish","type":"product","link":"https:\/\/hoogeveenplants.nl\/de\/p\/clematis-boulevard-tranquilite-evipo111\/","title":{"rendered":"Clematis Boulevard\u00ae Tranquilit\u00e9\u2122 Evipo111"},"content":{"rendered":"<p>Clematis &#8218;Tranquilit\u00e9&#8216; ist eine attraktive, reich bl\u00fchende Waldrebe, die sich durch ihren kompakten Wuchs sehr gut f\u00fcr den kleinen Garten eignet. Die Bl\u00fcten haben hellblaue Kelchbl\u00e4tter mit einer hellen bis wei\u00dfen verblassenden Ader, die einen sch\u00f6nen Kontrast zu den rotbraunen Staubgef\u00e4\u00dfen bildet. Die Pflanze bl\u00fcht \u00fcber einen langen Zeitraum, vom sp\u00e4ten Fr\u00fchjahr bis zum fr\u00fchen Herbst, reichlich. Die helle Farbe sorgt f\u00fcr Kontrast und macht die Pflanze f\u00fcr viele Standorte geeignet. Sie kann vor einem Hintergrund aus dunklem Laub oder zum Beispiel neben freistehenden Str\u00e4uchern oder Rosen im Garten platziert werden. Die Pflanze wird etwa 120 cm hoch und ben\u00f6tigt einen kr\u00e4ftigen R\u00fcckschnitt. Schneiden Sie die Clematis nach der Bl\u00fctezeit zur\u00fcck.<\/p>\n","protected":false},"excerpt":{"rendered":"<p>Clematis &#8218;Tranquilit\u00e9&#8216; ist eine attraktive, reich bl\u00fchende Waldrebe, die sich durch ihren kompakten Wuchs sehr gut f\u00fcr den kleinen Garten eignet. Die Bl\u00fcten haben hellblaue Kelchbl\u00e4tter mit einer hellen bis wei\u00dfen verblassenden Ader, die einen sch\u00f6nen Kontrast zu den rotbraunen Staubgef\u00e4\u00dfen bildet. Die Pflanze bl\u00fcht \u00fcber einen langen Zeitraum, vom sp\u00e4ten Fr\u00fchjahr bis zum fr\u00fchen [&hellip;]<\/p>\n","protected":false},"featured_media":0,"template":"","meta":{"_acf_changed":false},"product_brand":[],"product_cat":[252,71],"product_tag":[],"class_list":{"0":"post-1324006","1":"product","2":"type-product","3":"status-publish","5":"product_cat-our-choice-upclimbers","6":"product_cat-upclimbers","7":"pa_bloemvruchtkleur-weiss","8":"pa_location-halbschattig","9":"pa_location-sonnig","10":"pa_max-height-17","12":"first","13":"instock","14":"product-type-simple"},"acf":[],"_links":{"self":[{"href":"https:\/\/hoogeveenplants.nl\/de\/wp-json\/wp\/v2\/product\/1324006","targetHints":{"allow":["GET"]}}],"collection":[{"href":"https:\/\/hoogeveenplants.nl\/de\/wp-json\/wp\/v2\/product"}],"about":[{"href":"https:\/\/hoogeveenplants.nl\/de\/wp-json\/wp\/v2\/types\/product"}],"wp:attachment":[{"href":"https:\/\/hoogeveenplants.nl\/de\/wp-json\/wp\/v2\/media?parent=1324006"}],"wp:term":[{"taxonomy":"product_brand","embeddable":true,"href":"https:\/\/hoogeveenplants.nl\/de\/wp-json\/wp\/v2\/product_brand?post=1324006"},{"taxonomy":"product_cat","embeddable":true,"href":"https:\/\/hoogeveenplants.nl\/de\/wp-json\/wp\/v2\/product_cat?post=1324006"},{"taxonomy":"product_tag","embeddable":true,"href":"https:\/\/hoogeveenplants.nl\/de\/wp-json\/wp\/v2\/product_tag?post=1324006"}],"curies":[{"name":"wp","href":"https:\/\/api.w.org\/{rel}","templated":true}]}}