{"id":1321836,"date":"2026-04-14T03:38:44","date_gmt":"2026-04-14T02:38:44","guid":{"rendered":"https:\/\/hoogeveenplants.nl\/p\/ophiopogon-japonicus-silver-mist\/"},"modified":"2026-04-14T03:50:40","modified_gmt":"2026-04-14T02:50:40","slug":"ophiopogon-japonicus-silver-mist","status":"publish","type":"product","link":"https:\/\/hoogeveenplants.nl\/de\/p\/ophiopogon-japonicus-silver-mist\/","title":{"rendered":"Ophiopogon japonicus &#8218;Silver Mist&#8216;"},"content":{"rendered":"<p>Ophiopogon Japonicus &#8218;Silver Mist&#8216;, auch bekannt als Schlangenbart, ist ein niedrig wachsendes Ziergras, das etwa 20 Zentimeter hoch wird. Am auff\u00e4lligsten ist das grasartig gestreifte Blatt in einer wei\u00df-gr\u00fcnen Farbe. Ein gro\u00dfer Vorteil dieser Pflanze ist, dass sie das ganze Jahr \u00fcber ihre Bl\u00e4tter beh\u00e4lt und auch als Bodendecker verwendet werden kann. Das Ziergras bl\u00fcht im Juli und August mit h\u00fcbschen kleinen wei\u00df-rosa Bl\u00fcten, die sich dann in blau-graue Beeren verwandeln. Ophiopogon Planiscapus&#8216; w\u00e4chst und bl\u00fcht gut in voller Sonne oder im Halbschatten und ist winterhart.<\/p>\n","protected":false},"excerpt":{"rendered":"<p>Ophiopogon Japonicus &#8218;Silver Mist&#8216;, auch bekannt als Schlangenbart, ist ein niedrig wachsendes Ziergras, das etwa 20 Zentimeter hoch wird. Am auff\u00e4lligsten ist das grasartig gestreifte Blatt in einer wei\u00df-gr\u00fcnen Farbe. Ein gro\u00dfer Vorteil dieser Pflanze ist, dass sie das ganze Jahr \u00fcber ihre Bl\u00e4tter beh\u00e4lt und auch als Bodendecker verwendet werden kann. Das Ziergras bl\u00fcht [&hellip;]<\/p>\n","protected":false},"featured_media":0,"template":"","meta":{"_acf_changed":false},"product_brand":[],"product_cat":[22,247],"product_tag":[],"class_list":{"0":"post-1321836","1":"product","2":"type-product","3":"status-publish","5":"product_cat-elegrass","6":"product_cat-super-easy-care","7":"pa_bloemvruchtkleur-gelb-gruen","8":"pa_location-halbschattig","9":"pa_location-sonnig","10":"pa_max-height-86","12":"first","13":"instock","14":"product-type-simple"},"acf":[],"_links":{"self":[{"href":"https:\/\/hoogeveenplants.nl\/de\/wp-json\/wp\/v2\/product\/1321836","targetHints":{"allow":["GET"]}}],"collection":[{"href":"https:\/\/hoogeveenplants.nl\/de\/wp-json\/wp\/v2\/product"}],"about":[{"href":"https:\/\/hoogeveenplants.nl\/de\/wp-json\/wp\/v2\/types\/product"}],"wp:attachment":[{"href":"https:\/\/hoogeveenplants.nl\/de\/wp-json\/wp\/v2\/media?parent=1321836"}],"wp:term":[{"taxonomy":"product_brand","embeddable":true,"href":"https:\/\/hoogeveenplants.nl\/de\/wp-json\/wp\/v2\/product_brand?post=1321836"},{"taxonomy":"product_cat","embeddable":true,"href":"https:\/\/hoogeveenplants.nl\/de\/wp-json\/wp\/v2\/product_cat?post=1321836"},{"taxonomy":"product_tag","embeddable":true,"href":"https:\/\/hoogeveenplants.nl\/de\/wp-json\/wp\/v2\/product_tag?post=1321836"}],"curies":[{"name":"wp","href":"https:\/\/api.w.org\/{rel}","templated":true}]}}