{"id":1321829,"date":"2026-04-14T03:38:39","date_gmt":"2026-04-14T02:38:39","guid":{"rendered":"https:\/\/hoogeveenplants.nl\/p\/phormium-tenax-pink-flamingo\/"},"modified":"2026-04-14T03:50:38","modified_gmt":"2026-04-14T02:50:38","slug":"phormium-tenax-pink-flamingo","status":"publish","type":"product","link":"https:\/\/hoogeveenplants.nl\/de\/p\/phormium-tenax-pink-flamingo\/","title":{"rendered":"Phormium tenax &#8218;Pink Flamingo&#8216;"},"content":{"rendered":"<p>Pink &#8218;Flamingo&#8216;, ein sehr farbenfroher, immergr\u00fcner Architekturstrauch, hat sch\u00f6ne, schwertf\u00f6rmige Bl\u00e4tter, die rosa gef\u00e4rbt sind. Es gibt auch hellgr\u00fcne, gelbe und orangefarbene Schattierungen, was dieses Phormium sehr attraktiv und begehrt macht. An den ausgewachsenen Pflanzen k\u00f6nnen im Sommer r\u00f6hrenf\u00f6rmige gelbe und gr\u00fcne Bl\u00fcten\u00e4hren erscheinen. Dieser klumpende neuseel\u00e4ndische Flachs ist perfekt, um Ihrem Garten einen exotischen Touch zu verleihen. Sieht toll aus in gemischten Sommerbeeten oder sogar allein in einem stilvollen Terrassen\u00fcbertopf.<\/p>\n","protected":false},"excerpt":{"rendered":"<p>Pink &#8218;Flamingo&#8216;, ein sehr farbenfroher, immergr\u00fcner Architekturstrauch, hat sch\u00f6ne, schwertf\u00f6rmige Bl\u00e4tter, die rosa gef\u00e4rbt sind. Es gibt auch hellgr\u00fcne, gelbe und orangefarbene Schattierungen, was dieses Phormium sehr attraktiv und begehrt macht. An den ausgewachsenen Pflanzen k\u00f6nnen im Sommer r\u00f6hrenf\u00f6rmige gelbe und gr\u00fcne Bl\u00fcten\u00e4hren erscheinen. Dieser klumpende neuseel\u00e4ndische Flachs ist perfekt, um Ihrem Garten einen exotischen [&hellip;]<\/p>\n","protected":false},"featured_media":0,"template":"","meta":{"_acf_changed":false},"product_brand":[],"product_cat":[22,247],"product_tag":[],"class_list":{"0":"post-1321829","1":"product","2":"type-product","3":"status-publish","5":"product_cat-elegrass","6":"product_cat-super-easy-care","7":"pa_bloemvruchtkleur-rosa","8":"pa_location-halbschattig","9":"pa_location-sonnig","10":"pa_max-height-33","12":"first","13":"instock","14":"product-type-simple"},"acf":[],"_links":{"self":[{"href":"https:\/\/hoogeveenplants.nl\/de\/wp-json\/wp\/v2\/product\/1321829","targetHints":{"allow":["GET"]}}],"collection":[{"href":"https:\/\/hoogeveenplants.nl\/de\/wp-json\/wp\/v2\/product"}],"about":[{"href":"https:\/\/hoogeveenplants.nl\/de\/wp-json\/wp\/v2\/types\/product"}],"wp:attachment":[{"href":"https:\/\/hoogeveenplants.nl\/de\/wp-json\/wp\/v2\/media?parent=1321829"}],"wp:term":[{"taxonomy":"product_brand","embeddable":true,"href":"https:\/\/hoogeveenplants.nl\/de\/wp-json\/wp\/v2\/product_brand?post=1321829"},{"taxonomy":"product_cat","embeddable":true,"href":"https:\/\/hoogeveenplants.nl\/de\/wp-json\/wp\/v2\/product_cat?post=1321829"},{"taxonomy":"product_tag","embeddable":true,"href":"https:\/\/hoogeveenplants.nl\/de\/wp-json\/wp\/v2\/product_tag?post=1321829"}],"curies":[{"name":"wp","href":"https:\/\/api.w.org\/{rel}","templated":true}]}}