{"id":1321788,"date":"2026-04-14T03:38:16","date_gmt":"2026-04-14T02:38:16","guid":{"rendered":"https:\/\/hoogeveenplants.nl\/p\/pennisetum-x-advena-fireworks\/"},"modified":"2026-04-14T03:50:28","modified_gmt":"2026-04-14T02:50:28","slug":"pennisetum-x-advena-fireworks","status":"publish","type":"product","link":"https:\/\/hoogeveenplants.nl\/de\/p\/pennisetum-x-advena-fireworks\/","title":{"rendered":"Pennisetum x advena &#8218;Fireworks&#8216;"},"content":{"rendered":"<p>Pennisetum setaceum &#8218;Fireworks&#8216;, auch als &#8218;Lampenschirmgras&#8216; bekannt, ist ein Ziergras mit aufrechtem Wuchs und schmalen Bl\u00e4ttern. Die &#8218;Fireworks&#8216; wird maximal 80 cm hoch. Es ist ein sch\u00f6nes Ziergras mit seinem gr\u00fcn-rot-lila gestreiften Blatt. Ab Juli bl\u00fcht die &#8218;Fireworks&#8216; mit hellrosa Rispen, die bis tief in den Winter an der Pflanze bleiben. Dieses Gras ist winterhart; die dekorativen Federn bleiben erhalten, aber die Bl\u00e4tter fallen ab. Auch im Winter bleibt sie eine sch\u00f6ne Pflanze. Nach dem Winter wird die Pflanze bis auf 10 cm \u00fcber dem Boden zur\u00fcckgeschnitten. Sie bevorzugt einen warmen Platz an der Sonne. Auch Halbschatten ist m\u00f6glich, aber die rot-violette Farbe der Bl\u00e4tter kommt am besten zur Geltung, wenn sie viel Sonne abbekommen.<\/p>\n","protected":false},"excerpt":{"rendered":"<p>Pennisetum setaceum &#8218;Fireworks&#8216;, auch als &#8218;Lampenschirmgras&#8216; bekannt, ist ein Ziergras mit aufrechtem Wuchs und schmalen Bl\u00e4ttern. Die &#8218;Fireworks&#8216; wird maximal 80 cm hoch. Es ist ein sch\u00f6nes Ziergras mit seinem gr\u00fcn-rot-lila gestreiften Blatt. Ab Juli bl\u00fcht die &#8218;Fireworks&#8216; mit hellrosa Rispen, die bis tief in den Winter an der Pflanze bleiben. Dieses Gras ist winterhart; [&hellip;]<\/p>\n","protected":false},"featured_media":0,"template":"","meta":{"_acf_changed":false},"product_brand":[],"product_cat":[22,254],"product_tag":[],"class_list":{"0":"post-1321788","1":"product","2":"type-product","3":"status-publish","5":"product_cat-elegrass","6":"product_cat-patio","7":"pa_bloemvruchtkleur-rot","8":"pa_location-halbschattig","9":"pa_location-sonnig","10":"pa_max-height-17","12":"first","13":"instock","14":"product-type-simple"},"acf":[],"_links":{"self":[{"href":"https:\/\/hoogeveenplants.nl\/de\/wp-json\/wp\/v2\/product\/1321788","targetHints":{"allow":["GET"]}}],"collection":[{"href":"https:\/\/hoogeveenplants.nl\/de\/wp-json\/wp\/v2\/product"}],"about":[{"href":"https:\/\/hoogeveenplants.nl\/de\/wp-json\/wp\/v2\/types\/product"}],"wp:attachment":[{"href":"https:\/\/hoogeveenplants.nl\/de\/wp-json\/wp\/v2\/media?parent=1321788"}],"wp:term":[{"taxonomy":"product_brand","embeddable":true,"href":"https:\/\/hoogeveenplants.nl\/de\/wp-json\/wp\/v2\/product_brand?post=1321788"},{"taxonomy":"product_cat","embeddable":true,"href":"https:\/\/hoogeveenplants.nl\/de\/wp-json\/wp\/v2\/product_cat?post=1321788"},{"taxonomy":"product_tag","embeddable":true,"href":"https:\/\/hoogeveenplants.nl\/de\/wp-json\/wp\/v2\/product_tag?post=1321788"}],"curies":[{"name":"wp","href":"https:\/\/api.w.org\/{rel}","templated":true}]}}