{"id":1321780,"date":"2026-04-14T03:38:12","date_gmt":"2026-04-14T02:38:12","guid":{"rendered":"https:\/\/hoogeveenplants.nl\/p\/fargesia-murieliae-winter-black\/"},"modified":"2026-04-14T03:50:26","modified_gmt":"2026-04-14T02:50:26","slug":"fargesia-murieliae-winter-black","status":"publish","type":"product","link":"https:\/\/hoogeveenplants.nl\/de\/p\/fargesia-murieliae-winter-black\/","title":{"rendered":"Fargesia murieliae &#8218;Winter Black&#8216;"},"content":{"rendered":"<p>Fargesia Murielae Winter Black&#8216; ist ein kr\u00e4ftiger, nicht ausufernder Bambus. Die Bl\u00e4tter haben eine sehr feine Struktur, und die Bambusst\u00e4mme werden im Winter schwarz. Daher auch der Name &#8222;Winter Black&#8220;. Er ist ein sehr robuster und widerstandsf\u00e4higer Bambus und stellt nur geringe Anforderungen an den Standort. Sie w\u00e4chst auf allen B\u00f6den, sowohl in der Sonne als auch im Schatten. Allerdings kann die Pflanze im Winter und im zeitigen Fr\u00fchjahr aufgrund der K\u00e4lte gelb werden. Sobald sich das Wetter bessert, wird er seine sch\u00f6ne gr\u00fcne Farbe zur\u00fcckgewinnen!<\/p>\n","protected":false},"excerpt":{"rendered":"<p>Fargesia Murielae Winter Black&#8216; ist ein kr\u00e4ftiger, nicht ausufernder Bambus. Die Bl\u00e4tter haben eine sehr feine Struktur, und die Bambusst\u00e4mme werden im Winter schwarz. Daher auch der Name &#8222;Winter Black&#8220;. Er ist ein sehr robuster und widerstandsf\u00e4higer Bambus und stellt nur geringe Anforderungen an den Standort. Sie w\u00e4chst auf allen B\u00f6den, sowohl in der Sonne [&hellip;]<\/p>\n","protected":false},"featured_media":0,"template":"","meta":{"_acf_changed":false},"product_brand":[],"product_cat":[290,22],"product_tag":[],"class_list":{"0":"post-1321780","1":"product","2":"type-product","3":"status-publish","5":"product_cat-elebamboo","6":"product_cat-elegrass","7":"pa_bloemvruchtkleur-gruen","8":"pa_location-halbschattig","9":"pa_location-sonnig","10":"pa_max-height-36","12":"first","13":"instock","14":"product-type-simple"},"acf":[],"_links":{"self":[{"href":"https:\/\/hoogeveenplants.nl\/de\/wp-json\/wp\/v2\/product\/1321780","targetHints":{"allow":["GET"]}}],"collection":[{"href":"https:\/\/hoogeveenplants.nl\/de\/wp-json\/wp\/v2\/product"}],"about":[{"href":"https:\/\/hoogeveenplants.nl\/de\/wp-json\/wp\/v2\/types\/product"}],"wp:attachment":[{"href":"https:\/\/hoogeveenplants.nl\/de\/wp-json\/wp\/v2\/media?parent=1321780"}],"wp:term":[{"taxonomy":"product_brand","embeddable":true,"href":"https:\/\/hoogeveenplants.nl\/de\/wp-json\/wp\/v2\/product_brand?post=1321780"},{"taxonomy":"product_cat","embeddable":true,"href":"https:\/\/hoogeveenplants.nl\/de\/wp-json\/wp\/v2\/product_cat?post=1321780"},{"taxonomy":"product_tag","embeddable":true,"href":"https:\/\/hoogeveenplants.nl\/de\/wp-json\/wp\/v2\/product_tag?post=1321780"}],"curies":[{"name":"wp","href":"https:\/\/api.w.org\/{rel}","templated":true}]}}