{"id":1321743,"date":"2026-04-14T03:36:49","date_gmt":"2026-04-14T02:36:49","guid":{"rendered":"https:\/\/hoogeveenplants.nl\/p\/vaccinium-corymbosum-sunshine-blue\/"},"modified":"2026-04-14T03:50:16","modified_gmt":"2026-04-14T02:50:16","slug":"vaccinium-corymbosum-sunshine-blue","status":"publish","type":"product","link":"https:\/\/hoogeveenplants.nl\/de\/p\/vaccinium-corymbosum-sunshine-blue\/","title":{"rendered":"Vaccinium corymbosum &#8218;Sunshine Blue&#8216;"},"content":{"rendered":"<p>Leckeres gr\u00fcnes Obst aus 100% biologischem Anbau. Das bedeutet, dass beim Anbau nur pflanzliche und tierische Materialien verwendet wurden. Der Topf und das Etikett bestehen aus recyceltem Kunststoff und sind somit eine saubere L\u00f6sung f\u00fcr die Umwelt.<br \/>\nVaccinium corymbosum Sunshine Blue&#8216; ist auch als Heidelbeere oder Amerikanische Blaubeere bekannt. Sie ist eine kompakte Heidelbeere, die Pflanze wird nur etwa 80 cm hoch. Die Beeren haben einen herrlich frischen Geschmack und eine sch\u00f6ne himmelblaue Farbe. Man kann sie direkt vom Strauch essen, aber sie eignen sich auch sehr gut f\u00fcr die Verwendung in Marmelade, Kuchen oder Saft. Die Pflanze bevorzugt einen sonnigen bis halbschattigen Standort und ben\u00f6tigt einen sauren Boden. Andernfalls wird die Pflanze kaum Fr\u00fcchte tragen oder sogar absterben. Die Heidelbeere bl\u00fcht im Mai, rosa mit roten Knospen, die sich dann in Beeren verwandeln. Die Pfl\u00fccksaison beginnt im Juli. Die Heidelbeere bleibt auch im Winter gr\u00fcn und verliert ihre Bl\u00e4tter nicht. Sie ist daher weniger widerstandsf\u00e4hig als laubabwerfende Arten und sollte an einem gesch\u00fctzteren Standort gepflanzt werden. Die Heidelbeeren enthalten Anthocyane, eine Substanz, die der Beere ihre blaue Farbe verleiht. Dieser Stoff hat eine gute Wirkung auf das Herz und die Blutgef\u00e4\u00dfe. Die F\u00e4rbung kann u. a. daf\u00fcr sorgen, dass Fettansammlungen in den Blutgef\u00e4\u00dfen reduziert werden, was die Durchblutung verbessert. Dar\u00fcber hinaus enthalten Heidelbeeren Antioxidantien. Diese spielen eine wichtige Rolle im Alterungsprozess. Kurzum, eine supergesunde Beere, die jeder in seinem Garten haben m\u00f6chte!<\/p>\n","protected":false},"excerpt":{"rendered":"<p>Leckeres gr\u00fcnes Obst aus 100% biologischem Anbau. Das bedeutet, dass beim Anbau nur pflanzliche und tierische Materialien verwendet wurden. Der Topf und das Etikett bestehen aus recyceltem Kunststoff und sind somit eine saubere L\u00f6sung f\u00fcr die Umwelt. Vaccinium corymbosum Sunshine Blue&#8216; ist auch als Heidelbeere oder Amerikanische Blaubeere bekannt. Sie ist eine kompakte Heidelbeere, die [&hellip;]<\/p>\n","protected":false},"featured_media":0,"template":"","meta":{"_acf_changed":false},"product_brand":[],"product_cat":[213],"product_tag":[],"class_list":{"0":"post-1321743","1":"product","2":"type-product","3":"status-publish","5":"product_cat-tasty-green","6":"pa_bloemvruchtkleur-blau","7":"pa_location-halbschattig","8":"pa_location-sonnig","9":"pa_max-height-17","11":"first","12":"instock","13":"product-type-simple"},"acf":[],"_links":{"self":[{"href":"https:\/\/hoogeveenplants.nl\/de\/wp-json\/wp\/v2\/product\/1321743","targetHints":{"allow":["GET"]}}],"collection":[{"href":"https:\/\/hoogeveenplants.nl\/de\/wp-json\/wp\/v2\/product"}],"about":[{"href":"https:\/\/hoogeveenplants.nl\/de\/wp-json\/wp\/v2\/types\/product"}],"wp:attachment":[{"href":"https:\/\/hoogeveenplants.nl\/de\/wp-json\/wp\/v2\/media?parent=1321743"}],"wp:term":[{"taxonomy":"product_brand","embeddable":true,"href":"https:\/\/hoogeveenplants.nl\/de\/wp-json\/wp\/v2\/product_brand?post=1321743"},{"taxonomy":"product_cat","embeddable":true,"href":"https:\/\/hoogeveenplants.nl\/de\/wp-json\/wp\/v2\/product_cat?post=1321743"},{"taxonomy":"product_tag","embeddable":true,"href":"https:\/\/hoogeveenplants.nl\/de\/wp-json\/wp\/v2\/product_tag?post=1321743"}],"curies":[{"name":"wp","href":"https:\/\/api.w.org\/{rel}","templated":true}]}}