{"id":1321723,"date":"2026-04-14T03:36:35","date_gmt":"2026-04-14T02:36:35","guid":{"rendered":"https:\/\/hoogeveenplants.nl\/p\/actinidia-arguta-bayern-kiwi\/"},"modified":"2026-04-14T03:50:12","modified_gmt":"2026-04-14T02:50:12","slug":"actinidia-arguta-bayern-kiwi","status":"publish","type":"product","link":"https:\/\/hoogeveenplants.nl\/de\/p\/actinidia-arguta-bayern-kiwi\/","title":{"rendered":"Actinidia arguta &#8218;Bayern Kiwi&#8216;"},"content":{"rendered":"<p>Actinidia arguta Bayern Kiwi&#8216; ist eine Kiwi-Beere, die schon in jungen Jahren kleine, glatte, unbehaarte Fr\u00fcchte hervorbringt. Sie ist auch als Mini-Kiwi bekannt. Diese Pflanze ist eine weibliche Variante der Kiwi-Beere. Wenn diese Pflanze von einer m\u00e4nnlichen Variante best\u00e4ubt wird, bildet sie Fr\u00fcchte. Die Fr\u00fcchte der Kiwi-Beere sind viel kleiner als die der gro\u00dfen Kiwi-Pflanzen. Die Schale dieser Kiwi ist glatt und d\u00fcnn und daher leicht zu essen. Sie h\u00e4ngen in gro\u00dfen B\u00fcscheln an der Pflanze, oft getarnt zwischen den Bl\u00e4ttern. Die aufgeschnittene Frucht \u00e4hnelt einer Miniatur-Kiwi mit einem wei\u00dfen Kern, der von einem Ring aus schwarzen Kernen und dem typischen Linienmuster umgeben ist. Die s\u00fc\u00dfen, dunkelgr\u00fcnen Beeren mit einer sch\u00f6nen roten F\u00e4rbung sind im September\/Oktober pfl\u00fcckreif und etwa 3 cm gro\u00df. Die Fr\u00fcchte k\u00f6nnen nicht nur frisch verzehrt, sondern auch auf verschiedene Weise verarbeitet werden, z. B. zu Marmelade oder Kompott. Die in Scheiben geschnittenen Fr\u00fcchte eignen sich auch hervorragend als Garnitur f\u00fcr Vorspeisen oder Desserts. Die Fr\u00fcchte werden auch getrocknet und k\u00f6nnen sogar zur Weinherstellung verwendet werden. Die Kiwitraube ist eine Kletterpflanze, der man am besten hilft, indem man sie an einer Wand, einem Kletterger\u00fcst oder einer Pergola entlangf\u00fchrt. Die Kiwitraube bl\u00fcht im Mai-Juni mit duftenden wei\u00dfen Bl\u00fcten. Sie ist vollkommen winterhart und vertr\u00e4gt Temperaturen bis zu -25 \u00b0C. Pflanzen Sie die Kiwi-Pflanze an einen sonnigen, etwas gesch\u00fctzten Platz.<\/p>\n","protected":false},"excerpt":{"rendered":"<p>Actinidia arguta Bayern Kiwi&#8216; ist eine Kiwi-Beere, die schon in jungen Jahren kleine, glatte, unbehaarte Fr\u00fcchte hervorbringt. Sie ist auch als Mini-Kiwi bekannt. Diese Pflanze ist eine weibliche Variante der Kiwi-Beere. Wenn diese Pflanze von einer m\u00e4nnlichen Variante best\u00e4ubt wird, bildet sie Fr\u00fcchte. Die Fr\u00fcchte der Kiwi-Beere sind viel kleiner als die der gro\u00dfen Kiwi-Pflanzen. [&hellip;]<\/p>\n","protected":false},"featured_media":0,"template":"","meta":{"_acf_changed":false},"product_brand":[],"product_cat":[212],"product_tag":[],"class_list":{"0":"post-1321723","1":"product","2":"type-product","3":"status-publish","5":"product_cat-100-fruit","6":"pa_bloemvruchtkleur-gruen","7":"pa_location-halbschattig","8":"pa_location-sonnig","9":"pa_max-height-28","11":"first","12":"instock","13":"product-type-simple"},"acf":[],"_links":{"self":[{"href":"https:\/\/hoogeveenplants.nl\/de\/wp-json\/wp\/v2\/product\/1321723","targetHints":{"allow":["GET"]}}],"collection":[{"href":"https:\/\/hoogeveenplants.nl\/de\/wp-json\/wp\/v2\/product"}],"about":[{"href":"https:\/\/hoogeveenplants.nl\/de\/wp-json\/wp\/v2\/types\/product"}],"wp:attachment":[{"href":"https:\/\/hoogeveenplants.nl\/de\/wp-json\/wp\/v2\/media?parent=1321723"}],"wp:term":[{"taxonomy":"product_brand","embeddable":true,"href":"https:\/\/hoogeveenplants.nl\/de\/wp-json\/wp\/v2\/product_brand?post=1321723"},{"taxonomy":"product_cat","embeddable":true,"href":"https:\/\/hoogeveenplants.nl\/de\/wp-json\/wp\/v2\/product_cat?post=1321723"},{"taxonomy":"product_tag","embeddable":true,"href":"https:\/\/hoogeveenplants.nl\/de\/wp-json\/wp\/v2\/product_tag?post=1321723"}],"curies":[{"name":"wp","href":"https:\/\/api.w.org\/{rel}","templated":true}]}}