{"id":1321468,"date":"2026-04-14T03:32:08","date_gmt":"2026-04-14T02:32:08","guid":{"rendered":"https:\/\/hoogeveenplants.nl\/p\/clematis-montana-fragrant-spring\/"},"modified":"2026-04-14T03:48:05","modified_gmt":"2026-04-14T02:48:05","slug":"clematis-montana-fragrant-spring","status":"publish","type":"product","link":"https:\/\/hoogeveenplants.nl\/de\/p\/clematis-montana-fragrant-spring\/","title":{"rendered":"Clematis Montana &#8218;Fragrant Spring&#8216;"},"content":{"rendered":"<p>Kleinbl\u00fctige Waldrebe; die Clematis Montana ist eine der am schnellsten wachsenden Clematisarten. Dadurch eignet sich diese Clematis besser f\u00fcr eine Pergola, einen Carport oder zur schnellen Abdeckung gr\u00f6\u00dferer Fl\u00e4chen. Montana-Sorten k\u00f6nnen bis zu 3 bis 4 Meter pro Jahr wachsen und bl\u00fchen sehr fr\u00fch im Fr\u00fchjahr (April\/Mai). Die Montana-Arten eignen sich sehr gut f\u00fcr naturnahe G\u00e4rten und sind im Allgemeinen sehr robust. Es ist am besten, diese Sorte sofort nach der Bl\u00fcte zur\u00fcckzuschneiden. Damit Ihre Clematis besser und attraktiver klettern kann, braucht sie ein wenig Hilfe. Am besten ist es, die Pflanze an einem Gestell, Draht oder Stock nach oben zu f\u00fchren.<\/p>\n","protected":false},"excerpt":{"rendered":"<p>Kleinbl\u00fctige Waldrebe; die Clematis Montana ist eine der am schnellsten wachsenden Clematisarten. Dadurch eignet sich diese Clematis besser f\u00fcr eine Pergola, einen Carport oder zur schnellen Abdeckung gr\u00f6\u00dferer Fl\u00e4chen. Montana-Sorten k\u00f6nnen bis zu 3 bis 4 Meter pro Jahr wachsen und bl\u00fchen sehr fr\u00fch im Fr\u00fchjahr (April\/Mai). Die Montana-Arten eignen sich sehr gut f\u00fcr naturnahe [&hellip;]<\/p>\n","protected":false},"featured_media":0,"template":"","meta":{"_acf_changed":false},"product_brand":[],"product_cat":[71],"product_tag":[],"class_list":{"0":"post-1321468","1":"product","2":"type-product","3":"status-publish","5":"product_cat-upclimbers","6":"pa_bloemvruchtkleur-rosa","7":"pa_location-halbschattig","8":"pa_location-sonnig","9":"pa_max-height-91","11":"first","12":"instock","13":"product-type-simple"},"acf":[],"_links":{"self":[{"href":"https:\/\/hoogeveenplants.nl\/de\/wp-json\/wp\/v2\/product\/1321468","targetHints":{"allow":["GET"]}}],"collection":[{"href":"https:\/\/hoogeveenplants.nl\/de\/wp-json\/wp\/v2\/product"}],"about":[{"href":"https:\/\/hoogeveenplants.nl\/de\/wp-json\/wp\/v2\/types\/product"}],"wp:attachment":[{"href":"https:\/\/hoogeveenplants.nl\/de\/wp-json\/wp\/v2\/media?parent=1321468"}],"wp:term":[{"taxonomy":"product_brand","embeddable":true,"href":"https:\/\/hoogeveenplants.nl\/de\/wp-json\/wp\/v2\/product_brand?post=1321468"},{"taxonomy":"product_cat","embeddable":true,"href":"https:\/\/hoogeveenplants.nl\/de\/wp-json\/wp\/v2\/product_cat?post=1321468"},{"taxonomy":"product_tag","embeddable":true,"href":"https:\/\/hoogeveenplants.nl\/de\/wp-json\/wp\/v2\/product_tag?post=1321468"}],"curies":[{"name":"wp","href":"https:\/\/api.w.org\/{rel}","templated":true}]}}