{"id":1320469,"date":"2026-04-13T03:36:45","date_gmt":"2026-04-13T02:36:45","guid":{"rendered":"https:\/\/hoogeveenplants.nl\/p\/vitis-vinifera-regent-geent-2\/"},"modified":"2026-04-13T03:50:09","modified_gmt":"2026-04-13T02:50:09","slug":"vitis-vinifera-regent-geent-2","status":"publish","type":"product","link":"https:\/\/hoogeveenplants.nl\/de\/p\/vitis-vinifera-regent-geent-2\/","title":{"rendered":"Vitis vinifera &#8218;Regent&#8216; (ge\u00ebnt)"},"content":{"rendered":"<p>Vitis Regent&#8216; ist eine s\u00fc\u00dfe, blaue Rebsorte, die sowohl f\u00fcr den Verzehr als auch f\u00fcr die Weinherstellung geeignet ist. Ihre gute Resistenz gegen Krankheiten wie Mehltau macht sie sehr geeignet f\u00fcr den Anbau im eigenen Garten. Der &#8222;Vitis Regent&#8220; hat seinen Ursprung in Deutschland. Sie ist eine fr\u00fch reifende Sorte und daher auch f\u00fcr k\u00e4ltere Klimazonen sehr gut geeignet. Sie ist eine Kletterpflanze, die mehrere Meter hoch werden kann. Man kann ihn in alle m\u00f6glichen Formen bringen und ihn durch einen guten Schnitt sehr kompakt halten. Sie k\u00f6nnen die Traube einfach entlang einer Pergola oder an einer Wand mit Spanndr\u00e4hten f\u00fchren. Die Traube bildet im Mai-Juni zun\u00e4chst unscheinbare Bl\u00fctentrauben aus, aus denen sich dann die Trauben bilden. Die Fr\u00fcchte sind blau und haben einen s\u00fc\u00dfen, aromatischen Geschmack. Man kann sie direkt essen oder zu Marmelade, Saft oder Wein verarbeiten. Die Traubenpflanze braucht viel Sonne, um zu reifen, und liebt die W\u00e4rme, so dass ein nach S\u00fcden ausgerichteter Standort ideal ist. Die Trauben k\u00f6nnen ab Mitte September geerntet werden. Der Boden sollte gut durchl\u00e4ssig und n\u00e4hrstoffreich sein und m\u00f6glichst nicht zu sauer, sondern eher kalkhaltig. Durch das Beschneiden wird der Fruchtertrag erh\u00f6ht und die Pflanze sieht auch gepflegter aus. Am besten ist es, die Pflanze zwischen November und Februar zu beschneiden, aber nicht bei strengem Frost. \u00dcberfl\u00fcssige Seiten- und Haupt\u00e4ste beschneiden. Diese Rebsorte ist widerstandsf\u00e4hig und kann Temperaturen von bis zu -20 Grad standhalten.<\/p>\n","protected":false},"excerpt":{"rendered":"<p>Vitis Regent&#8216; ist eine s\u00fc\u00dfe, blaue Rebsorte, die sowohl f\u00fcr den Verzehr als auch f\u00fcr die Weinherstellung geeignet ist. Ihre gute Resistenz gegen Krankheiten wie Mehltau macht sie sehr geeignet f\u00fcr den Anbau im eigenen Garten. Der &#8222;Vitis Regent&#8220; hat seinen Ursprung in Deutschland. Sie ist eine fr\u00fch reifende Sorte und daher auch f\u00fcr k\u00e4ltere [&hellip;]<\/p>\n","protected":false},"featured_media":0,"template":"","meta":{"_acf_changed":false},"product_brand":[],"product_cat":[212],"product_tag":[],"class_list":{"0":"post-1320469","1":"product","2":"type-product","3":"status-publish","5":"product_cat-100-fruit","6":"pa_bloemvruchtkleur-blau","7":"pa_location-halbschattig","8":"pa_location-sonnig","9":"pa_max-height-56","11":"first","12":"instock","13":"product-type-simple"},"acf":[],"_links":{"self":[{"href":"https:\/\/hoogeveenplants.nl\/de\/wp-json\/wp\/v2\/product\/1320469","targetHints":{"allow":["GET"]}}],"collection":[{"href":"https:\/\/hoogeveenplants.nl\/de\/wp-json\/wp\/v2\/product"}],"about":[{"href":"https:\/\/hoogeveenplants.nl\/de\/wp-json\/wp\/v2\/types\/product"}],"wp:attachment":[{"href":"https:\/\/hoogeveenplants.nl\/de\/wp-json\/wp\/v2\/media?parent=1320469"}],"wp:term":[{"taxonomy":"product_brand","embeddable":true,"href":"https:\/\/hoogeveenplants.nl\/de\/wp-json\/wp\/v2\/product_brand?post=1320469"},{"taxonomy":"product_cat","embeddable":true,"href":"https:\/\/hoogeveenplants.nl\/de\/wp-json\/wp\/v2\/product_cat?post=1320469"},{"taxonomy":"product_tag","embeddable":true,"href":"https:\/\/hoogeveenplants.nl\/de\/wp-json\/wp\/v2\/product_tag?post=1320469"}],"curies":[{"name":"wp","href":"https:\/\/api.w.org\/{rel}","templated":true}]}}