{"id":1320375,"date":"2026-04-13T03:34:48","date_gmt":"2026-04-13T02:34:48","guid":{"rendered":"https:\/\/hoogeveenplants.nl\/p\/rubus-fruticosus-thornless-evergreen\/"},"modified":"2026-04-13T03:48:44","modified_gmt":"2026-04-13T02:48:44","slug":"rubus-fruticosus-thornless-evergreen-2","status":"publish","type":"product","link":"https:\/\/hoogeveenplants.nl\/de\/p\/rubus-fruticosus-thornless-evergreen-2\/","title":{"rendered":"Rubus fruticosus &#8218;Thornless Evergreen&#8216;"},"content":{"rendered":"<p>Rubus Fruticosus Thornless Evergreen&#8216; ist ein dornenloser Kletterstrauch. Beim Pfl\u00fccken der Fr\u00fcchte sind keine Dornen im Weg, was sie besonders f\u00fcr einen kinderfreundlichen Garten geeignet macht. Die Brombeere bl\u00fcht im Mai und Juni mit kleinen wei\u00dfen Bl\u00fcten. Die Fr\u00fcchte sind von August bis zum Frost pfl\u00fcckreif. Brombeeren sind zun\u00e4chst gr\u00fcn, dann werden sie rot und schlie\u00dflich nehmen sie diese sch\u00f6ne dunkelviolett-schwarze Farbe an. Sie sind reich an Mineralien und s\u00fc\u00df. Die Brombeere bevorzugt einen sonnigen Standort. Je mehr Sonne er bekommt, desto mehr Fr\u00fcchte wird er tragen. Sie k\u00f6nnen die Pflanze zur Abdeckung einer Mauer, eines Kletterger\u00fcsts oder als Hecke verwenden. Die Brombeere braucht Hilfe beim Klettern mit Hilfe eines Drahts oder eines Kletterger\u00fcsts. Sie mag humusreichen Boden. Die Brombeere verliert im Winter ihre Bl\u00e4tter. Schneiden Sie regelm\u00e4\u00dfig, sowohl im Fr\u00fchjahr als auch im Herbst. Nach der Ernte sollten die Zweige, die Fr\u00fcchte getragen haben, vollst\u00e4ndig abgeschnitten werden.<\/p>\n","protected":false},"excerpt":{"rendered":"<p>Rubus Fruticosus Thornless Evergreen&#8216; ist ein dornenloser Kletterstrauch. Beim Pfl\u00fccken der Fr\u00fcchte sind keine Dornen im Weg, was sie besonders f\u00fcr einen kinderfreundlichen Garten geeignet macht. Die Brombeere bl\u00fcht im Mai und Juni mit kleinen wei\u00dfen Bl\u00fcten. Die Fr\u00fcchte sind von August bis zum Frost pfl\u00fcckreif. Brombeeren sind zun\u00e4chst gr\u00fcn, dann werden sie rot und [&hellip;]<\/p>\n","protected":false},"featured_media":0,"template":"","meta":{"_acf_changed":false},"product_brand":[],"product_cat":[212],"product_tag":[],"class_list":{"0":"post-1320375","1":"product","2":"type-product","3":"status-publish","5":"product_cat-100-fruit","6":"pa_bloemvruchtkleur-schwarz","7":"pa_location-halbschattig","8":"pa_location-sonnig","9":"pa_max-height-36","11":"first","12":"instock","13":"product-type-simple"},"acf":[],"_links":{"self":[{"href":"https:\/\/hoogeveenplants.nl\/de\/wp-json\/wp\/v2\/product\/1320375","targetHints":{"allow":["GET"]}}],"collection":[{"href":"https:\/\/hoogeveenplants.nl\/de\/wp-json\/wp\/v2\/product"}],"about":[{"href":"https:\/\/hoogeveenplants.nl\/de\/wp-json\/wp\/v2\/types\/product"}],"wp:attachment":[{"href":"https:\/\/hoogeveenplants.nl\/de\/wp-json\/wp\/v2\/media?parent=1320375"}],"wp:term":[{"taxonomy":"product_brand","embeddable":true,"href":"https:\/\/hoogeveenplants.nl\/de\/wp-json\/wp\/v2\/product_brand?post=1320375"},{"taxonomy":"product_cat","embeddable":true,"href":"https:\/\/hoogeveenplants.nl\/de\/wp-json\/wp\/v2\/product_cat?post=1320375"},{"taxonomy":"product_tag","embeddable":true,"href":"https:\/\/hoogeveenplants.nl\/de\/wp-json\/wp\/v2\/product_tag?post=1320375"}],"curies":[{"name":"wp","href":"https:\/\/api.w.org\/{rel}","templated":true}]}}