{"id":1320223,"date":"2026-04-13T03:32:11","date_gmt":"2026-04-13T02:32:11","guid":{"rendered":"https:\/\/hoogeveenplants.nl\/p\/clematis-montana-grandiflora\/"},"modified":"2026-04-13T03:48:06","modified_gmt":"2026-04-13T02:48:06","slug":"clematis-montana-grandiflora","status":"publish","type":"product","link":"https:\/\/hoogeveenplants.nl\/de\/p\/clematis-montana-grandiflora\/","title":{"rendered":"Clematis Montana &#8218;Grandiflora&#8216;"},"content":{"rendered":"<p>Clematis Montana Grandiflora&#8216; ist eine kleinbl\u00fctige, aber reich bl\u00fchende Waldrebe, die im Fr\u00fchjahr eine F\u00fclle von wei\u00dfen, duftenden Bl\u00fcten hervorbringt. Die Clematis w\u00e4chst schnell und bildet mehr und l\u00e4ngere Ranken als die meisten Clematis. Die Kletterpflanze eignet sich hervorragend f\u00fcr eine Pergola, aber auch an einer Mauer, einem Zaun oder einem Regal. Beim Klettern braucht er etwas Hilfe, da er sich nicht selbst festh\u00e4lt. Sie k\u00f6nnen sie also um einen Draht oder ein Netz herumf\u00fchren. Ein sch\u00f6nes und auff\u00e4lliges Merkmal ist das Blatt, das sich im Herbst f\u00e4rbt. Kalte Temperaturen sind f\u00fcr die robuste Kletterpflanze kein Problem. Stellen Sie die Clematis in die volle Sonne oder in den Halbschatten. Wenn die Clematis in der prallen Sonne steht, ist es wichtig, dass die Wurzeln nicht in der Sonne stehen. Bedecken Sie den Wurzelballen gut und pflanzen Sie ihn 10 bis 15 cm tief ein. Nach der Bl\u00fctezeit kann die Pflanze auf 50 cm zur\u00fcckgeschnitten werden. Das Beschneiden h\u00e4lt die Pflanze jung und in Form, aber es ist nicht notwendig, sie zu beschneiden.<\/p>\n","protected":false},"excerpt":{"rendered":"<p>Clematis Montana Grandiflora&#8216; ist eine kleinbl\u00fctige, aber reich bl\u00fchende Waldrebe, die im Fr\u00fchjahr eine F\u00fclle von wei\u00dfen, duftenden Bl\u00fcten hervorbringt. Die Clematis w\u00e4chst schnell und bildet mehr und l\u00e4ngere Ranken als die meisten Clematis. Die Kletterpflanze eignet sich hervorragend f\u00fcr eine Pergola, aber auch an einer Mauer, einem Zaun oder einem Regal. Beim Klettern braucht [&hellip;]<\/p>\n","protected":false},"featured_media":0,"template":"","meta":{"_acf_changed":false},"product_brand":[],"product_cat":[71],"product_tag":[],"class_list":{"0":"post-1320223","1":"product","2":"type-product","3":"status-publish","5":"product_cat-upclimbers","6":"pa_bloemvruchtkleur-weiss","7":"pa_location-halbschattig","8":"pa_location-sonnig","9":"pa_max-height-91","11":"first","12":"instock","13":"product-type-simple"},"acf":[],"_links":{"self":[{"href":"https:\/\/hoogeveenplants.nl\/de\/wp-json\/wp\/v2\/product\/1320223","targetHints":{"allow":["GET"]}}],"collection":[{"href":"https:\/\/hoogeveenplants.nl\/de\/wp-json\/wp\/v2\/product"}],"about":[{"href":"https:\/\/hoogeveenplants.nl\/de\/wp-json\/wp\/v2\/types\/product"}],"wp:attachment":[{"href":"https:\/\/hoogeveenplants.nl\/de\/wp-json\/wp\/v2\/media?parent=1320223"}],"wp:term":[{"taxonomy":"product_brand","embeddable":true,"href":"https:\/\/hoogeveenplants.nl\/de\/wp-json\/wp\/v2\/product_brand?post=1320223"},{"taxonomy":"product_cat","embeddable":true,"href":"https:\/\/hoogeveenplants.nl\/de\/wp-json\/wp\/v2\/product_cat?post=1320223"},{"taxonomy":"product_tag","embeddable":true,"href":"https:\/\/hoogeveenplants.nl\/de\/wp-json\/wp\/v2\/product_tag?post=1320223"}],"curies":[{"name":"wp","href":"https:\/\/api.w.org\/{rel}","templated":true}]}}