{"id":1319123,"date":"2026-04-12T03:34:27","date_gmt":"2026-04-12T02:34:27","guid":{"rendered":"https:\/\/hoogeveenplants.nl\/p\/rubus-idaeus-heritage\/"},"modified":"2026-04-12T03:48:46","modified_gmt":"2026-04-12T02:48:46","slug":"rubus-idaeus-heritage","status":"publish","type":"product","link":"https:\/\/hoogeveenplants.nl\/de\/p\/rubus-idaeus-heritage\/","title":{"rendered":"Rubus idaeus &#8218;Heritage&#8216;"},"content":{"rendered":"<p>Rubus Idaeus Heritage&#8216; ist eine Herbsthimbeere und tr\u00e4gt daher im Herbst Fr\u00fcchte. Die Bl\u00fcte dieses Strauches beginnt Ende Mai mit wei\u00dfen Bl\u00fcten und wird dann reichlich von Bienen und Hummeln best\u00e4ubt. Die Fr\u00fcchte k\u00f6nnen von Ende August bis Anfang Oktober geerntet werden. Die Fr\u00fcchte sind leuchtend rot und etwas kleiner als andere Himbeersorten, haben aber einen guten Geschmack. Die Himbeere kann frisch verzehrt, aber auch eingefroren oder zu k\u00f6stlicher Marmelade oder Lik\u00f6r verarbeitet werden. Die Frucht ist sehr gesund, da sie reich an Antioxidantien, Mineralien und Vitaminen ist. Diese Art ist sehr produktiv, eine gute Ernte ist also garantiert! Nach der Ernte ist es ratsam, die Zweige, die Fr\u00fcchte getragen haben, zu entfernen, damit im neuen Jahr neue junge Zweige wachsen k\u00f6nnen. Rubus idaeus Heritage&#8216; bevorzugt einen sonnigen Standort in einem fruchtbaren, humusreichen Boden. Er bevorzugt einen Standort in der N\u00e4he eines Gitters oder Zauns, damit die eher schlaffen St\u00e4mme des Strauchs befestigt werden k\u00f6nnen.<\/p>\n","protected":false},"excerpt":{"rendered":"<p>Rubus Idaeus Heritage&#8216; ist eine Herbsthimbeere und tr\u00e4gt daher im Herbst Fr\u00fcchte. Die Bl\u00fcte dieses Strauches beginnt Ende Mai mit wei\u00dfen Bl\u00fcten und wird dann reichlich von Bienen und Hummeln best\u00e4ubt. Die Fr\u00fcchte k\u00f6nnen von Ende August bis Anfang Oktober geerntet werden. Die Fr\u00fcchte sind leuchtend rot und etwas kleiner als andere Himbeersorten, haben aber [&hellip;]<\/p>\n","protected":false},"featured_media":0,"template":"","meta":{"_acf_changed":false},"product_brand":[],"product_cat":[212],"product_tag":[],"class_list":{"0":"post-1319123","1":"product","2":"type-product","3":"status-publish","5":"product_cat-100-fruit","6":"pa_bloemvruchtkleur-rot","7":"pa_location-halbschattig","8":"pa_location-sonnig","9":"pa_max-height-17","11":"first","12":"instock","13":"product-type-simple"},"acf":[],"_links":{"self":[{"href":"https:\/\/hoogeveenplants.nl\/de\/wp-json\/wp\/v2\/product\/1319123","targetHints":{"allow":["GET"]}}],"collection":[{"href":"https:\/\/hoogeveenplants.nl\/de\/wp-json\/wp\/v2\/product"}],"about":[{"href":"https:\/\/hoogeveenplants.nl\/de\/wp-json\/wp\/v2\/types\/product"}],"wp:attachment":[{"href":"https:\/\/hoogeveenplants.nl\/de\/wp-json\/wp\/v2\/media?parent=1319123"}],"wp:term":[{"taxonomy":"product_brand","embeddable":true,"href":"https:\/\/hoogeveenplants.nl\/de\/wp-json\/wp\/v2\/product_brand?post=1319123"},{"taxonomy":"product_cat","embeddable":true,"href":"https:\/\/hoogeveenplants.nl\/de\/wp-json\/wp\/v2\/product_cat?post=1319123"},{"taxonomy":"product_tag","embeddable":true,"href":"https:\/\/hoogeveenplants.nl\/de\/wp-json\/wp\/v2\/product_tag?post=1319123"}],"curies":[{"name":"wp","href":"https:\/\/api.w.org\/{rel}","templated":true}]}}